{"id":7677,"date":"2024-04-12T11:36:33","date_gmt":"2024-04-12T11:36:33","guid":{"rendered":"https:\/\/alumni.sze.hu\/en\/?page_id=7677"},"modified":"2024-05-06T10:48:40","modified_gmt":"2024-05-06T10:48:40","slug":"sze-services","status":"publish","type":"page","link":"https:\/\/alumni.sze.hu\/en\/sze-services\/","title":{"rendered":"SZE Services"},"content":{"rendered":"\n<!DOCTYPE html>\n<html lang=\"en\">\n<head>\n  <meta charset=\"UTF-8\">\n  <meta name=\"viewport\" content=\"width=device-width, initial-scale=1.0\">\n  <style>\n.flipcard-container {\n  display: flex;\n  flex-wrap: wrap;\n  justify-content: center;\n  gap: 20px;\n}\n\n.flip-card {\n  background-color: transparent;\n  width: 300px; \/* Set width to match image *\/\n  height: 300px; \/* Set height to match image *\/\n  padding: 10px;\n  perspective: 1000px;\n  box-sizing: border-box;\n}\n\n.flip-card-inner {\n  position: relative;\n  width: 100%;\n  height: 100%;\n  text-align: center;\n  transition: transform 0.6s;\n  transform-style: preserve-3d;\n  display: flex;\n  justify-content: center;\n  align-items: center;\n  box-sizing: border-box;\n}\n\n.flip-card:hover .flip-card-inner {\n  transform: rotateY(180deg);\n}\n\n.flip-card-front, .flip-card-back {\n  position: absolute;\n  width: 100%;\n  height: 100%;\n  -webkit-backface-visibility: hidden;\n  backface-visibility: hidden;\n}\n\n.flip-card-front img, .flip-card-back img {\n  width: 100%; \/* Ensure image fills container *\/\n  height: 100%; \/* Ensure image fills container *\/\n}\n\n.btn-theme-primary {\n  background-color: #5bccbf;\n  color: #ffffff;\n  text-decoration: none;\n  padding: 10px 20px;\n  border-radius: 5px;\n}\n.btn-theme-primary:hover{\n  color: #333333;\n}\n\nh1 {\n  font-size: 24px;\n  color: white;\n}\n\np{\n    font-size: 18px;\n    padding: 0 10px 0 10px;\n    color: white;\n}\n\n.flip-card-front {\n  background-color: #bbb;\n  color: black;\n}\n\n.flip-card-back {\n  background-color: #00a99d;\n  color: white;\n  transform: rotateY(180deg);\n  display: flex;\n  flex-direction: column;\n  justify-content: center;\n  align-items: center;\n}\n\n  <\/style>\n<\/head>\n<body><div class=\"flipcard-container\">\n  <div class=\"flip-card 1\">\n    <div class=\"flip-card-inner\">\n      <div class=\"flip-card-front\">\n        <img decoding=\"async\" src=\"https:\/\/alumni.sze.hu\/en\/wp-content\/uploads\/2024\/04\/restaurants-1.jpg\" alt=\"\">\n      <\/div>\n      <div class=\"flip-card-back\">\n        <h1>Restaurants and caf\u00e9s<\/h1>\n        <p>Revitalize at the restaurants and caf\u00e9s offered by Sz\u00e9chenyi Istv\u00e1n University!<\/p>\n        <a href=\"https:\/\/alumni.sze.hu\/en\/restaurants-and-cafes\/\" class=\"btn btn-theme-primary btn-lg\">Read more<\/a>\n      <\/div>\n    <\/div>\n  <\/div>\n  <div class=\"flip-card 2\">\n    <div class=\"flip-card-inner\">\n      <div class=\"flip-card-front\">\n        <img decoding=\"async\" src=\"https:\/\/alumni.sze.hu\/en\/wp-content\/uploads\/2024\/04\/accommodation.jpg\" alt=\"\">\n      <\/div>\n      <div class=\"flip-card-back\">\n        <h1>Accommodation<\/h1>\n        <p>Accommodation facilities offered near the Campus!<\/p>\n        <a href=\"https:\/\/alumni.sze.hu\/en\/accommodation\/\" class=\"btn btn-theme-primary btn-lg\">Read more<\/a>\n      <\/div>\n    <\/div>\n  <\/div>\n  <div class=\"flip-card 3\">\n    <div class=\"flip-card-inner\">\n      <div class=\"flip-card-front\">\n        <img decoding=\"async\" src=\"https:\/\/alumni.sze.hu\/en\/wp-content\/uploads\/2024\/04\/event-1.jpg\" alt=\"\">\n      <\/div>\n      <div class=\"flip-card-back\">\n        <h1>Event organisation<\/h1>\n        <p>Opportunities to rent venues for hosting events, conferences, lectures and exhibitions.<\/p>\n        <a href=\"https:\/\/alumni.sze.hu\/en\/event-organisation\/\" class=\"btn btn-theme-primary btn-lg\">Read more<\/a>\n      <\/div>\n    <\/div>\n  <\/div>\n  <div class=\"flip-card 4\">\n      <div class=\"flip-card-inner\">\n        <div class=\"flip-card-front\">\n          <img decoding=\"async\" src=\"https:\/\/alumni.sze.hu\/en\/wp-content\/uploads\/2024\/04\/sport-1.jpg\" alt=\"\">\n        <\/div>\n        <div class=\"flip-card-back\">\n          <h1>Sport Facility Rental<\/h1>\n          <p>Explore the sports facilities and recharge by active relaxation!<\/p>\n          <a href=\"https:\/\/alumni.sze.hu\/en\/sport-facilitites-rental\/\" class=\"btn btn-theme-primary btn-lg\">Read more<\/a>\n        <\/div>\n      <\/div>\n    <\/div>\n  <div class=\"flip-card 5\">\n      <div class=\"flip-card-inner\">\n        <div class=\"flip-card-front\">\n          <img decoding=\"async\" src=\"https:\/\/alumni.sze.hu\/en\/wp-content\/uploads\/2024\/04\/media-1.jpg\" alt=\"\">\n        <\/div>\n        <div class=\"flip-card-back\">\n          <h1>Media<\/h1>\n          <p>Discover our creative portfolios for graphic design, studios and advertising services!<\/p>\n          <a href=\"https:\/\/alumni.sze.hu\/en\/media-services\/\" class=\"btn btn-theme-primary btn-lg\">Read more<\/a>\n        <\/div>\n      <\/div>\n    <\/div>\n  <div class=\"flip-card 6\">\n      <div class=\"flip-card-inner\">\n        <div class=\"flip-card-front\">\n          <img decoding=\"async\" src=\"https:\/\/alumni.sze.hu\/en\/wp-content\/uploads\/2024\/04\/competence-1.jpg\" alt=\"\">\n        <\/div>\n        <div class=\"flip-card-back\">\n          <h1>Competence centre<\/h1>\n          <p>Utilize the competance cetres offered by Sz\u00e9chenyi Istv\u00e1n University.<\/p>\n          <a href=\"https:\/\/admissions.sze.hu\/competence-centres\" class=\"btn btn-theme-primary btn-lg\">Read more<\/a>\n        <\/div>\n      <\/div>\n    <\/div>\n  <div class=\"flip-card 7\">\n      <div class=\"flip-card-inner\">\n        <div class=\"flip-card-front\">\n          <img decoding=\"async\" src=\"https:\/\/alumni.sze.hu\/en\/wp-content\/uploads\/2024\/04\/library-1.jpg\" alt=\"\">\n        <\/div>\n        <div class=\"flip-card-back\">\n          <h1>Library &#8211; Database<\/h1>\n          <p>Enjoy the services provided by the libraries of Istv\u00e1n Sz\u00e9chenyi University!<\/p>\n          <a href=\"https:\/\/lib.sze.hu\/en_GB\/home\" class=\"btn btn-theme-primary btn-lg\">Read more<\/a>\n        <\/div>\n      <\/div>\n    <\/div>\n  <div class=\"flip-card 8\">\n      <div class=\"flip-card-inner\">\n        <div class=\"flip-card-front\">\n          <img decoding=\"async\" src=\"https:\/\/alumni.sze.hu\/en\/wp-content\/uploads\/2024\/04\/languages-1.jpg\" alt=\"\">\n        <\/div>\n        <div class=\"flip-card-back\">\n          <h1>Foreign langugage center<\/h1>\n          <p>A wide range of services offered by our Foreign Language Education Centre.<\/p>\n          <a href=\"https:\/\/alumni.sze.hu\/en\/foreign-language-services\/\" class=\"btn btn-theme-primary btn-lg\">Read more<\/a>\n        <\/div>\n      <\/div>\n    <\/div>\n  <div class=\"flip-card 9\">\n      <div class=\"flip-card-inner\">\n        <div class=\"flip-card-front\">\n          <img decoding=\"async\" src=\"https:\/\/alumni.sze.hu\/en\/wp-content\/uploads\/2024\/04\/rdi-1.jpg\" alt=\"\">\n        <\/div>\n        <div class=\"flip-card-back\">\n          <h1>R&#038;D&#038;I<\/h1>\n          <p>Discover intellectual capacities and expert research services tailored to your needs!<\/p>\n          <a href=\"https:\/\/admissions.sze.hu\/competence-centres\" class=\"btn btn-theme-primary btn-lg\">Read more<\/a>\n        <\/div>\n      <\/div>\n    <\/div>\n<\/div>\n<\/html>\n","protected":false},"excerpt":{"rendered":"<p>Restaurants and caf\u00e9s Revitalize at the restaurants and caf\u00e9s offered by Sz\u00e9chenyi Istv\u00e1n University! Read more Accommodation Accommodation facilities offered near the Campus! Read more Event organisation Opportunities to rent &#8230;<\/p>\n","protected":false},"author":12,"featured_media":0,"parent":0,"menu_order":0,"comment_status":"closed","ping_status":"closed","template":"","meta":{"footnotes":""},"class_list":["post-7677","page","type-page","status-publish","hentry"],"yoast_head":"<!-- This site is optimized with the Yoast SEO plugin v17.8 - https:\/\/yoast.com\/wordpress\/plugins\/seo\/ -->\n<title>SZE Services - SZE Alumni \u2013 Sz\u00e9chenyi Istv\u00e1n Egyetem<\/title>\n<meta name=\"robots\" content=\"index, follow, max-snippet:-1, max-image-preview:large, max-video-preview:-1\" \/>\n<link rel=\"canonical\" href=\"https:\/\/alumni.sze.hu\/en\/sze-services\/\" \/>\n<meta property=\"og:locale\" content=\"hu_HU\" \/>\n<meta property=\"og:type\" content=\"article\" \/>\n<meta property=\"og:title\" content=\"SZE Services - SZE Alumni \u2013 Sz\u00e9chenyi Istv\u00e1n Egyetem\" \/>\n<meta property=\"og:description\" content=\"Restaurants and caf\u00e9s Revitalize at the restaurants and caf\u00e9s offered by Sz\u00e9chenyi Istv\u00e1n University! Read more Accommodation Accommodation facilities offered near the Campus! Read more Event organisation Opportunities to rent ...\" \/>\n<meta property=\"og:url\" content=\"https:\/\/alumni.sze.hu\/en\/sze-services\/\" \/>\n<meta property=\"og:site_name\" content=\"SZE Alumni \u2013 Sz\u00e9chenyi Istv\u00e1n Egyetem\" \/>\n<meta property=\"article:modified_time\" content=\"2024-05-06T10:48:40+00:00\" \/>\n<meta property=\"og:image\" content=\"https:\/\/alumni.sze.hu\/en\/wp-content\/uploads\/2024\/04\/restaurants-1.jpg\" \/>\n<meta name=\"twitter:card\" content=\"summary_large_image\" \/>\n<meta name=\"twitter:label1\" content=\"Becs\u00fclt olvas\u00e1si id\u0151\" \/>\n\t<meta name=\"twitter:data1\" content=\"1 perc\" \/>\n<script type=\"application\/ld+json\" class=\"yoast-schema-graph\">{\"@context\":\"https:\/\/schema.org\",\"@graph\":[{\"@type\":\"WebSite\",\"@id\":\"https:\/\/alumni.sze.hu\/en\/#website\",\"url\":\"https:\/\/alumni.sze.hu\/en\/\",\"name\":\"SZE Alumni \\u2013 Sz\\u00e9chenyi Istv\\u00e1n Egyetem\",\"description\":\"SZE Alumni \\u2013 Sz\\u00e9chenyi Istv\\u00e1n Egyetem\",\"potentialAction\":[{\"@type\":\"SearchAction\",\"target\":{\"@type\":\"EntryPoint\",\"urlTemplate\":\"https:\/\/alumni.sze.hu\/en\/?s={search_term_string}\"},\"query-input\":\"required name=search_term_string\"}],\"inLanguage\":\"hu\"},{\"@type\":\"ImageObject\",\"@id\":\"https:\/\/alumni.sze.hu\/en\/sze-services\/#primaryimage\",\"inLanguage\":\"hu\",\"url\":\"https:\/\/alumni.sze.hu\/en\/wp-content\/uploads\/2024\/04\/restaurants-1.jpg\",\"contentUrl\":\"https:\/\/alumni.sze.hu\/en\/wp-content\/uploads\/2024\/04\/restaurants-1.jpg\",\"width\":300,\"height\":300},{\"@type\":\"WebPage\",\"@id\":\"https:\/\/alumni.sze.hu\/en\/sze-services\/#webpage\",\"url\":\"https:\/\/alumni.sze.hu\/en\/sze-services\/\",\"name\":\"SZE Services - SZE Alumni \\u2013 Sz\\u00e9chenyi Istv\\u00e1n Egyetem\",\"isPartOf\":{\"@id\":\"https:\/\/alumni.sze.hu\/en\/#website\"},\"primaryImageOfPage\":{\"@id\":\"https:\/\/alumni.sze.hu\/en\/sze-services\/#primaryimage\"},\"datePublished\":\"2024-04-12T11:36:33+00:00\",\"dateModified\":\"2024-05-06T10:48:40+00:00\",\"breadcrumb\":{\"@id\":\"https:\/\/alumni.sze.hu\/en\/sze-services\/#breadcrumb\"},\"inLanguage\":\"hu\",\"potentialAction\":[{\"@type\":\"ReadAction\",\"target\":[\"https:\/\/alumni.sze.hu\/en\/sze-services\/\"]}]},{\"@type\":\"BreadcrumbList\",\"@id\":\"https:\/\/alumni.sze.hu\/en\/sze-services\/#breadcrumb\",\"itemListElement\":[{\"@type\":\"ListItem\",\"position\":1,\"name\":\"Homepage\",\"item\":\"https:\/\/alumni.sze.hu\/en\/\"},{\"@type\":\"ListItem\",\"position\":2,\"name\":\"SZE Services\"}]}]}<\/script>\n<!-- \/ Yoast SEO plugin. -->","yoast_head_json":{"title":"SZE Services - SZE Alumni \u2013 Sz\u00e9chenyi Istv\u00e1n Egyetem","robots":{"index":"index","follow":"follow","max-snippet":"max-snippet:-1","max-image-preview":"max-image-preview:large","max-video-preview":"max-video-preview:-1"},"canonical":"https:\/\/alumni.sze.hu\/en\/sze-services\/","og_locale":"hu_HU","og_type":"article","og_title":"SZE Services - SZE Alumni \u2013 Sz\u00e9chenyi Istv\u00e1n Egyetem","og_description":"Restaurants and caf\u00e9s Revitalize at the restaurants and caf\u00e9s offered by Sz\u00e9chenyi Istv\u00e1n University! Read more Accommodation Accommodation facilities offered near the Campus! Read more Event organisation Opportunities to rent ...","og_url":"https:\/\/alumni.sze.hu\/en\/sze-services\/","og_site_name":"SZE Alumni \u2013 Sz\u00e9chenyi Istv\u00e1n Egyetem","article_modified_time":"2024-05-06T10:48:40+00:00","og_image":[{"url":"https:\/\/alumni.sze.hu\/en\/wp-content\/uploads\/2024\/04\/restaurants-1.jpg"}],"twitter_card":"summary_large_image","twitter_misc":{"Becs\u00fclt olvas\u00e1si id\u0151":"1 perc"},"schema":{"@context":"https:\/\/schema.org","@graph":[{"@type":"WebSite","@id":"https:\/\/alumni.sze.hu\/en\/#website","url":"https:\/\/alumni.sze.hu\/en\/","name":"SZE Alumni \u2013 Sz\u00e9chenyi Istv\u00e1n Egyetem","description":"SZE Alumni \u2013 Sz\u00e9chenyi Istv\u00e1n Egyetem","potentialAction":[{"@type":"SearchAction","target":{"@type":"EntryPoint","urlTemplate":"https:\/\/alumni.sze.hu\/en\/?s={search_term_string}"},"query-input":"required name=search_term_string"}],"inLanguage":"hu"},{"@type":"ImageObject","@id":"https:\/\/alumni.sze.hu\/en\/sze-services\/#primaryimage","inLanguage":"hu","url":"https:\/\/alumni.sze.hu\/en\/wp-content\/uploads\/2024\/04\/restaurants-1.jpg","contentUrl":"https:\/\/alumni.sze.hu\/en\/wp-content\/uploads\/2024\/04\/restaurants-1.jpg","width":300,"height":300},{"@type":"WebPage","@id":"https:\/\/alumni.sze.hu\/en\/sze-services\/#webpage","url":"https:\/\/alumni.sze.hu\/en\/sze-services\/","name":"SZE Services - SZE Alumni \u2013 Sz\u00e9chenyi Istv\u00e1n Egyetem","isPartOf":{"@id":"https:\/\/alumni.sze.hu\/en\/#website"},"primaryImageOfPage":{"@id":"https:\/\/alumni.sze.hu\/en\/sze-services\/#primaryimage"},"datePublished":"2024-04-12T11:36:33+00:00","dateModified":"2024-05-06T10:48:40+00:00","breadcrumb":{"@id":"https:\/\/alumni.sze.hu\/en\/sze-services\/#breadcrumb"},"inLanguage":"hu","potentialAction":[{"@type":"ReadAction","target":["https:\/\/alumni.sze.hu\/en\/sze-services\/"]}]},{"@type":"BreadcrumbList","@id":"https:\/\/alumni.sze.hu\/en\/sze-services\/#breadcrumb","itemListElement":[{"@type":"ListItem","position":1,"name":"Homepage","item":"https:\/\/alumni.sze.hu\/en\/"},{"@type":"ListItem","position":2,"name":"SZE Services"}]}]}},"_links":{"self":[{"href":"https:\/\/alumni.sze.hu\/en\/wp-json\/wp\/v2\/pages\/7677","targetHints":{"allow":["GET"]}}],"collection":[{"href":"https:\/\/alumni.sze.hu\/en\/wp-json\/wp\/v2\/pages"}],"about":[{"href":"https:\/\/alumni.sze.hu\/en\/wp-json\/wp\/v2\/types\/page"}],"author":[{"embeddable":true,"href":"https:\/\/alumni.sze.hu\/en\/wp-json\/wp\/v2\/users\/12"}],"replies":[{"embeddable":true,"href":"https:\/\/alumni.sze.hu\/en\/wp-json\/wp\/v2\/comments?post=7677"}],"version-history":[{"count":69,"href":"https:\/\/alumni.sze.hu\/en\/wp-json\/wp\/v2\/pages\/7677\/revisions"}],"predecessor-version":[{"id":7821,"href":"https:\/\/alumni.sze.hu\/en\/wp-json\/wp\/v2\/pages\/7677\/revisions\/7821"}],"wp:attachment":[{"href":"https:\/\/alumni.sze.hu\/en\/wp-json\/wp\/v2\/media?parent=7677"}],"curies":[{"name":"wp","href":"https:\/\/api.w.org\/{rel}","templated":true}]}}