{"id":6875,"date":"2023-11-14T06:54:28","date_gmt":"2023-11-14T06:54:28","guid":{"rendered":"https:\/\/alumni.sze.hu\/en1\/?page_id=6875"},"modified":"2026-02-02T08:33:55","modified_gmt":"2026-02-02T08:33:55","slug":"alumni-portraits","status":"publish","type":"page","link":"https:\/\/alumni.sze.hu\/en\/alumni-portraits\/","title":{"rendered":"Alumni Portraits"},"content":{"rendered":"\n<head>\n    <style>\n        #responsive-profile-grid {\n            display: grid;\n            grid-template-columns: repeat(3, 1fr);\n            gap: 20px;\n            width: 100%;\n            padding: 20px;\n            box-sizing: border-box;\n        }\n\n        @media (max-width: 700px) {\n            #responsive-profile-grid {\n                grid-template-columns: 1fr;\n            }\n        }\n\n        #responsive-profile-grid .card {\n            position: relative;\n            width: 100%;\n            padding-top: 100%; \/* N\u00e9gyzet alak *\/\n            cursor: pointer;\n            overflow: hidden;\n            border-radius: 10px;\n            box-shadow: 0 2px 10px rgba(0, 0, 0, 0.1);\n            transition: box-shadow 0.3s ease;\n        }\n\n        #responsive-profile-grid .card:hover {\n            box-shadow: 0 10px 20px rgba(0, 0, 0, 0.2);\n        }\n\n        #responsive-profile-grid .card img {\n            position: absolute;\n            top: 0;\n            left: 0;\n            width: 100%;\n            height: 100%;\n            object-fit: cover;\n            transition: filter 0.3s ease;\n        }\n\n        #responsive-profile-grid .card:hover img {\n            filter: blur(2px) brightness(0.8);\n        }\n\n        #responsive-profile-grid .info {\n            position: absolute;\n            bottom: 0;\n            left: 0;\n            width: 100%;\n            background-color: #15b6a4;\n            color: #fff;\n            padding: 10px;\n            text-align: center;\n            overflow: hidden;\n            max-height: 40px; \/* Csak a n\u00e9v l\u00e1that\u00f3 alapb\u00f3l *\/\n            transition: max-height 0.3s ease;\n        }\n\n        #responsive-profile-grid .card:hover .info {\n            max-height: 120px; \/* B\u0151v\u00edtett magass\u00e1g az extra adatokhoz, az als\u00f3 \u00e9l marad a k\u00e9p alj\u00e1n *\/\n        }\n\n        #responsive-profile-grid .info h3 {\n            margin-bottom: 5px;\n            font-size: 1.2em;\n            color: #fff; \/* N\u00e9v feh\u00e9r sz\u00edn\u0171 *\/\n        }\n\n        #responsive-profile-grid .info p {\n            margin: 0;\n            font-size: 0.9em;\n            opacity: 0;\n            transform: translateY(10px);\n            transition: opacity 0.3s ease, transform 0.3s ease;\n        }\n\n        #responsive-profile-grid .card:hover .info p {\n            opacity: 1;\n            transform: translateY(0);\n        }\n    <\/style>\n<\/head>\n<body>\n<div id=\"responsive-profile-wrapper\">\n    <div id=\"responsive-profile-grid\">\n        <a href=\"https:\/\/alumni.sze.hu\/en\/dr-muayad-habashneh\/\" class=\"card\">\n            <img decoding=\"async\" src=\"https:\/\/alumni.sze.hu\/en\/wp-content\/uploads\/2026\/01\/Muayad-Habashneh-scaled-e1770020387850-1024x1024.jpg\" alt=\"Dr. Muayad Habashneh\">\n            <div class=\"info\">\n                <h3>Dr. Muayad Habashneh<\/h3>\n                <p>Assistant professor<\/p>\n                <p>Sz\u00e9chenyi Istv\u00e1n University<\/p>\n            <\/div>\n        <\/a>\n        <a href=\"https:\/\/alumni.sze.hu\/en\/ahmad-haddad\/\" class=\"card\">\n            <img decoding=\"async\" src=\"https:\/\/alumni.sze.hu\/en\/wp-content\/uploads\/2026\/02\/Ahmad-Haddad_alumni-portrait-e1770020796819.png\" alt=\"Ahmad Haddad\">\n            <div class=\"info\">\n                <h3>Ahmad Haddad<\/h3>\n                <p>Co-Owner<\/p>\n                <p>6Dogs<\/p>\n            <\/div>\n        <\/a>\n        <a href=\"https:\/\/alumni.sze.hu\/en\/lucas-passos-santana\/\" class=\"card\">\n            <img decoding=\"async\" src=\"https:\/\/alumni.sze.hu\/en\/wp-content\/uploads\/2025\/06\/Lucas-Passos-Santana_profile-e1751010082626.jpg\" alt=\"Lucas Passos Santana\">\n            <div class=\"info\">\n                <h3>Lucas Passos Santana<\/h3>\n                <p>Infrastructure Engineer<\/p>\n                <p>Unicom Engenharia<\/p>\n            <\/div>\n        <\/a>\n        <a href=\"https:\/\/alumni.sze.hu\/en\/zhangeldy-sarzhanov\/\" class=\"card\">\n            <img decoding=\"async\" src=\"https:\/\/alumni.sze.hu\/en\/wp-content\/uploads\/2025\/06\/Zhangeldy_Sarzhanov_James_vagott-1024x724.jpeg\" alt=\"Zhangeldy Sarzhanov\">\n            <div class=\"info\">\n                <h3>Zhangeldy Sarzhanov<\/h3>\n                <p>International Category Manager<\/p>\n                <p>WABEL<\/p>\n            <\/div>\n        <\/a>\n        <a href=\"https:\/\/alumni.sze.hu\/en\/andres-morales\/\" class=\"card\">\n            <img decoding=\"async\" src=\"https:\/\/alumni.sze.hu\/en\/wp-content\/uploads\/2025\/05\/Andres-Morales_profile-scaled-e1746617294347-1024x1024.jpg\" alt=\"Andres Morales\">\n            <div class=\"info\">\n                <h3>Andres Morales<\/h3>\n                <p>Development Department<\/p>\n                <p>AUDI HUNGARIA ZRT.<\/p>\n            <\/div>\n        <\/a>\n        <a href=\"https:\/\/alumni.sze.hu\/en\/benjamin-labar\/\" class=\"card\">\n            <img decoding=\"async\" src=\"https:\/\/alumni.sze.hu\/en\/wp-content\/uploads\/2025\/05\/Benjamin-Labar_profile-scaled-e1746617234308-1024x1024.jpg\" alt=\"Benjamin Labar\">\n            <div class=\"info\">\n                <h3>Benjamin Labar<\/h3>\n                <p>Biswakama Enterprises Limited<\/p>\n            <\/div>\n        <\/a>\n        <a href=\"https:\/\/alumni.sze.hu\/en\/aliyaphone-outhenthapanya\/\" class=\"card\">\n            <img decoding=\"async\" src=\"https:\/\/alumni.sze.hu\/en\/wp-content\/uploads\/2025\/04\/Aliyaphone-Outhenthapanya_profile-scaled-e1744097116515.jpg\" alt=\"Aliyaphone Outhenthapanya\">\n            <div class=\"info\">\n                <h3>Aliyaphone Outhenthapanya<\/h3>\n                <p>HR Technical Officer<\/p>\n                <p>Banque Pour Le Commerce Exterieur Lao Public<\/p>\n            <\/div>\n        <\/a>\n        <a href=\"https:\/\/alumni.sze.hu\/en\/bakhtawar-zafar\/\" class=\"card\">\n            <img decoding=\"async\" src=\"https:\/\/alumni.sze.hu\/en\/wp-content\/uploads\/2025\/04\/Bakhtawar_Zafar_profile.jpeg\" alt=\"Bakhtawar Zafar\">\n            <div class=\"info\">\n                <h3>Bakhtawar Zafar<\/h3>\n                <p>Energy Sourcing Engineer<\/p>\n                <p>CATL<\/p>\n            <\/div>\n        <\/a>\n        <a href=\"https:\/\/alumni.sze.hu\/en\/guo-shaofeng\/\" class=\"card\">\n            <img decoding=\"async\" src=\"https:\/\/alumni.sze.hu\/en\/wp-content\/uploads\/2025\/03\/Guo-Shaofeng_profile-1-scaled-e1743501465169-1024x1024.jpg\" alt=\"Guo Shaofeng\">\n            <div class=\"info\">\n                <h3>Guo Shaofeng<\/h3>\n                <p>Technical and Process Engineer<\/p>\n                <p>BYD Auto Hungary Kft.<\/p>\n            <\/div>\n        <\/a>\n        <a href=\"https:\/\/alumni.sze.hu\/en\/amandeep-singh\/\" class=\"card\">\n            <img decoding=\"async\" src=\"https:\/\/alumni.sze.hu\/en\/wp-content\/uploads\/2025\/03\/Amandeep-Singh_profile-1-scaled-e1743501554131-1024x1024.jpg\" alt=\"Amandeep Singh\">\n            <div class=\"info\">\n                <h3>Amandeep Singh<\/h3>\n                <p>Development Engineer<\/p>\n                <p>AUDI HUNGARIA Zrt.<\/p>\n            <\/div>\n        <\/a>\n    <\/div>\n<\/div>\n<\/body>\n\n\n\n<p class=\"has-large-font-size\"><strong>We Would Love to Hear Your Story!<\/strong><\/p>\n\n\n\n<p style=\"font-size:15px\"><strong>We warmly invite you to share your personal success story with us, your fellow alumni, and the friends you made at SZE!<\/strong><\/p>\n\n\n\n<p style=\"font-size:15px\">Please provide some basic details, such as your name, year of graduation, and degree, using the form below.<\/p>\n\n\n\n<p style=\"font-size:15px\">We would love to hear what inspired you to choose SZE and what brought you to Gy\u0151r for your studies. Feel free to reminisce about your student years and share your experiences.<\/p>\n\n\n\n<p style=\"font-size:15px\">Beyond your time at SZE, we are also eager to learn about your journey since graduation\u2014your career milestones, achievements, and even your future aspirations.<\/p>\n\n\n\n<p style=\"font-size:15px\">Additionally, we welcome you to share personal celebrations and proud moments with family and friends. Don\u2019t forget to include photos or short videos\u2014we would love to see them.<\/p>\n\n\n\n<div class=\"wp-block-columns is-layout-flex wp-container-core-columns-is-layout-9d6595d7 wp-block-columns-is-layout-flex\">\n<div class=\"wp-block-column is-layout-flow wp-block-column-is-layout-flow\"><\/div>\n\n\n\n<div class=\"wp-block-column is-layout-flow wp-block-column-is-layout-flow\"><div role=\"form\" class=\"wpcf7\" id=\"wpcf7-f6976-o1\" lang=\"hu-HU\" dir=\"ltr\">\n<div class=\"screen-reader-response\"><p role=\"status\" aria-live=\"polite\" aria-atomic=\"true\"><\/p> <ul><\/ul><\/div>\n<form action=\"\/en\/wp-json\/wp\/v2\/pages\/6875#wpcf7-f6976-o1\" method=\"post\" class=\"wpcf7-form init\" enctype=\"multipart\/form-data\" novalidate=\"novalidate\" data-status=\"init\">\n<div style=\"display: none;\">\n<input type=\"hidden\" name=\"_wpcf7\" value=\"6976\" \/>\n<input type=\"hidden\" name=\"_wpcf7_version\" value=\"5.4.2\" \/>\n<input type=\"hidden\" name=\"_wpcf7_locale\" value=\"hu_HU\" \/>\n<input type=\"hidden\" name=\"_wpcf7_unit_tag\" value=\"wpcf7-f6976-o1\" \/>\n<input type=\"hidden\" name=\"_wpcf7_container_post\" value=\"0\" \/>\n<input type=\"hidden\" name=\"_wpcf7_posted_data_hash\" value=\"\" \/>\n<\/div>\n<p><label> Would You Like to Be Featured in Our Alumni Portraits?<br \/>\nYou can share your story by completing the form below or by contacting us at international.alumni@sze.hu .<br \/>\nWe look forward to celebrating your achievements.<\/label><\/p>\n<p><label> Name<br \/>\n    <span class=\"wpcf7-form-control-wrap your-name\"><input type=\"text\" name=\"your-name\" value=\"\" size=\"40\" class=\"wpcf7-form-control wpcf7-text wpcf7-validates-as-required\" aria-required=\"true\" aria-invalid=\"false\" \/><\/span> <\/label><\/p>\n<p><label> E-mail<br \/>\n    <span class=\"wpcf7-form-control-wrap your-email\"><input type=\"email\" name=\"your-email\" value=\"\" size=\"40\" class=\"wpcf7-form-control wpcf7-text wpcf7-email wpcf7-validates-as-required wpcf7-validates-as-email\" aria-required=\"true\" aria-invalid=\"false\" \/><\/span> <\/label><\/p>\n<p><label> Country of origin<br \/>\n    <span class=\"wpcf7-form-control-wrap your-country-of-origin\"><input type=\"text\" name=\"your-country-of-origin\" value=\"\" size=\"40\" class=\"wpcf7-form-control wpcf7-text wpcf7-validates-as-required\" aria-required=\"true\" aria-invalid=\"false\" \/><\/span> <\/label><\/p>\n<p><label> Graduation year<br \/>\n    <span class=\"wpcf7-form-control-wrap graduation-year\"><input type=\"number\" name=\"graduation-year\" value=\"\" class=\"wpcf7-form-control wpcf7-number wpcf7-validates-as-required wpcf7-validates-as-number\" min=\"1900\" aria-required=\"true\" aria-invalid=\"false\" \/><\/span> <\/label><\/p>\n<p><label> Share your story<br \/>\n    <span class=\"wpcf7-form-control-wrap your-story\"><textarea name=\"your-story\" cols=\"40\" rows=\"10\" class=\"wpcf7-form-control wpcf7-textarea wpcf7-validates-as-required\" aria-required=\"true\" aria-invalid=\"false\"><\/textarea><\/span> <\/label><\/p>\n<p><label> Upload a photo<br \/>\n    <span class=\"wpcf7-form-control-wrap your-photo\"><input type=\"file\" name=\"your-photo\" size=\"40\" class=\"wpcf7-form-control wpcf7-file wpcf7-validates-as-required\" accept=\".jpg,.jpeg,.png,.gif,.pdf,.doc,.docx,.ppt,.pptx,.odt,.avi,.ogg,.m4a,.mov,.mp3,.mp4,.mpg,.wav,.wmv\" aria-required=\"true\" aria-invalid=\"false\" \/><\/span> <\/label><\/p>\n<p><label><br \/>\n    <span class=\"wpcf7-form-control-wrap privacy-policy\"><span class=\"wpcf7-form-control wpcf7-acceptance\"><span class=\"wpcf7-list-item\"><label><input type=\"checkbox\" name=\"privacy-policy\" value=\"1\" aria-invalid=\"false\" \/><span class=\"wpcf7-list-item-label\">By ticking this box I agree that I have read the privacy policy*<\/span><\/label><\/span><\/span><\/span> <\/label><\/p>\n<p><input type=\"submit\" value=\"SEND\" class=\"wpcf7-form-control wpcf7-submit\" \/><\/p>\n<div class=\"wpcf7-response-output\" aria-hidden=\"true\"><\/div><\/form><\/div>\n<\/div>\n\n\n\n<div class=\"wp-block-column is-layout-flow wp-block-column-is-layout-flow\"><\/div>\n<\/div>\n\n\n\n<div class=\"wp-block-columns is-layout-flex wp-container-core-columns-is-layout-9d6595d7 wp-block-columns-is-layout-flex\">\n<div class=\"wp-block-column is-layout-flow wp-block-column-is-layout-flow\"><\/div>\n\n\n\n<div class=\"wp-block-column is-layout-flow wp-block-column-is-layout-flow\">\n<p class=\"has-text-align-left\"><em><a href=\"https:\/\/alumni.sze.hu\/en\/wp-content\/uploads\/2024\/07\/PRIVACY%20POLICY_Alumni%20Portraits%2C%20Alumni%20Awards.pdf\">*To read our Privacy policy please click here&#8230;<\/a><\/em><\/p>\n<\/div>\n\n\n\n<div class=\"wp-block-column is-layout-flow wp-block-column-is-layout-flow\"><\/div>\n<\/div>\n","protected":false},"excerpt":{"rendered":"<p>Dr. Muayad Habashneh Assistant professor Sz\u00e9chenyi Istv\u00e1n University Ahmad Haddad Co-Owner 6Dogs Lucas Passos Santana Infrastructure Engineer Unicom Engenharia Zhangeldy Sarzhanov International Category Manager WABEL Andres Morales Development Department AUDI &#8230;<\/p>\n","protected":false},"author":12,"featured_media":8451,"parent":0,"menu_order":0,"comment_status":"closed","ping_status":"closed","template":"","meta":{"footnotes":""},"class_list":["post-6875","page","type-page","status-publish","has-post-thumbnail","hentry"],"yoast_head":"<!-- This site is optimized with the Yoast SEO plugin v17.8 - https:\/\/yoast.com\/wordpress\/plugins\/seo\/ -->\n<title>Alumni Portraits - SZE Alumni \u2013 Sz\u00e9chenyi Istv\u00e1n Egyetem<\/title>\n<meta name=\"robots\" content=\"index, follow, max-snippet:-1, max-image-preview:large, max-video-preview:-1\" \/>\n<link rel=\"canonical\" href=\"https:\/\/alumni.sze.hu\/en\/alumni-portraits\/\" \/>\n<meta property=\"og:locale\" content=\"hu_HU\" \/>\n<meta property=\"og:type\" content=\"article\" \/>\n<meta property=\"og:title\" content=\"Alumni Portraits - SZE Alumni \u2013 Sz\u00e9chenyi Istv\u00e1n Egyetem\" \/>\n<meta property=\"og:description\" content=\"Dr. Muayad Habashneh Assistant professor Sz\u00e9chenyi Istv\u00e1n University Ahmad Haddad Co-Owner 6Dogs Lucas Passos Santana Infrastructure Engineer Unicom Engenharia Zhangeldy Sarzhanov International Category Manager WABEL Andres Morales Development Department AUDI ...\" \/>\n<meta property=\"og:url\" content=\"https:\/\/alumni.sze.hu\/en\/alumni-portraits\/\" \/>\n<meta property=\"og:site_name\" content=\"SZE Alumni \u2013 Sz\u00e9chenyi Istv\u00e1n Egyetem\" \/>\n<meta property=\"article:modified_time\" content=\"2026-02-02T08:33:55+00:00\" \/>\n<meta property=\"og:image\" content=\"https:\/\/alumni.sze.hu\/en\/wp-content\/uploads\/2025\/03\/Diplomaatado_NPAK_2.jpg\" \/>\n\t<meta property=\"og:image:width\" content=\"2048\" \/>\n\t<meta property=\"og:image:height\" content=\"1363\" \/>\n<meta name=\"twitter:card\" content=\"summary_large_image\" \/>\n<meta name=\"twitter:label1\" content=\"Becs\u00fclt olvas\u00e1si id\u0151\" \/>\n\t<meta name=\"twitter:data1\" content=\"1 perc\" \/>\n<script type=\"application\/ld+json\" class=\"yoast-schema-graph\">{\"@context\":\"https:\/\/schema.org\",\"@graph\":[{\"@type\":\"WebSite\",\"@id\":\"https:\/\/alumni.sze.hu\/en\/#website\",\"url\":\"https:\/\/alumni.sze.hu\/en\/\",\"name\":\"SZE Alumni \\u2013 Sz\\u00e9chenyi Istv\\u00e1n Egyetem\",\"description\":\"SZE Alumni \\u2013 Sz\\u00e9chenyi Istv\\u00e1n Egyetem\",\"potentialAction\":[{\"@type\":\"SearchAction\",\"target\":{\"@type\":\"EntryPoint\",\"urlTemplate\":\"https:\/\/alumni.sze.hu\/en\/?s={search_term_string}\"},\"query-input\":\"required name=search_term_string\"}],\"inLanguage\":\"hu\"},{\"@type\":\"ImageObject\",\"@id\":\"https:\/\/alumni.sze.hu\/en\/alumni-portraits\/#primaryimage\",\"inLanguage\":\"hu\",\"url\":\"https:\/\/alumni.sze.hu\/en\/wp-content\/uploads\/2025\/03\/Diplomaatado_NPAK_2.jpg\",\"contentUrl\":\"https:\/\/alumni.sze.hu\/en\/wp-content\/uploads\/2025\/03\/Diplomaatado_NPAK_2.jpg\",\"width\":2048,\"height\":1363},{\"@type\":\"WebPage\",\"@id\":\"https:\/\/alumni.sze.hu\/en\/alumni-portraits\/#webpage\",\"url\":\"https:\/\/alumni.sze.hu\/en\/alumni-portraits\/\",\"name\":\"Alumni Portraits - SZE Alumni \\u2013 Sz\\u00e9chenyi Istv\\u00e1n Egyetem\",\"isPartOf\":{\"@id\":\"https:\/\/alumni.sze.hu\/en\/#website\"},\"primaryImageOfPage\":{\"@id\":\"https:\/\/alumni.sze.hu\/en\/alumni-portraits\/#primaryimage\"},\"datePublished\":\"2023-11-14T06:54:28+00:00\",\"dateModified\":\"2026-02-02T08:33:55+00:00\",\"breadcrumb\":{\"@id\":\"https:\/\/alumni.sze.hu\/en\/alumni-portraits\/#breadcrumb\"},\"inLanguage\":\"hu\",\"potentialAction\":[{\"@type\":\"ReadAction\",\"target\":[\"https:\/\/alumni.sze.hu\/en\/alumni-portraits\/\"]}]},{\"@type\":\"BreadcrumbList\",\"@id\":\"https:\/\/alumni.sze.hu\/en\/alumni-portraits\/#breadcrumb\",\"itemListElement\":[{\"@type\":\"ListItem\",\"position\":1,\"name\":\"Homepage\",\"item\":\"https:\/\/alumni.sze.hu\/en\/\"},{\"@type\":\"ListItem\",\"position\":2,\"name\":\"Alumni Portraits\"}]}]}<\/script>\n<!-- \/ Yoast SEO plugin. -->","yoast_head_json":{"title":"Alumni Portraits - SZE Alumni \u2013 Sz\u00e9chenyi Istv\u00e1n Egyetem","robots":{"index":"index","follow":"follow","max-snippet":"max-snippet:-1","max-image-preview":"max-image-preview:large","max-video-preview":"max-video-preview:-1"},"canonical":"https:\/\/alumni.sze.hu\/en\/alumni-portraits\/","og_locale":"hu_HU","og_type":"article","og_title":"Alumni Portraits - SZE Alumni \u2013 Sz\u00e9chenyi Istv\u00e1n Egyetem","og_description":"Dr. Muayad Habashneh Assistant professor Sz\u00e9chenyi Istv\u00e1n University Ahmad Haddad Co-Owner 6Dogs Lucas Passos Santana Infrastructure Engineer Unicom Engenharia Zhangeldy Sarzhanov International Category Manager WABEL Andres Morales Development Department AUDI ...","og_url":"https:\/\/alumni.sze.hu\/en\/alumni-portraits\/","og_site_name":"SZE Alumni \u2013 Sz\u00e9chenyi Istv\u00e1n Egyetem","article_modified_time":"2026-02-02T08:33:55+00:00","og_image":[{"width":2048,"height":1363,"url":"https:\/\/alumni.sze.hu\/en\/wp-content\/uploads\/2025\/03\/Diplomaatado_NPAK_2.jpg","type":"image\/jpeg"}],"twitter_card":"summary_large_image","twitter_misc":{"Becs\u00fclt olvas\u00e1si id\u0151":"1 perc"},"schema":{"@context":"https:\/\/schema.org","@graph":[{"@type":"WebSite","@id":"https:\/\/alumni.sze.hu\/en\/#website","url":"https:\/\/alumni.sze.hu\/en\/","name":"SZE Alumni \u2013 Sz\u00e9chenyi Istv\u00e1n Egyetem","description":"SZE Alumni \u2013 Sz\u00e9chenyi Istv\u00e1n Egyetem","potentialAction":[{"@type":"SearchAction","target":{"@type":"EntryPoint","urlTemplate":"https:\/\/alumni.sze.hu\/en\/?s={search_term_string}"},"query-input":"required name=search_term_string"}],"inLanguage":"hu"},{"@type":"ImageObject","@id":"https:\/\/alumni.sze.hu\/en\/alumni-portraits\/#primaryimage","inLanguage":"hu","url":"https:\/\/alumni.sze.hu\/en\/wp-content\/uploads\/2025\/03\/Diplomaatado_NPAK_2.jpg","contentUrl":"https:\/\/alumni.sze.hu\/en\/wp-content\/uploads\/2025\/03\/Diplomaatado_NPAK_2.jpg","width":2048,"height":1363},{"@type":"WebPage","@id":"https:\/\/alumni.sze.hu\/en\/alumni-portraits\/#webpage","url":"https:\/\/alumni.sze.hu\/en\/alumni-portraits\/","name":"Alumni Portraits - SZE Alumni \u2013 Sz\u00e9chenyi Istv\u00e1n Egyetem","isPartOf":{"@id":"https:\/\/alumni.sze.hu\/en\/#website"},"primaryImageOfPage":{"@id":"https:\/\/alumni.sze.hu\/en\/alumni-portraits\/#primaryimage"},"datePublished":"2023-11-14T06:54:28+00:00","dateModified":"2026-02-02T08:33:55+00:00","breadcrumb":{"@id":"https:\/\/alumni.sze.hu\/en\/alumni-portraits\/#breadcrumb"},"inLanguage":"hu","potentialAction":[{"@type":"ReadAction","target":["https:\/\/alumni.sze.hu\/en\/alumni-portraits\/"]}]},{"@type":"BreadcrumbList","@id":"https:\/\/alumni.sze.hu\/en\/alumni-portraits\/#breadcrumb","itemListElement":[{"@type":"ListItem","position":1,"name":"Homepage","item":"https:\/\/alumni.sze.hu\/en\/"},{"@type":"ListItem","position":2,"name":"Alumni Portraits"}]}]}},"_links":{"self":[{"href":"https:\/\/alumni.sze.hu\/en\/wp-json\/wp\/v2\/pages\/6875","targetHints":{"allow":["GET"]}}],"collection":[{"href":"https:\/\/alumni.sze.hu\/en\/wp-json\/wp\/v2\/pages"}],"about":[{"href":"https:\/\/alumni.sze.hu\/en\/wp-json\/wp\/v2\/types\/page"}],"author":[{"embeddable":true,"href":"https:\/\/alumni.sze.hu\/en\/wp-json\/wp\/v2\/users\/12"}],"replies":[{"embeddable":true,"href":"https:\/\/alumni.sze.hu\/en\/wp-json\/wp\/v2\/comments?post=6875"}],"version-history":[{"count":54,"href":"https:\/\/alumni.sze.hu\/en\/wp-json\/wp\/v2\/pages\/6875\/revisions"}],"predecessor-version":[{"id":9538,"href":"https:\/\/alumni.sze.hu\/en\/wp-json\/wp\/v2\/pages\/6875\/revisions\/9538"}],"wp:featuredmedia":[{"embeddable":true,"href":"https:\/\/alumni.sze.hu\/en\/wp-json\/wp\/v2\/media\/8451"}],"wp:attachment":[{"href":"https:\/\/alumni.sze.hu\/en\/wp-json\/wp\/v2\/media?parent=6875"}],"curies":[{"name":"wp","href":"https:\/\/api.w.org\/{rel}","templated":true}]}}