{"id":6819,"date":"2023-10-19T10:11:20","date_gmt":"2023-10-19T10:11:20","guid":{"rendered":"https:\/\/alumni.sze.hu\/en1\/?page_id=6819"},"modified":"2026-05-15T06:51:17","modified_gmt":"2026-05-15T06:51:17","slug":"information-and-timing","status":"publish","type":"page","link":"https:\/\/alumni.sze.hu\/en\/information-and-timing\/","title":{"rendered":"Information and Timing"},"content":{"rendered":"\n<p><strong>Dear graduating student, dear Sz\u00e9chenyi Alumni!<\/strong><\/p>\n\n\n\n<p>Allow us to congratulate you on the success of your studies. The moment when you take your final exam and receive your degree is a milestone in the life of every university student. At Sz\u00e9chenyi Istv\u00e1n University, we strive to make your graduation ceremony, just like your university years, a lasting and joyful memory for you and your loved ones. The Graduation Ceremony is open to students who have pre-registered.<\/p>\n\n\n\n<p>Below you will find all the important information about the Graduation Ceremony of Sz\u00e9chenyi Istv\u00e1n University,<strong> <\/strong><\/p>\n\n\n\n<p><strong>Please read it carefully!<\/strong><\/p>\n\n\n\n<p>There is no guest limit for the Graduation Ceremony!<\/p>\n\n\n\n<style type=\"text\/css\">\n.tg  {border-collapse:collapse;border-spacing:0;}\n.tg td{border-color:black;border-style:solid;border-width:1px;font-family:Arial, sans-serif;font-size:14px;\n  overflow:hidden;padding:10px 5px;word-break:normal;}\n.tg th{border-color:black;border-style:solid;border-width:1px;font-family:Arial, sans-serif;font-size:14px;\n  font-weight:normal;overflow:hidden;padding:10px 5px;word-break:normal;}\n.tg .tg-9wq8{border-color:inherit;text-align:center;vertical-align:middle}\n.tg .tg-0pky{border-color:inherit;text-align:left;vertical-align:top}\n<\/style>\n<table class=\"tg\"><thead>\n  <tr>\n    <th class=\"tg-0pky\"><span style=\"font-weight:bold\">FACULTY<\/span><\/th>\n    <th class=\"tg-0pky\"><span style=\"font-weight:bold\">DATE<\/span><\/th>\n    <th class=\"tg-0pky\"><span style=\"font-weight:bold\">TIME<\/span><\/th>\n    <th class=\"tg-0pky\" colspan=\"2\"><span style=\"font-weight:bold\">PLACE<\/span><\/th>\n    <th class=\"tg-0pky\"><span style=\"font-weight:bold\">INVITATION<\/span><\/th>\n    <th class=\"tg-0pky\"><span style=\"font-weight:bold\">INFORMATION<\/span><\/th>\n    <th class=\"tg-0pky\"><span style=\"font-weight:bold\">STREAM<\/span><\/th>\n  <\/tr><\/thead>\n<tbody>\n  <tr>\n    <td class=\"tg-0pky\">Albert K\u00e1zm\u00e9r Faculty of Agricultural and Food Sciences<\/td>\n    <td class=\"tg-0pky\">3 July, 2026 Friday<\/td>\n    <td class=\"tg-0pky\">10:00<\/td>\n    <td class=\"tg-0pky\">9200 Mosonmagyar\u00f3v\u00e1r, V\u00e1r t\u00e9r 2.<\/td>\n    <td class=\"tg-0pky\">B Building AULA<\/td>\n    <td class=\"tg-0pky\"><\/td>\n    <td class=\"tg-0pky\"><\/td>\n    <td class=\"tg-0pky\"><\/td>\n  <\/tr>\n  <tr>\n    <td class=\"tg-0pky\">Faculty of Architecture Civil Engineering and Transport Sciences<\/td>\n    <td class=\"tg-9wq8\" colspan=\"2\" rowspan=\"7\">14-18 July, 2026<\/td>\n    <td class=\"tg-9wq8\" rowspan=\"7\">9026 Gy\u0151r, Egyetem t\u00e9r 1.<\/td>\n    <td class=\"tg-9wq8\" rowspan=\"7\">University Sports Hall<\/td>\n    <td class=\"tg-0pky\"><\/td>\n    <td class=\"tg-0pky\"><\/td>\n    <td class=\"tg-0pky\"><\/td>\n  <\/tr>\n  <tr>\n    <td class=\"tg-0pky\">Ap\u00e1czai Csere J\u00e1nos Faculty of Humanities, Education and Social Sciences<\/td>\n    <td class=\"tg-0pky\"><\/td>\n    <td class=\"tg-0pky\"><\/td>\n    <td class=\"tg-0pky\"><\/td>\n  <\/tr>\n  <tr>\n    <td class=\"tg-0pky\">Faculty of Health and Sport Sciences<\/td>\n    <td class=\"tg-0pky\"><\/td>\n    <td class=\"tg-0pky\"><\/td>\n    <td class=\"tg-0pky\"><\/td>\n  <\/tr>\n  <tr>\n    <td class=\"tg-0pky\">De\u00e1k Ferenc Faculty of Law and Political Sciences<\/td>\n    <td class=\"tg-0pky\"><\/td>\n    <td class=\"tg-0pky\"><\/td>\n    <td class=\"tg-0pky\"><\/td>\n  <\/tr>\n  <tr>\n    <td class=\"tg-0pky\">Audi Hungaria Faculty of Engineering<\/td>\n    <td class=\"tg-0pky\"><\/td>\n    <td class=\"tg-0pky\"><\/td>\n    <td class=\"tg-0pky\"><\/td>\n  <\/tr>\n  <tr>\n    <td class=\"tg-0pky\">Kautz Gyula Faculty of Business and Economics<\/td>\n    <td class=\"tg-0pky\"><\/td>\n    <td class=\"tg-0pky\"><\/td>\n    <td class=\"tg-0pky\"><\/td>\n  <\/tr>\n  <tr>\n    <td class=\"tg-0pky\">Faculty of Informatics and Electrical Engineering<\/td>\n    <td class=\"tg-0pky\"><\/td>\n    <td class=\"tg-0pky\"><\/td>\n    <td class=\"tg-0pky\"><\/td>\n  <\/tr>\n<\/tbody><\/table>\n\n\n\n<p><strong>APPLY FOR AN ALUMNI CARD<\/strong><\/p>\n\n\n\n<p>Persons who have previously been students of the University may receive a personalised card at the same time as or after the termination of their student status. The one-time fee for the SZE Alumni Card is HUF 2000, which gives alumni access to a number of discounted services. More information about the card and how to apply for it is available at the following link:&nbsp;<strong><em>Coming  Soon&#8230;<\/em><\/strong><\/p>\n","protected":false},"excerpt":{"rendered":"<p>Dear graduating student, dear Sz\u00e9chenyi Alumni! Allow us to congratulate you on the success of your studies. The moment when you take your final exam and receive your degree is &#8230;<\/p>\n","protected":false},"author":1,"featured_media":7160,"parent":0,"menu_order":0,"comment_status":"closed","ping_status":"closed","template":"","meta":{"footnotes":""},"class_list":["post-6819","page","type-page","status-publish","has-post-thumbnail","hentry"],"yoast_head":"<!-- This site is optimized with the Yoast SEO plugin v17.8 - https:\/\/yoast.com\/wordpress\/plugins\/seo\/ -->\n<title>Information and Timing - SZE Alumni \u2013 Sz\u00e9chenyi Istv\u00e1n Egyetem<\/title>\n<meta name=\"robots\" content=\"index, follow, max-snippet:-1, max-image-preview:large, max-video-preview:-1\" \/>\n<link rel=\"canonical\" href=\"https:\/\/alumni.sze.hu\/en\/information-and-timing\/\" \/>\n<meta property=\"og:locale\" content=\"hu_HU\" \/>\n<meta property=\"og:type\" content=\"article\" \/>\n<meta property=\"og:title\" content=\"Information and Timing - SZE Alumni \u2013 Sz\u00e9chenyi Istv\u00e1n Egyetem\" \/>\n<meta property=\"og:description\" content=\"Dear graduating student, dear Sz\u00e9chenyi Alumni! Allow us to congratulate you on the success of your studies. The moment when you take your final exam and receive your degree is ...\" \/>\n<meta property=\"og:url\" content=\"https:\/\/alumni.sze.hu\/en\/information-and-timing\/\" \/>\n<meta property=\"og:site_name\" content=\"SZE Alumni \u2013 Sz\u00e9chenyi Istv\u00e1n Egyetem\" \/>\n<meta property=\"article:modified_time\" content=\"2026-05-15T06:51:17+00:00\" \/>\n<meta property=\"og:image\" content=\"https:\/\/alumni.sze.hu\/en\/wp-content\/uploads\/2023\/11\/alumnik-e1700651246842.jpg\" \/>\n\t<meta property=\"og:image:width\" content=\"1288\" \/>\n\t<meta property=\"og:image:height\" content=\"581\" \/>\n<meta name=\"twitter:card\" content=\"summary_large_image\" \/>\n<meta name=\"twitter:label1\" content=\"Becs\u00fclt olvas\u00e1si id\u0151\" \/>\n\t<meta name=\"twitter:data1\" content=\"1 perc\" \/>\n<script type=\"application\/ld+json\" class=\"yoast-schema-graph\">{\"@context\":\"https:\/\/schema.org\",\"@graph\":[{\"@type\":\"WebSite\",\"@id\":\"https:\/\/alumni.sze.hu\/en\/#website\",\"url\":\"https:\/\/alumni.sze.hu\/en\/\",\"name\":\"SZE Alumni \\u2013 Sz\\u00e9chenyi Istv\\u00e1n Egyetem\",\"description\":\"SZE Alumni \\u2013 Sz\\u00e9chenyi Istv\\u00e1n Egyetem\",\"potentialAction\":[{\"@type\":\"SearchAction\",\"target\":{\"@type\":\"EntryPoint\",\"urlTemplate\":\"https:\/\/alumni.sze.hu\/en\/?s={search_term_string}\"},\"query-input\":\"required name=search_term_string\"}],\"inLanguage\":\"hu\"},{\"@type\":\"ImageObject\",\"@id\":\"https:\/\/alumni.sze.hu\/en\/information-and-timing\/#primaryimage\",\"inLanguage\":\"hu\",\"url\":\"https:\/\/alumni.sze.hu\/en\/wp-content\/uploads\/2023\/11\/alumnik-e1700651246842.jpg\",\"contentUrl\":\"https:\/\/alumni.sze.hu\/en\/wp-content\/uploads\/2023\/11\/alumnik-e1700651246842.jpg\",\"width\":1288,\"height\":581},{\"@type\":\"WebPage\",\"@id\":\"https:\/\/alumni.sze.hu\/en\/information-and-timing\/#webpage\",\"url\":\"https:\/\/alumni.sze.hu\/en\/information-and-timing\/\",\"name\":\"Information and Timing - SZE Alumni \\u2013 Sz\\u00e9chenyi Istv\\u00e1n Egyetem\",\"isPartOf\":{\"@id\":\"https:\/\/alumni.sze.hu\/en\/#website\"},\"primaryImageOfPage\":{\"@id\":\"https:\/\/alumni.sze.hu\/en\/information-and-timing\/#primaryimage\"},\"datePublished\":\"2023-10-19T10:11:20+00:00\",\"dateModified\":\"2026-05-15T06:51:17+00:00\",\"breadcrumb\":{\"@id\":\"https:\/\/alumni.sze.hu\/en\/information-and-timing\/#breadcrumb\"},\"inLanguage\":\"hu\",\"potentialAction\":[{\"@type\":\"ReadAction\",\"target\":[\"https:\/\/alumni.sze.hu\/en\/information-and-timing\/\"]}]},{\"@type\":\"BreadcrumbList\",\"@id\":\"https:\/\/alumni.sze.hu\/en\/information-and-timing\/#breadcrumb\",\"itemListElement\":[{\"@type\":\"ListItem\",\"position\":1,\"name\":\"Homepage\",\"item\":\"https:\/\/alumni.sze.hu\/en\/\"},{\"@type\":\"ListItem\",\"position\":2,\"name\":\"Information and Timing\"}]}]}<\/script>\n<!-- \/ Yoast SEO plugin. -->","yoast_head_json":{"title":"Information and Timing - SZE Alumni \u2013 Sz\u00e9chenyi Istv\u00e1n Egyetem","robots":{"index":"index","follow":"follow","max-snippet":"max-snippet:-1","max-image-preview":"max-image-preview:large","max-video-preview":"max-video-preview:-1"},"canonical":"https:\/\/alumni.sze.hu\/en\/information-and-timing\/","og_locale":"hu_HU","og_type":"article","og_title":"Information and Timing - SZE Alumni \u2013 Sz\u00e9chenyi Istv\u00e1n Egyetem","og_description":"Dear graduating student, dear Sz\u00e9chenyi Alumni! Allow us to congratulate you on the success of your studies. The moment when you take your final exam and receive your degree is ...","og_url":"https:\/\/alumni.sze.hu\/en\/information-and-timing\/","og_site_name":"SZE Alumni \u2013 Sz\u00e9chenyi Istv\u00e1n Egyetem","article_modified_time":"2026-05-15T06:51:17+00:00","og_image":[{"width":1288,"height":581,"url":"https:\/\/alumni.sze.hu\/en\/wp-content\/uploads\/2023\/11\/alumnik-e1700651246842.jpg","type":"image\/jpeg"}],"twitter_card":"summary_large_image","twitter_misc":{"Becs\u00fclt olvas\u00e1si id\u0151":"1 perc"},"schema":{"@context":"https:\/\/schema.org","@graph":[{"@type":"WebSite","@id":"https:\/\/alumni.sze.hu\/en\/#website","url":"https:\/\/alumni.sze.hu\/en\/","name":"SZE Alumni \u2013 Sz\u00e9chenyi Istv\u00e1n Egyetem","description":"SZE Alumni \u2013 Sz\u00e9chenyi Istv\u00e1n Egyetem","potentialAction":[{"@type":"SearchAction","target":{"@type":"EntryPoint","urlTemplate":"https:\/\/alumni.sze.hu\/en\/?s={search_term_string}"},"query-input":"required name=search_term_string"}],"inLanguage":"hu"},{"@type":"ImageObject","@id":"https:\/\/alumni.sze.hu\/en\/information-and-timing\/#primaryimage","inLanguage":"hu","url":"https:\/\/alumni.sze.hu\/en\/wp-content\/uploads\/2023\/11\/alumnik-e1700651246842.jpg","contentUrl":"https:\/\/alumni.sze.hu\/en\/wp-content\/uploads\/2023\/11\/alumnik-e1700651246842.jpg","width":1288,"height":581},{"@type":"WebPage","@id":"https:\/\/alumni.sze.hu\/en\/information-and-timing\/#webpage","url":"https:\/\/alumni.sze.hu\/en\/information-and-timing\/","name":"Information and Timing - SZE Alumni \u2013 Sz\u00e9chenyi Istv\u00e1n Egyetem","isPartOf":{"@id":"https:\/\/alumni.sze.hu\/en\/#website"},"primaryImageOfPage":{"@id":"https:\/\/alumni.sze.hu\/en\/information-and-timing\/#primaryimage"},"datePublished":"2023-10-19T10:11:20+00:00","dateModified":"2026-05-15T06:51:17+00:00","breadcrumb":{"@id":"https:\/\/alumni.sze.hu\/en\/information-and-timing\/#breadcrumb"},"inLanguage":"hu","potentialAction":[{"@type":"ReadAction","target":["https:\/\/alumni.sze.hu\/en\/information-and-timing\/"]}]},{"@type":"BreadcrumbList","@id":"https:\/\/alumni.sze.hu\/en\/information-and-timing\/#breadcrumb","itemListElement":[{"@type":"ListItem","position":1,"name":"Homepage","item":"https:\/\/alumni.sze.hu\/en\/"},{"@type":"ListItem","position":2,"name":"Information and Timing"}]}]}},"_links":{"self":[{"href":"https:\/\/alumni.sze.hu\/en\/wp-json\/wp\/v2\/pages\/6819","targetHints":{"allow":["GET"]}}],"collection":[{"href":"https:\/\/alumni.sze.hu\/en\/wp-json\/wp\/v2\/pages"}],"about":[{"href":"https:\/\/alumni.sze.hu\/en\/wp-json\/wp\/v2\/types\/page"}],"author":[{"embeddable":true,"href":"https:\/\/alumni.sze.hu\/en\/wp-json\/wp\/v2\/users\/1"}],"replies":[{"embeddable":true,"href":"https:\/\/alumni.sze.hu\/en\/wp-json\/wp\/v2\/comments?post=6819"}],"version-history":[{"count":58,"href":"https:\/\/alumni.sze.hu\/en\/wp-json\/wp\/v2\/pages\/6819\/revisions"}],"predecessor-version":[{"id":10047,"href":"https:\/\/alumni.sze.hu\/en\/wp-json\/wp\/v2\/pages\/6819\/revisions\/10047"}],"wp:featuredmedia":[{"embeddable":true,"href":"https:\/\/alumni.sze.hu\/en\/wp-json\/wp\/v2\/media\/7160"}],"wp:attachment":[{"href":"https:\/\/alumni.sze.hu\/en\/wp-json\/wp\/v2\/media?parent=6819"}],"curies":[{"name":"wp","href":"https:\/\/api.w.org\/{rel}","templated":true}]}}