{"id":6813,"date":"2023-10-19T10:07:20","date_gmt":"2023-10-19T10:07:20","guid":{"rendered":"https:\/\/alumni.sze.hu\/en1\/?page_id=6813"},"modified":"2025-04-24T11:44:55","modified_gmt":"2025-04-24T11:44:55","slug":"events","status":"publish","type":"page","link":"https:\/\/alumni.sze.hu\/en\/events\/","title":{"rendered":"Events"},"content":{"rendered":"\n<p class=\"has-text-align-center has-large-font-size\" style=\"font-style:normal;font-weight:700\">Previous events<\/p>\n\n\n\n<div class=\"wp-block-columns is-layout-flex wp-container-core-columns-is-layout-9d6595d7 wp-block-columns-is-layout-flex\">\n<div class=\"wp-block-column is-layout-flow wp-block-column-is-layout-flow\">\n<div class=\"wp-block-group is-vertical is-layout-flex wp-container-core-group-is-layout-8cf370e7 wp-block-group-is-layout-flex\">\n<p><em>13 March 2025<\/em><\/p>\n\n\n\n<figure class=\"wp-block-image size-full\"><a href=\"https:\/\/admissions.sze.hu\/success-of-international-students-alumni-of-the-year-shared-experiences-at-the-sze-event#\"><img decoding=\"async\" src=\"https:\/\/alumni.sze.hu\/en\/wp-content\/uploads\/2025\/04\/Success%20of%20International%20Students%20Alumni%20of%20the%20Year%20Shared%20Experiences%20at%20the%20SZE%20Event.jpg?_t=1745492325\" alt=\"\" class=\"niceimg\" style=\"aspect-ratio:16\/9;object-fit:cover\"\/><\/a><\/figure>\n\n\n\n<p class=\"has-medium-font-size\"><a href=\"https:\/\/admissions.sze.hu\/success-of-international-students-alumni-of-the-year-shared-experiences-at-the-sze-event#\">Success of International Students: Alumni of the Year Shared Experiences at the SZE Event<\/a><\/p>\n<\/div>\n<\/div>\n\n\n\n<div class=\"wp-block-column is-layout-flow wp-block-column-is-layout-flow\">\n<div class=\"wp-block-group is-vertical is-layout-flex wp-container-core-group-is-layout-8cf370e7 wp-block-group-is-layout-flex\">\n<p><em>12 December 2023<\/em><\/p>\n\n\n\n<figure class=\"wp-block-image size-full\"><a href=\"https:\/\/admissions.sze.hu\/human-rights-at-the-centre-of-panel-discussion-at-szechenyi-istvan-university\"><img decoding=\"async\" src=\"https:\/\/alumni.sze.hu\/wp-content\/uploads\/2024\/01\/Bikk-dec-12-1024x683.jpg\" alt=\"\" class=\"niceimg\" style=\"aspect-ratio:16\/9;object-fit:cover\"\/><\/a><\/figure>\n\n\n\n<p class=\"has-medium-font-size\"><a href=\"https:\/\/admissions.sze.hu\/human-rights-at-the-centre-of-panel-discussion-at-szechenyi-istvan-university\">Panel discussion of &#8222;Human Rights &#8211; Universal, Sustainable&#8221;<\/a><\/p>\n<\/div>\n<\/div>\n\n\n\n<div class=\"wp-block-column is-layout-flow wp-block-column-is-layout-flow\">\n<div class=\"wp-block-group is-vertical is-layout-flex wp-container-core-group-is-layout-8cf370e7 wp-block-group-is-layout-flex\">\n<p><em>8 November 2023<\/em><\/p>\n\n\n\n<figure class=\"wp-block-image size-full\"><a href=\"https:\/\/admissions.sze.hu\/women-in-scientific-careers-a-mini-conference-organized-by-szechenyi-istvan-university\"><img decoding=\"async\" src=\"https:\/\/alumni.sze.hu\/en\/wp-content\/uploads\/2023\/11\/Kep136.jpg\" alt=\"\" class=\"niceimg\" style=\"aspect-ratio:16\/9;object-fit:cover\"\/><\/a><\/figure>\n\n\n\n<p class=\"has-medium-font-size\"><a href=\"https:\/\/admissions.sze.hu\/women-in-scientific-careers-a-mini-conference-organized-by-szechenyi-istvan-university\">Science Diplomacy Fostering Global Resilience (World Day of Science for Peace and Development)<\/a><\/p>\n<\/div>\n<\/div>\n<\/div>\n\n\n\n<div class=\"wp-block-columns is-layout-flex wp-container-core-columns-is-layout-9d6595d7 wp-block-columns-is-layout-flex\">\n<div class=\"wp-block-column is-layout-flow wp-block-column-is-layout-flow\">\n<div class=\"wp-block-group is-vertical is-layout-flex wp-container-core-group-is-layout-8cf370e7 wp-block-group-is-layout-flex\">\n<p><em>11 October 2023<\/em><\/p>\n\n\n\n<figure class=\"wp-block-image size-large\"><a href=\"https:\/\/admissions.sze.hu\/sze-s-international-students-and-former-doctoral-student-deliver-video-message\"><img decoding=\"async\" src=\"https:\/\/alumni.sze.hu\/en\/wp-content\/uploads\/2023\/11\/kep_2023-11-21_113452690-1024x576.png\" alt=\"\" class=\"niceimg\" style=\"aspect-ratio:16\/9;object-fit:cover\"\/><\/a><\/figure>\n\n\n\n<p class=\"has-medium-font-size\"><a href=\"https:\/\/admissions.sze.hu\/sze-s-international-students-and-former-doctoral-student-deliver-video-message\">Videomessage marking the International Day of the Girl Child<\/a><\/p>\n<\/div>\n<\/div>\n\n\n\n<div class=\"wp-block-column is-layout-flow wp-block-column-is-layout-flow\">\n<div class=\"wp-block-group is-vertical is-layout-flex wp-container-core-group-is-layout-8cf370e7 wp-block-group-is-layout-flex\">\n<p><em>22 September 2023<\/em><\/p>\n\n\n\n<figure class=\"wp-block-image size-full\"><a href=\"https:\/\/admissions.sze.hu\/travel-green-sustainable-tourism-focus-of-sze-panel-discussion\"><img decoding=\"async\" src=\"https:\/\/alumni.sze.hu\/en1\/wp-content\/uploads\/2023\/11\/7f5c56_3b37d10c718b4b7087013cfec92be4afmv2.webp\" alt=\"\" class=\"niceimg\" style=\"aspect-ratio:16\/9;object-fit:cover\"\/><\/a><\/figure>\n\n\n\n<p class=\"has-medium-font-size\"><a href=\"https:\/\/admissions.sze.hu\/travel-green-sustainable-tourism-focus-of-sze-panel-discussion\">Wander Wisely, Travel Sustainably (World Tourism Day)<\/a><\/p>\n<\/div>\n<\/div>\n\n\n\n<div class=\"wp-block-column is-layout-flow wp-block-column-is-layout-flow\">\n<div class=\"wp-block-group is-vertical is-layout-flex wp-container-core-group-is-layout-8cf370e7 wp-block-group-is-layout-flex\">\n<p><em>31 August 2023<\/em><\/p>\n\n\n\n<figure class=\"wp-block-image size-large\"><a href=\"https:\/\/admissions.sze.hu\/proud-of-their-african-heritage-sze-s-international-students-send-video-message\"><img decoding=\"async\" src=\"https:\/\/alumni.sze.hu\/en1\/wp-content\/uploads\/2023\/11\/7f5c56_47a74e3e244b4f3394feb368061903e9mv2-1024x576.png\" alt=\"\" class=\"niceimg\" style=\"aspect-ratio:16\/9;object-fit:cover\"\/><\/a><\/figure>\n\n\n\n<p class=\"has-medium-font-size\"><a href=\"https:\/\/admissions.sze.hu\/proud-of-their-african-heritage-sze-s-international-students-send-video-message\">Videomessage marking the International Day for People of African Descent<\/a><\/p>\n<\/div>\n<\/div>\n<\/div>\n\n\n\n<div class=\"wp-block-columns is-layout-flex wp-container-core-columns-is-layout-9d6595d7 wp-block-columns-is-layout-flex\">\n<div class=\"wp-block-column is-layout-flow wp-block-column-is-layout-flow\">\n<div class=\"wp-block-group is-vertical is-layout-flex wp-container-core-group-is-layout-8cf370e7 wp-block-group-is-layout-flex\">\n<p><em>30 July 2023<\/em><\/p>\n\n\n\n<figure class=\"wp-block-image size-full\"><a href=\"https:\/\/admissions.sze.hu\/true-friendship-is-a-valuable-gift-sze-s-international-students-send-a-video-message\"><img decoding=\"async\" src=\"https:\/\/alumni.sze.hu\/en\/wp-content\/uploads\/2023\/11\/Kepernyokep-2023-11-21-112823.png\" alt=\"\" class=\"niceimg\" style=\"aspect-ratio:16\/9;object-fit:cover\"\/><\/a><\/figure>\n\n\n\n<p class=\"has-medium-font-size\"><a href=\"https:\/\/admissions.sze.hu\/true-friendship-is-a-valuable-gift-sze-s-international-students-send-a-video-message\">Videomessage marking the International Day of Friendship<\/a><\/p>\n<\/div>\n<\/div>\n\n\n\n<div class=\"wp-block-column is-layout-flow wp-block-column-is-layout-flow\">\n<div class=\"wp-block-group is-vertical is-layout-flex wp-container-core-group-is-layout-8cf370e7 wp-block-group-is-layout-flex\">\n<p><em>22 June 2023<\/em><\/p>\n\n\n\n<figure class=\"wp-block-image size-full is-resized\"><a href=\"https:\/\/admissions.sze.hu\/women-are-indispensable-in-diplomacy-a-mini-conference-organised-by-szechenyi-istvan-university\"><img decoding=\"async\" src=\"https:\/\/alumni.sze.hu\/en1\/wp-content\/uploads\/2023\/11\/women-are-indispensable-in-diplomacy-a-mini-conference-organised-by-szechenyi-istvan-university-1.jpg\" alt=\"\" class=\"niceimg\" style=\"aspect-ratio:16\/9;object-fit:cover\"\/><\/a><\/figure>\n\n\n\n<p class=\"has-medium-font-size\"><a href=\"https:\/\/admissions.sze.hu\/women-are-indispensable-in-diplomacy-a-mini-conference-organised-by-szechenyi-istvan-university\">Women in Diplomacy and International Affairs (International Day of Women in Diplomacy)<\/a><\/p>\n<\/div>\n<\/div>\n\n\n\n<div class=\"wp-block-column is-layout-flow wp-block-column-is-layout-flow\">\n<div class=\"wp-block-group is-vertical is-layout-flex wp-container-core-group-is-layout-8cf370e7 wp-block-group-is-layout-flex\">\n<p><em>31 May 2023<\/em><\/p>\n\n\n\n<figure class=\"wp-block-image size-full\"><a href=\"https:\/\/admissions.sze.hu\/admissions-news\/focus-on-role-of-the-family-at-sze-panel-discussion\"><img decoding=\"async\" src=\"https:\/\/alumni.sze.hu\/en1\/wp-content\/uploads\/2023\/11\/Kep4-1.png\" alt=\"\" class=\"niceimg\" style=\"aspect-ratio:16\/9;object-fit:cover\"\/><\/a><\/figure>\n\n\n\n<p class=\"has-medium-font-size\"><a href=\"https:\/\/admissions.sze.hu\/admissions-news\/focus-on-role-of-the-family-at-sze-panel-discussion\">Family, the Power Bank (International Day of the Family)<\/a><\/p>\n<\/div>\n<\/div>\n<\/div>\n\n\n\n<div class=\"wp-block-columns is-layout-flex wp-container-core-columns-is-layout-9d6595d7 wp-block-columns-is-layout-flex\">\n<div class=\"wp-block-column is-layout-flow wp-block-column-is-layout-flow\">\n<div class=\"wp-block-group is-vertical is-layout-flex wp-container-core-group-is-layout-8cf370e7 wp-block-group-is-layout-flex\">\n<p><em>20 April 2023<\/em><\/p>\n\n\n\n<figure class=\"wp-block-image size-large\"><a href=\"https:\/\/admissions.sze.hu\/admissions-news\/creativity-and-innovation-the-focus-of-sze-s-panel-discussions-series\"><img decoding=\"async\" src=\"https:\/\/alumni.sze.hu\/en1\/wp-content\/uploads\/2023\/11\/image5-1024x683.jpg\" alt=\"\" class=\"niceimg\" style=\"aspect-ratio:16\/9;object-fit:cover\"\/><\/a><\/figure>\n\n\n\n<p class=\"has-medium-font-size\"><a href=\"https:\/\/admissions.sze.hu\/admissions-news\/creativity-and-innovation-the-focus-of-sze-s-panel-discussions-series\">Creativity and Innovation (World Creativity and Innovation Day)<\/a><\/p>\n<\/div>\n<\/div>\n\n\n\n<div class=\"wp-block-column is-layout-flow wp-block-column-is-layout-flow\">\n<div class=\"wp-block-group is-vertical is-layout-flex wp-container-core-group-is-layout-8cf370e7 wp-block-group-is-layout-flex\">\n<p><em>9 March 2023<\/em><\/p>\n\n\n\n<figure class=\"wp-block-image size-large is-style-default\"><a href=\"https:\/\/admissions.sze.hu\/admissions-news\/women-s-and-youth-careers-the-focus-of-sze-s-mini-conference\"><img decoding=\"async\" src=\"https:\/\/alumni.sze.hu\/en1\/wp-content\/uploads\/2023\/11\/7f5c56_99a35e47c7cf42ea938a0a879bc8eb0cmv2-1024x683.webp\" alt=\"\" class=\"niceimg\" style=\"aspect-ratio:16\/9;object-fit:cover\"\/><\/a><\/figure>\n\n\n\n<p class=\"has-medium-font-size\"><a href=\"https:\/\/admissions.sze.hu\/admissions-news\/women-s-and-youth-careers-the-focus-of-sze-s-mini-conference\">2023 European Year of Skills \u2013 Key to Future Jobs<\/a><\/p>\n<\/div>\n<\/div>\n\n\n\n<div class=\"wp-block-column is-layout-flow wp-block-column-is-layout-flow\">\n<div class=\"wp-block-group is-vertical is-layout-flex wp-container-core-group-is-layout-8cf370e7 wp-block-group-is-layout-flex\">\n<p><em>11 February 2023<\/em><\/p>\n\n\n\n<figure class=\"wp-block-image size-large\"><a href=\"https:\/\/www.linkedin.com\/feed\/update\/urn:li:activity:7030828161105842176\/\"><img decoding=\"async\" src=\"https:\/\/alumni.sze.hu\/en1\/wp-content\/uploads\/2023\/11\/International-Day-of-Women-and-Girls-in-Science-1024x548.png\" alt=\"\" class=\"niceimg\" style=\"aspect-ratio:16\/9;object-fit:cover\"\/><\/a><\/figure>\n\n\n\n<p class=\"has-medium-font-size\"><a href=\"https:\/\/www.linkedin.com\/feed\/update\/urn:li:activity:7030828161105842176\/\">Videomessage marking the International Day of Women and Girls in Science<\/a><\/p>\n<\/div>\n<\/div>\n<\/div>\n\n\n\n<div class=\"wp-block-columns is-layout-flex wp-container-core-columns-is-layout-9d6595d7 wp-block-columns-is-layout-flex\">\n<div class=\"wp-block-column is-layout-flow wp-block-column-is-layout-flow\">\n<div class=\"wp-block-group is-vertical is-content-justification-left is-layout-flex wp-container-core-group-is-layout-c0ca7d81 wp-block-group-is-layout-flex\">\n<p><em>19 January 2023<\/em><\/p>\n\n\n\n<figure class=\"wp-block-image size-large\"><a href=\"https:\/\/admissions.sze.hu\/admissions-news\/gender-equality-at-the-heart-of-sze-s-new-seminar-series\"><img decoding=\"async\" src=\"https:\/\/alumni.sze.hu\/en1\/wp-content\/uploads\/2023\/11\/Gender-equality-at-the-heart-of-SZEs-new-seminar-series1-1-1024x553.jpg\" alt=\"\" class=\"niceimg\" style=\"aspect-ratio:16\/9;object-fit:cover\"\/><\/a><\/figure>\n\n\n\n<p class=\"has-medium-font-size\"><a href=\"https:\/\/admissions.sze.hu\/admissions-news\/gender-equality-at-the-heart-of-sze-s-new-seminar-series\">HR and Teleworking \u2013 the Challenges<\/a><\/p>\n<\/div>\n<\/div>\n\n\n\n<div class=\"wp-block-column is-layout-flow wp-block-column-is-layout-flow\"><\/div>\n\n\n\n<div class=\"wp-block-column is-layout-flow wp-block-column-is-layout-flow\"><\/div>\n<\/div>\n","protected":false},"excerpt":{"rendered":"<p>Previous events 13 March 2025 Success of International Students: Alumni of the Year Shared Experiences at the SZE Event 12 December 2023 Panel discussion of &#8222;Human Rights &#8211; Universal, Sustainable&#8221; &#8230;<\/p>\n","protected":false},"author":1,"featured_media":0,"parent":0,"menu_order":0,"comment_status":"closed","ping_status":"closed","template":"","meta":{"footnotes":""},"class_list":["post-6813","page","type-page","status-publish","hentry"],"yoast_head":"<!-- This site is optimized with the Yoast SEO plugin v17.8 - https:\/\/yoast.com\/wordpress\/plugins\/seo\/ -->\n<title>Events - SZE Alumni \u2013 Sz\u00e9chenyi Istv\u00e1n Egyetem<\/title>\n<meta name=\"robots\" content=\"index, follow, max-snippet:-1, max-image-preview:large, max-video-preview:-1\" \/>\n<link rel=\"canonical\" href=\"https:\/\/alumni.sze.hu\/en\/events\/\" \/>\n<meta property=\"og:locale\" content=\"hu_HU\" \/>\n<meta property=\"og:type\" content=\"article\" \/>\n<meta property=\"og:title\" content=\"Events - SZE Alumni \u2013 Sz\u00e9chenyi Istv\u00e1n Egyetem\" \/>\n<meta property=\"og:description\" content=\"Previous events 13 March 2025 Success of International Students: Alumni of the Year Shared Experiences at the SZE Event 12 December 2023 Panel discussion of &#8222;Human Rights &#8211; Universal, Sustainable&#8221; ...\" \/>\n<meta property=\"og:url\" content=\"https:\/\/alumni.sze.hu\/en\/events\/\" \/>\n<meta property=\"og:site_name\" content=\"SZE Alumni \u2013 Sz\u00e9chenyi Istv\u00e1n Egyetem\" \/>\n<meta property=\"article:modified_time\" content=\"2025-04-24T11:44:55+00:00\" \/>\n<meta property=\"og:image\" content=\"https:\/\/alumni.sze.hu\/en\/wp-content\/uploads\/2025\/04\/Success%20of%20International%20Students%20Alumni%20of%20the%20Year%20Shared%20Experiences%20at%20the%20SZE%20Event.jpg?_t=1745492325\" \/>\n<meta name=\"twitter:card\" content=\"summary_large_image\" \/>\n<meta name=\"twitter:label1\" content=\"Becs\u00fclt olvas\u00e1si id\u0151\" \/>\n\t<meta name=\"twitter:data1\" content=\"1 perc\" \/>\n<script type=\"application\/ld+json\" class=\"yoast-schema-graph\">{\"@context\":\"https:\/\/schema.org\",\"@graph\":[{\"@type\":\"WebSite\",\"@id\":\"https:\/\/alumni.sze.hu\/en\/#website\",\"url\":\"https:\/\/alumni.sze.hu\/en\/\",\"name\":\"SZE Alumni \\u2013 Sz\\u00e9chenyi Istv\\u00e1n Egyetem\",\"description\":\"SZE Alumni \\u2013 Sz\\u00e9chenyi Istv\\u00e1n Egyetem\",\"potentialAction\":[{\"@type\":\"SearchAction\",\"target\":{\"@type\":\"EntryPoint\",\"urlTemplate\":\"https:\/\/alumni.sze.hu\/en\/?s={search_term_string}\"},\"query-input\":\"required name=search_term_string\"}],\"inLanguage\":\"hu\"},{\"@type\":\"ImageObject\",\"@id\":\"https:\/\/alumni.sze.hu\/en\/events\/#primaryimage\",\"inLanguage\":\"hu\",\"url\":\"https:\/\/alumni.sze.hu\/en\/wp-content\/uploads\/2025\/04\/Success%20of%20International%20Students%20Alumni%20of%20the%20Year%20Shared%20Experiences%20at%20the%20SZE%20Event.jpg?_t=1745492325\",\"contentUrl\":\"https:\/\/alumni.sze.hu\/en\/wp-content\/uploads\/2025\/04\/Success%20of%20International%20Students%20Alumni%20of%20the%20Year%20Shared%20Experiences%20at%20the%20SZE%20Event.jpg?_t=1745492325\"},{\"@type\":\"WebPage\",\"@id\":\"https:\/\/alumni.sze.hu\/en\/events\/#webpage\",\"url\":\"https:\/\/alumni.sze.hu\/en\/events\/\",\"name\":\"Events - SZE Alumni \\u2013 Sz\\u00e9chenyi Istv\\u00e1n Egyetem\",\"isPartOf\":{\"@id\":\"https:\/\/alumni.sze.hu\/en\/#website\"},\"primaryImageOfPage\":{\"@id\":\"https:\/\/alumni.sze.hu\/en\/events\/#primaryimage\"},\"datePublished\":\"2023-10-19T10:07:20+00:00\",\"dateModified\":\"2025-04-24T11:44:55+00:00\",\"breadcrumb\":{\"@id\":\"https:\/\/alumni.sze.hu\/en\/events\/#breadcrumb\"},\"inLanguage\":\"hu\",\"potentialAction\":[{\"@type\":\"ReadAction\",\"target\":[\"https:\/\/alumni.sze.hu\/en\/events\/\"]}]},{\"@type\":\"BreadcrumbList\",\"@id\":\"https:\/\/alumni.sze.hu\/en\/events\/#breadcrumb\",\"itemListElement\":[{\"@type\":\"ListItem\",\"position\":1,\"name\":\"Homepage\",\"item\":\"https:\/\/alumni.sze.hu\/en\/\"},{\"@type\":\"ListItem\",\"position\":2,\"name\":\"Events\"}]}]}<\/script>\n<!-- \/ Yoast SEO plugin. -->","yoast_head_json":{"title":"Events - SZE Alumni \u2013 Sz\u00e9chenyi Istv\u00e1n Egyetem","robots":{"index":"index","follow":"follow","max-snippet":"max-snippet:-1","max-image-preview":"max-image-preview:large","max-video-preview":"max-video-preview:-1"},"canonical":"https:\/\/alumni.sze.hu\/en\/events\/","og_locale":"hu_HU","og_type":"article","og_title":"Events - SZE Alumni \u2013 Sz\u00e9chenyi Istv\u00e1n Egyetem","og_description":"Previous events 13 March 2025 Success of International Students: Alumni of the Year Shared Experiences at the SZE Event 12 December 2023 Panel discussion of &#8222;Human Rights &#8211; Universal, Sustainable&#8221; ...","og_url":"https:\/\/alumni.sze.hu\/en\/events\/","og_site_name":"SZE Alumni \u2013 Sz\u00e9chenyi Istv\u00e1n Egyetem","article_modified_time":"2025-04-24T11:44:55+00:00","og_image":[{"url":"https:\/\/alumni.sze.hu\/en\/wp-content\/uploads\/2025\/04\/Success%20of%20International%20Students%20Alumni%20of%20the%20Year%20Shared%20Experiences%20at%20the%20SZE%20Event.jpg?_t=1745492325"}],"twitter_card":"summary_large_image","twitter_misc":{"Becs\u00fclt olvas\u00e1si id\u0151":"1 perc"},"schema":{"@context":"https:\/\/schema.org","@graph":[{"@type":"WebSite","@id":"https:\/\/alumni.sze.hu\/en\/#website","url":"https:\/\/alumni.sze.hu\/en\/","name":"SZE Alumni \u2013 Sz\u00e9chenyi Istv\u00e1n Egyetem","description":"SZE Alumni \u2013 Sz\u00e9chenyi Istv\u00e1n Egyetem","potentialAction":[{"@type":"SearchAction","target":{"@type":"EntryPoint","urlTemplate":"https:\/\/alumni.sze.hu\/en\/?s={search_term_string}"},"query-input":"required name=search_term_string"}],"inLanguage":"hu"},{"@type":"ImageObject","@id":"https:\/\/alumni.sze.hu\/en\/events\/#primaryimage","inLanguage":"hu","url":"https:\/\/alumni.sze.hu\/en\/wp-content\/uploads\/2025\/04\/Success%20of%20International%20Students%20Alumni%20of%20the%20Year%20Shared%20Experiences%20at%20the%20SZE%20Event.jpg?_t=1745492325","contentUrl":"https:\/\/alumni.sze.hu\/en\/wp-content\/uploads\/2025\/04\/Success%20of%20International%20Students%20Alumni%20of%20the%20Year%20Shared%20Experiences%20at%20the%20SZE%20Event.jpg?_t=1745492325"},{"@type":"WebPage","@id":"https:\/\/alumni.sze.hu\/en\/events\/#webpage","url":"https:\/\/alumni.sze.hu\/en\/events\/","name":"Events - SZE Alumni \u2013 Sz\u00e9chenyi Istv\u00e1n Egyetem","isPartOf":{"@id":"https:\/\/alumni.sze.hu\/en\/#website"},"primaryImageOfPage":{"@id":"https:\/\/alumni.sze.hu\/en\/events\/#primaryimage"},"datePublished":"2023-10-19T10:07:20+00:00","dateModified":"2025-04-24T11:44:55+00:00","breadcrumb":{"@id":"https:\/\/alumni.sze.hu\/en\/events\/#breadcrumb"},"inLanguage":"hu","potentialAction":[{"@type":"ReadAction","target":["https:\/\/alumni.sze.hu\/en\/events\/"]}]},{"@type":"BreadcrumbList","@id":"https:\/\/alumni.sze.hu\/en\/events\/#breadcrumb","itemListElement":[{"@type":"ListItem","position":1,"name":"Homepage","item":"https:\/\/alumni.sze.hu\/en\/"},{"@type":"ListItem","position":2,"name":"Events"}]}]}},"_links":{"self":[{"href":"https:\/\/alumni.sze.hu\/en\/wp-json\/wp\/v2\/pages\/6813","targetHints":{"allow":["GET"]}}],"collection":[{"href":"https:\/\/alumni.sze.hu\/en\/wp-json\/wp\/v2\/pages"}],"about":[{"href":"https:\/\/alumni.sze.hu\/en\/wp-json\/wp\/v2\/types\/page"}],"author":[{"embeddable":true,"href":"https:\/\/alumni.sze.hu\/en\/wp-json\/wp\/v2\/users\/1"}],"replies":[{"embeddable":true,"href":"https:\/\/alumni.sze.hu\/en\/wp-json\/wp\/v2\/comments?post=6813"}],"version-history":[{"count":50,"href":"https:\/\/alumni.sze.hu\/en\/wp-json\/wp\/v2\/pages\/6813\/revisions"}],"predecessor-version":[{"id":8581,"href":"https:\/\/alumni.sze.hu\/en\/wp-json\/wp\/v2\/pages\/6813\/revisions\/8581"}],"wp:attachment":[{"href":"https:\/\/alumni.sze.hu\/en\/wp-json\/wp\/v2\/media?parent=6813"}],"curies":[{"name":"wp","href":"https:\/\/api.w.org\/{rel}","templated":true}]}}