{"id":6804,"date":"2023-10-19T09:54:14","date_gmt":"2023-10-19T09:54:14","guid":{"rendered":"https:\/\/alumni.sze.hu\/en1\/?page_id=6804"},"modified":"2023-11-06T10:23:52","modified_gmt":"2023-11-06T10:23:52","slug":"foreign-language-services","status":"publish","type":"page","link":"https:\/\/alumni.sze.hu\/en\/foreign-language-services\/","title":{"rendered":"Foreign language services"},"content":{"rendered":"\n<p>The Foreign Language Education Centre considers it a critically important task to assist members of the University in the field of language learning. Our services and courses are highly diverse, covering everything from language courses provided to our students, through language support recommended for our instructors to language services offered to external market players. Our palette includes a wide range of options.<\/p>\n\n\n\n<p>The language services provided by the Foreign Language Service Centre include:<\/p>\n\n\n\n<ul class=\"wp-block-list\">\n<li>Language Proficiency Testing (Accredited language proficiency exams: ORIGO, CORVINUS GENERAL, and OECONOM, Managerial\/Companion)<\/li>\n\n\n\n<li>Translation<\/li>\n\n\n\n<li>Interpreting<\/li>\n\n\n\n<li>Proofreading<\/li>\n\n\n\n<li>Business English courses for companies<\/li>\n\n\n\n<li>CAE and IELTS preparation (for further studies abroad)<\/li>\n\n\n\n<li>Preparatory courses\n<ul class=\"wp-block-list\">\n<li>Preparatory courses for the secondary school leaving exam<\/li>\n\n\n\n<li>General and professional language proficiency exam preparatory courses<\/li>\n<\/ul>\n<\/li>\n\n\n\n<li>Organizing practice language proficiency exams<\/li>\n\n\n\n<li>Summer camps \u2013 in collaboration with MOBILIS and the Department of Sports Science<\/li>\n\n\n\n<li>Specialized Continuing Education More information is available on the <a href=\"https:\/\/admissions.sze.hu\/international-study-programs\">https:\/\/admissions.sze.hu\/international-study-programs<\/a> website, and our colleagues are readily available at the <a href=\"mailto:nyvkp@sze.hu\">nyvkp@sze.hu<\/a> email address or by calling +36 96\/613 552.<\/li>\n<\/ul>\n","protected":false},"excerpt":{"rendered":"<p>The Foreign Language Education Centre considers it a critically important task to assist members of the University in the field of language learning. Our services and courses are highly diverse, &#8230;<\/p>\n","protected":false},"author":1,"featured_media":1093,"parent":0,"menu_order":0,"comment_status":"closed","ping_status":"closed","template":"","meta":{"footnotes":""},"class_list":["post-6804","page","type-page","status-publish","has-post-thumbnail","hentry"],"yoast_head":"<!-- This site is optimized with the Yoast SEO plugin v17.8 - https:\/\/yoast.com\/wordpress\/plugins\/seo\/ -->\n<title>Foreign language services - SZE Alumni \u2013 Sz\u00e9chenyi Istv\u00e1n Egyetem<\/title>\n<meta name=\"robots\" content=\"index, follow, max-snippet:-1, max-image-preview:large, max-video-preview:-1\" \/>\n<link rel=\"canonical\" href=\"https:\/\/alumni.sze.hu\/en\/foreign-language-services\/\" \/>\n<meta property=\"og:locale\" content=\"hu_HU\" \/>\n<meta property=\"og:type\" content=\"article\" \/>\n<meta property=\"og:title\" content=\"Foreign language services - SZE Alumni \u2013 Sz\u00e9chenyi Istv\u00e1n Egyetem\" \/>\n<meta property=\"og:description\" content=\"The Foreign Language Education Centre considers it a critically important task to assist members of the University in the field of language learning. Our services and courses are highly diverse, ...\" \/>\n<meta property=\"og:url\" content=\"https:\/\/alumni.sze.hu\/en\/foreign-language-services\/\" \/>\n<meta property=\"og:site_name\" content=\"SZE Alumni \u2013 Sz\u00e9chenyi Istv\u00e1n Egyetem\" \/>\n<meta property=\"article:modified_time\" content=\"2023-11-06T10:23:52+00:00\" \/>\n<meta property=\"og:image\" content=\"https:\/\/alumni.sze.hu\/en\/wp-content\/uploads\/2021\/12\/Nevtelen-terv-5-e1638880673666.png\" \/>\n\t<meta property=\"og:image:width\" content=\"1640\" \/>\n\t<meta property=\"og:image:height\" content=\"537\" \/>\n<meta name=\"twitter:card\" content=\"summary_large_image\" \/>\n<meta name=\"twitter:label1\" content=\"Becs\u00fclt olvas\u00e1si id\u0151\" \/>\n\t<meta name=\"twitter:data1\" content=\"1 perc\" \/>\n<script type=\"application\/ld+json\" class=\"yoast-schema-graph\">{\"@context\":\"https:\/\/schema.org\",\"@graph\":[{\"@type\":\"WebSite\",\"@id\":\"https:\/\/alumni.sze.hu\/en\/#website\",\"url\":\"https:\/\/alumni.sze.hu\/en\/\",\"name\":\"SZE Alumni \\u2013 Sz\\u00e9chenyi Istv\\u00e1n Egyetem\",\"description\":\"SZE Alumni \\u2013 Sz\\u00e9chenyi Istv\\u00e1n Egyetem\",\"potentialAction\":[{\"@type\":\"SearchAction\",\"target\":{\"@type\":\"EntryPoint\",\"urlTemplate\":\"https:\/\/alumni.sze.hu\/en\/?s={search_term_string}\"},\"query-input\":\"required name=search_term_string\"}],\"inLanguage\":\"hu\"},{\"@type\":\"ImageObject\",\"@id\":\"https:\/\/alumni.sze.hu\/en\/foreign-language-services\/#primaryimage\",\"inLanguage\":\"hu\",\"url\":\"https:\/\/alumni.sze.hu\/en\/wp-content\/uploads\/2021\/12\/Nevtelen-terv-5-e1638880673666.png\",\"contentUrl\":\"https:\/\/alumni.sze.hu\/en\/wp-content\/uploads\/2021\/12\/Nevtelen-terv-5-e1638880673666.png\",\"width\":1640,\"height\":537},{\"@type\":\"WebPage\",\"@id\":\"https:\/\/alumni.sze.hu\/en\/foreign-language-services\/#webpage\",\"url\":\"https:\/\/alumni.sze.hu\/en\/foreign-language-services\/\",\"name\":\"Foreign language services - SZE Alumni \\u2013 Sz\\u00e9chenyi Istv\\u00e1n Egyetem\",\"isPartOf\":{\"@id\":\"https:\/\/alumni.sze.hu\/en\/#website\"},\"primaryImageOfPage\":{\"@id\":\"https:\/\/alumni.sze.hu\/en\/foreign-language-services\/#primaryimage\"},\"datePublished\":\"2023-10-19T09:54:14+00:00\",\"dateModified\":\"2023-11-06T10:23:52+00:00\",\"breadcrumb\":{\"@id\":\"https:\/\/alumni.sze.hu\/en\/foreign-language-services\/#breadcrumb\"},\"inLanguage\":\"hu\",\"potentialAction\":[{\"@type\":\"ReadAction\",\"target\":[\"https:\/\/alumni.sze.hu\/en\/foreign-language-services\/\"]}]},{\"@type\":\"BreadcrumbList\",\"@id\":\"https:\/\/alumni.sze.hu\/en\/foreign-language-services\/#breadcrumb\",\"itemListElement\":[{\"@type\":\"ListItem\",\"position\":1,\"name\":\"Homepage\",\"item\":\"https:\/\/alumni.sze.hu\/en\/\"},{\"@type\":\"ListItem\",\"position\":2,\"name\":\"Foreign language services\"}]}]}<\/script>\n<!-- \/ Yoast SEO plugin. -->","yoast_head_json":{"title":"Foreign language services - SZE Alumni \u2013 Sz\u00e9chenyi Istv\u00e1n Egyetem","robots":{"index":"index","follow":"follow","max-snippet":"max-snippet:-1","max-image-preview":"max-image-preview:large","max-video-preview":"max-video-preview:-1"},"canonical":"https:\/\/alumni.sze.hu\/en\/foreign-language-services\/","og_locale":"hu_HU","og_type":"article","og_title":"Foreign language services - SZE Alumni \u2013 Sz\u00e9chenyi Istv\u00e1n Egyetem","og_description":"The Foreign Language Education Centre considers it a critically important task to assist members of the University in the field of language learning. Our services and courses are highly diverse, ...","og_url":"https:\/\/alumni.sze.hu\/en\/foreign-language-services\/","og_site_name":"SZE Alumni \u2013 Sz\u00e9chenyi Istv\u00e1n Egyetem","article_modified_time":"2023-11-06T10:23:52+00:00","og_image":[{"width":1640,"height":537,"url":"https:\/\/alumni.sze.hu\/en\/wp-content\/uploads\/2021\/12\/Nevtelen-terv-5-e1638880673666.png","type":"image\/png"}],"twitter_card":"summary_large_image","twitter_misc":{"Becs\u00fclt olvas\u00e1si id\u0151":"1 perc"},"schema":{"@context":"https:\/\/schema.org","@graph":[{"@type":"WebSite","@id":"https:\/\/alumni.sze.hu\/en\/#website","url":"https:\/\/alumni.sze.hu\/en\/","name":"SZE Alumni \u2013 Sz\u00e9chenyi Istv\u00e1n Egyetem","description":"SZE Alumni \u2013 Sz\u00e9chenyi Istv\u00e1n Egyetem","potentialAction":[{"@type":"SearchAction","target":{"@type":"EntryPoint","urlTemplate":"https:\/\/alumni.sze.hu\/en\/?s={search_term_string}"},"query-input":"required name=search_term_string"}],"inLanguage":"hu"},{"@type":"ImageObject","@id":"https:\/\/alumni.sze.hu\/en\/foreign-language-services\/#primaryimage","inLanguage":"hu","url":"https:\/\/alumni.sze.hu\/en\/wp-content\/uploads\/2021\/12\/Nevtelen-terv-5-e1638880673666.png","contentUrl":"https:\/\/alumni.sze.hu\/en\/wp-content\/uploads\/2021\/12\/Nevtelen-terv-5-e1638880673666.png","width":1640,"height":537},{"@type":"WebPage","@id":"https:\/\/alumni.sze.hu\/en\/foreign-language-services\/#webpage","url":"https:\/\/alumni.sze.hu\/en\/foreign-language-services\/","name":"Foreign language services - SZE Alumni \u2013 Sz\u00e9chenyi Istv\u00e1n Egyetem","isPartOf":{"@id":"https:\/\/alumni.sze.hu\/en\/#website"},"primaryImageOfPage":{"@id":"https:\/\/alumni.sze.hu\/en\/foreign-language-services\/#primaryimage"},"datePublished":"2023-10-19T09:54:14+00:00","dateModified":"2023-11-06T10:23:52+00:00","breadcrumb":{"@id":"https:\/\/alumni.sze.hu\/en\/foreign-language-services\/#breadcrumb"},"inLanguage":"hu","potentialAction":[{"@type":"ReadAction","target":["https:\/\/alumni.sze.hu\/en\/foreign-language-services\/"]}]},{"@type":"BreadcrumbList","@id":"https:\/\/alumni.sze.hu\/en\/foreign-language-services\/#breadcrumb","itemListElement":[{"@type":"ListItem","position":1,"name":"Homepage","item":"https:\/\/alumni.sze.hu\/en\/"},{"@type":"ListItem","position":2,"name":"Foreign language services"}]}]}},"_links":{"self":[{"href":"https:\/\/alumni.sze.hu\/en\/wp-json\/wp\/v2\/pages\/6804","targetHints":{"allow":["GET"]}}],"collection":[{"href":"https:\/\/alumni.sze.hu\/en\/wp-json\/wp\/v2\/pages"}],"about":[{"href":"https:\/\/alumni.sze.hu\/en\/wp-json\/wp\/v2\/types\/page"}],"author":[{"embeddable":true,"href":"https:\/\/alumni.sze.hu\/en\/wp-json\/wp\/v2\/users\/1"}],"replies":[{"embeddable":true,"href":"https:\/\/alumni.sze.hu\/en\/wp-json\/wp\/v2\/comments?post=6804"}],"version-history":[{"count":3,"href":"https:\/\/alumni.sze.hu\/en\/wp-json\/wp\/v2\/pages\/6804\/revisions"}],"predecessor-version":[{"id":7732,"href":"https:\/\/alumni.sze.hu\/en\/wp-json\/wp\/v2\/pages\/6804\/revisions\/7732"}],"wp:featuredmedia":[{"embeddable":true,"href":"https:\/\/alumni.sze.hu\/en\/wp-json\/wp\/v2\/media\/1093"}],"wp:attachment":[{"href":"https:\/\/alumni.sze.hu\/en\/wp-json\/wp\/v2\/media?parent=6804"}],"curies":[{"name":"wp","href":"https:\/\/api.w.org\/{rel}","templated":true}]}}