{"id":6798,"date":"2023-10-19T09:50:35","date_gmt":"2023-10-19T09:50:35","guid":{"rendered":"https:\/\/alumni.sze.hu\/en1\/?page_id=6798"},"modified":"2023-11-23T09:23:30","modified_gmt":"2023-11-23T09:23:30","slug":"media-services","status":"publish","type":"page","link":"https:\/\/alumni.sze.hu\/en\/media-services\/","title":{"rendered":"Media"},"content":{"rendered":"\n<p>The Communication and Alumni Directorate of Sz\u00e9chenyi Istv\u00e1n University, including the Design Media Centre within it, offers services such as graphic design, creative writing, advertising, and marketing services, allowing us to meet both smaller and more complex needs.<\/p>\n\n\n\n<p>Please review our portfolios and feel free to contact us.<\/p>\n\n\n\n<p><strong>Contact:<\/strong><\/p>\n\n\n\n<p>G\u00e1bor Hancz<\/p>\n\n\n\n<p>Directorate for Communication and Press Relations<\/p>\n\n\n\n<p>Sz\u00e9chenyi Istv\u00e1n University<\/p>\n\n\n\n<p>Address: 9026, Gy\u0151r, Egyetem t\u00e9r 1.<\/p>\n\n\n\n<p>Email: <a href=\"mailto:hancz.gabor@sze.hu\">hancz.gabor@sze.hu<\/a> | <a href=\"mailto:kommunikacio@sze.hu\">kommunikacio@sze.hu<\/a><\/p>\n\n\n\n<hr class=\"wp-block-separator has-alpha-channel-opacity is-style-wide\"\/>\n\n\n\n<p class=\"has-text-align-center has-medium-font-size\"><strong>Studio, Creative Writing<\/strong><strong><\/strong><\/p>\n\n\n\n<p><strong><mark style=\"background-color:rgba(0, 0, 0, 0)\" class=\"has-inline-color has-vivid-red-color\">Greenbox Studio:<\/mark><\/strong><\/p>\n\n\n\n<ul class=\"wp-block-list\">\n<li>Recording of communication materials, recording of presentations in a virtual space, photography<\/li>\n\n\n\n<li>Rental on a market basis, hourly or daily rates (additional cost for studio equipment and personnel)<\/li>\n<\/ul>\n\n\n\n<p><strong><mark style=\"background-color:rgba(0, 0, 0, 0)\" class=\"has-inline-color has-vivid-cyan-blue-color\">Built Studio Set:<\/mark><\/strong><\/p>\n\n\n\n<ul class=\"wp-block-list\">\n<li>Recording of speeches, announcements in a modern, clean environment with appropriate visual and audio conditions<\/li>\n\n\n\n<li>Conducting roundtable discussions<\/li>\n\n\n\n<li>Photography location<\/li>\n\n\n\n<li>Rental on a market basis, hourly or daily rates (additional cost for studio equipment and personnel)<\/li>\n<\/ul>\n\n\n\n<p><strong><mark style=\"background-color:rgba(0, 0, 0, 0)\" class=\"has-inline-color has-pale-cyan-blue-color\">Sound Studio:<\/mark><\/strong><\/p>\n\n\n\n<ul class=\"wp-block-list\">\n<li>Recording, editing, and publishing of sound recordings<\/li>\n\n\n\n<li>Voiceovers, readings, synchronization, narration<\/li>\n\n\n\n<li>Production of radio spots<\/li>\n\n\n\n<li>Rental on a market basis, hourly or daily rates<\/li>\n<\/ul>\n\n\n\n<p><strong><mark style=\"background-color:rgba(0, 0, 0, 0)\" class=\"has-inline-color has-vivid-green-cyan-color\">Office and Workstations:<\/mark><\/strong><\/p>\n\n\n\n<ul class=\"wp-block-list\">\n<li>Creative consultancy for startup projects, organization operations, and the creation of communication materials<\/li>\n\n\n\n<li>Corporate design<\/li>\n\n\n\n<li>Fulfilment and support of project branding and graphic requirements<\/li>\n<\/ul>\n\n\n\n<p><strong><mark style=\"background-color:rgba(0, 0, 0, 0)\" class=\"has-inline-color has-vivid-purple-color\">Creative Writing:<\/mark><\/strong><\/p>\n\n\n\n<ul class=\"wp-block-list\">\n<li>PR articles, creative texts tailored to the client&#8217;s needs<\/li>\n<\/ul>\n\n\n\n<hr class=\"wp-block-separator has-alpha-channel-opacity is-style-wide\"\/>\n\n\n\n<p class=\"has-text-align-center has-medium-font-size\"><strong>Advertising Services, Advertising Opportunities<\/strong><strong><\/strong><\/p>\n\n\n\n<p>Within our communication services, we can assist in building your company&#8217;s employer brand, public relations appearances, as well as with field marketing or product placement. Our experts can help in coordinating opportunities for engagement with students or in strategic collaborations.<\/p>\n\n\n\n<p>Choose from our package offers to provide opportunities for advertising on online and offline platforms managed by the University for your company or organization.<\/p>\n\n\n\n<p>Available services:<\/p>\n\n\n\n<ul class=\"wp-block-list\">\n<li>Sending newsletters<\/li>\n\n\n\n<li>Creative advertising spaces on campuses and in Halls of Residence<\/li>\n\n\n\n<li>Product placement opportunities<\/li>\n\n\n\n<li>Career services and career orientation<\/li>\n\n\n\n<li>Research collaborations<\/li>\n<\/ul>\n","protected":false},"excerpt":{"rendered":"<p>The Communication and Alumni Directorate of Sz\u00e9chenyi Istv\u00e1n University, including the Design Media Centre within it, offers services such as graphic design, creative writing, advertising, and marketing services, allowing us &#8230;<\/p>\n","protected":false},"author":1,"featured_media":0,"parent":0,"menu_order":0,"comment_status":"closed","ping_status":"closed","template":"","meta":{"footnotes":""},"class_list":["post-6798","page","type-page","status-publish","hentry"],"yoast_head":"<!-- This site is optimized with the Yoast SEO plugin v17.8 - https:\/\/yoast.com\/wordpress\/plugins\/seo\/ -->\n<title>Media - SZE Alumni \u2013 Sz\u00e9chenyi Istv\u00e1n Egyetem<\/title>\n<meta name=\"robots\" content=\"index, follow, max-snippet:-1, max-image-preview:large, max-video-preview:-1\" \/>\n<link rel=\"canonical\" href=\"https:\/\/alumni.sze.hu\/en\/media-services\/\" \/>\n<meta property=\"og:locale\" content=\"hu_HU\" \/>\n<meta property=\"og:type\" content=\"article\" \/>\n<meta property=\"og:title\" content=\"Media - SZE Alumni \u2013 Sz\u00e9chenyi Istv\u00e1n Egyetem\" \/>\n<meta property=\"og:description\" content=\"The Communication and Alumni Directorate of Sz\u00e9chenyi Istv\u00e1n University, including the Design Media Centre within it, offers services such as graphic design, creative writing, advertising, and marketing services, allowing us ...\" \/>\n<meta property=\"og:url\" content=\"https:\/\/alumni.sze.hu\/en\/media-services\/\" \/>\n<meta property=\"og:site_name\" content=\"SZE Alumni \u2013 Sz\u00e9chenyi Istv\u00e1n Egyetem\" \/>\n<meta property=\"article:modified_time\" content=\"2023-11-23T09:23:30+00:00\" \/>\n<meta name=\"twitter:card\" content=\"summary_large_image\" \/>\n<meta name=\"twitter:label1\" content=\"Becs\u00fclt olvas\u00e1si id\u0151\" \/>\n\t<meta name=\"twitter:data1\" content=\"2 perc\" \/>\n<script type=\"application\/ld+json\" class=\"yoast-schema-graph\">{\"@context\":\"https:\/\/schema.org\",\"@graph\":[{\"@type\":\"WebSite\",\"@id\":\"https:\/\/alumni.sze.hu\/en\/#website\",\"url\":\"https:\/\/alumni.sze.hu\/en\/\",\"name\":\"SZE Alumni \\u2013 Sz\\u00e9chenyi Istv\\u00e1n Egyetem\",\"description\":\"SZE Alumni \\u2013 Sz\\u00e9chenyi Istv\\u00e1n Egyetem\",\"potentialAction\":[{\"@type\":\"SearchAction\",\"target\":{\"@type\":\"EntryPoint\",\"urlTemplate\":\"https:\/\/alumni.sze.hu\/en\/?s={search_term_string}\"},\"query-input\":\"required name=search_term_string\"}],\"inLanguage\":\"hu\"},{\"@type\":\"WebPage\",\"@id\":\"https:\/\/alumni.sze.hu\/en\/media-services\/#webpage\",\"url\":\"https:\/\/alumni.sze.hu\/en\/media-services\/\",\"name\":\"Media - SZE Alumni \\u2013 Sz\\u00e9chenyi Istv\\u00e1n Egyetem\",\"isPartOf\":{\"@id\":\"https:\/\/alumni.sze.hu\/en\/#website\"},\"datePublished\":\"2023-10-19T09:50:35+00:00\",\"dateModified\":\"2023-11-23T09:23:30+00:00\",\"breadcrumb\":{\"@id\":\"https:\/\/alumni.sze.hu\/en\/media-services\/#breadcrumb\"},\"inLanguage\":\"hu\",\"potentialAction\":[{\"@type\":\"ReadAction\",\"target\":[\"https:\/\/alumni.sze.hu\/en\/media-services\/\"]}]},{\"@type\":\"BreadcrumbList\",\"@id\":\"https:\/\/alumni.sze.hu\/en\/media-services\/#breadcrumb\",\"itemListElement\":[{\"@type\":\"ListItem\",\"position\":1,\"name\":\"Homepage\",\"item\":\"https:\/\/alumni.sze.hu\/en\/\"},{\"@type\":\"ListItem\",\"position\":2,\"name\":\"Media\"}]}]}<\/script>\n<!-- \/ Yoast SEO plugin. -->","yoast_head_json":{"title":"Media - SZE Alumni \u2013 Sz\u00e9chenyi Istv\u00e1n Egyetem","robots":{"index":"index","follow":"follow","max-snippet":"max-snippet:-1","max-image-preview":"max-image-preview:large","max-video-preview":"max-video-preview:-1"},"canonical":"https:\/\/alumni.sze.hu\/en\/media-services\/","og_locale":"hu_HU","og_type":"article","og_title":"Media - SZE Alumni \u2013 Sz\u00e9chenyi Istv\u00e1n Egyetem","og_description":"The Communication and Alumni Directorate of Sz\u00e9chenyi Istv\u00e1n University, including the Design Media Centre within it, offers services such as graphic design, creative writing, advertising, and marketing services, allowing us ...","og_url":"https:\/\/alumni.sze.hu\/en\/media-services\/","og_site_name":"SZE Alumni \u2013 Sz\u00e9chenyi Istv\u00e1n Egyetem","article_modified_time":"2023-11-23T09:23:30+00:00","twitter_card":"summary_large_image","twitter_misc":{"Becs\u00fclt olvas\u00e1si id\u0151":"2 perc"},"schema":{"@context":"https:\/\/schema.org","@graph":[{"@type":"WebSite","@id":"https:\/\/alumni.sze.hu\/en\/#website","url":"https:\/\/alumni.sze.hu\/en\/","name":"SZE Alumni \u2013 Sz\u00e9chenyi Istv\u00e1n Egyetem","description":"SZE Alumni \u2013 Sz\u00e9chenyi Istv\u00e1n Egyetem","potentialAction":[{"@type":"SearchAction","target":{"@type":"EntryPoint","urlTemplate":"https:\/\/alumni.sze.hu\/en\/?s={search_term_string}"},"query-input":"required name=search_term_string"}],"inLanguage":"hu"},{"@type":"WebPage","@id":"https:\/\/alumni.sze.hu\/en\/media-services\/#webpage","url":"https:\/\/alumni.sze.hu\/en\/media-services\/","name":"Media - SZE Alumni \u2013 Sz\u00e9chenyi Istv\u00e1n Egyetem","isPartOf":{"@id":"https:\/\/alumni.sze.hu\/en\/#website"},"datePublished":"2023-10-19T09:50:35+00:00","dateModified":"2023-11-23T09:23:30+00:00","breadcrumb":{"@id":"https:\/\/alumni.sze.hu\/en\/media-services\/#breadcrumb"},"inLanguage":"hu","potentialAction":[{"@type":"ReadAction","target":["https:\/\/alumni.sze.hu\/en\/media-services\/"]}]},{"@type":"BreadcrumbList","@id":"https:\/\/alumni.sze.hu\/en\/media-services\/#breadcrumb","itemListElement":[{"@type":"ListItem","position":1,"name":"Homepage","item":"https:\/\/alumni.sze.hu\/en\/"},{"@type":"ListItem","position":2,"name":"Media"}]}]}},"_links":{"self":[{"href":"https:\/\/alumni.sze.hu\/en\/wp-json\/wp\/v2\/pages\/6798","targetHints":{"allow":["GET"]}}],"collection":[{"href":"https:\/\/alumni.sze.hu\/en\/wp-json\/wp\/v2\/pages"}],"about":[{"href":"https:\/\/alumni.sze.hu\/en\/wp-json\/wp\/v2\/types\/page"}],"author":[{"embeddable":true,"href":"https:\/\/alumni.sze.hu\/en\/wp-json\/wp\/v2\/users\/1"}],"replies":[{"embeddable":true,"href":"https:\/\/alumni.sze.hu\/en\/wp-json\/wp\/v2\/comments?post=6798"}],"version-history":[{"count":3,"href":"https:\/\/alumni.sze.hu\/en\/wp-json\/wp\/v2\/pages\/6798\/revisions"}],"predecessor-version":[{"id":7184,"href":"https:\/\/alumni.sze.hu\/en\/wp-json\/wp\/v2\/pages\/6798\/revisions\/7184"}],"wp:attachment":[{"href":"https:\/\/alumni.sze.hu\/en\/wp-json\/wp\/v2\/media?parent=6798"}],"curies":[{"name":"wp","href":"https:\/\/api.w.org\/{rel}","templated":true}]}}