{"id":6796,"date":"2023-10-19T09:49:54","date_gmt":"2023-10-19T09:49:54","guid":{"rendered":"https:\/\/alumni.sze.hu\/en1\/?page_id=6796"},"modified":"2023-11-23T09:59:33","modified_gmt":"2023-11-23T09:59:33","slug":"sport-facilitites-rental","status":"publish","type":"page","link":"https:\/\/alumni.sze.hu\/en\/sport-facilitites-rental\/","title":{"rendered":"Sport Facility Rental"},"content":{"rendered":"\n<p>Sport for us is of utmost importance. This is why Sz\u00e9chenyi Istv\u00e1n University offers as many sport opportunities as possible and encourages students and employees to be part of the SZE Sports Community.<\/p>\n\n\n\n<p>The good news for sports enthusiasts is that they can join the <strong>Sz\u00e9chenyi Istv\u00e1n University Sports Member Community<\/strong> by showing their Alumni Card and paying the annual fee, and thus they will enjoy many discounts.<\/p>\n\n\n\n<p>For more information, please visit the <strong>University Sports Office<\/strong> (9026, Gy\u0151r, University Hall, 2nd floor), every week during term time <strong>Tuesdays and Thursdays between 17:00 \u2013 19:00<\/strong>.<\/p>\n\n\n\n<p>You can read more about the SZE Sports Membership Card here:&nbsp;<\/p>\n\n\n\n<p><a href=\"https:\/\/tsk.sze.hu\/sportpartoloi-igazolvany-1\">https:\/\/tsk.sze.hu\/sportpartoloi-igazolvany-1<\/a><\/p>\n\n\n\n<p>We invite you to take advantage of our high-level courses and sports grounds.&nbsp;<\/p>\n\n\n\n<p>Join SZE Sports Community and recharge at Sz\u00e9chenyi University!<\/p>\n\n\n\n<p class=\"has-white-color has-text-color has-background\" style=\"background-color:#309c4f\"><strong>Sz\u00e9chenyi Istv\u00e1n University Sports Park:<\/strong><\/p>\n\n\n\n<p><em>6 side soccer pitch (artificial turf)<\/em><\/p>\n\n\n\n<p><em>basketball court (6 hoop)<\/em><\/p>\n\n\n\n<p><em>4 beach volleyball court<\/em><\/p>\n\n\n\n<p><em>500 m running track (synthetic)<\/em><\/p>\n\n\n\n<p>Information and booking:<\/p>\n\n\n\n<p>Vikt\u00f3ria Pauer &#8211; <a href=\"mailto:info@unirusty.com\">info@unirusty.com<\/a><\/p>\n\n\n\n<p class=\"has-white-color has-cyan-bluish-gray-background-color has-text-color has-background\"><strong>Indoor sport facilities and halls in Gy\u0151r:<\/strong><\/p>\n\n\n\n<p><em>Information and booking:<\/em><\/p>\n\n\n\n<p>Klaudia S\u00f6ller &#8211; <a href=\"mailto:soller.klaudia@sze.hu\">soller.klaudia@sze.hu<\/a><\/p>\n\n\n\n<p class=\"has-white-color has-text-color has-background\" style=\"background-color:#148ed4\"><strong>At the Sieger Sport &amp; Gastro Bar:<\/strong><\/p>\n\n\n\n<p><em>Foot tennis court and Teqball<\/em><\/p>\n\n\n\n<p>Information and booking:<\/p>\n\n\n\n<p>+36-20 615 6491&nbsp;<\/p>\n\n\n\n<p><a href=\"mailto:info@sieger.hu\">info@sieger.hu<\/a><\/p>\n\n\n\n<p class=\"has-white-color has-vivid-red-background-color has-text-color has-background\"><strong>Bowling alley in Gy\u0151r<\/strong><\/p>\n\n\n\n<p>Famulus Business**** and Conference Hotel<\/p>\n\n\n\n<p>Information and booking:<\/p>\n\n\n\n<p>+36-96 547&nbsp;770&nbsp;<\/p>\n\n\n\n<p><a href=\"https:\/\/famulushotel.hu\/palyafoglalas\">https:\/\/famulushotel.hu\/palyafoglalas<\/a><\/p>\n\n\n\n<p class=\"has-white-color has-vivid-purple-background-color has-text-color has-background\" style=\"font-size:16px\"><strong>Facilities at Mosonmagyar\u00f3v\u00e1r<\/strong><\/p>\n\n\n\n<p><em>MOGAAC Hall<\/em><\/p>\n\n\n\n<p>Information and booking:&nbsp; <a href=\"http:\/\/mogaac.hu\/\">http:\/\/mogaac.hu\/<\/a><\/p>\n\n\n\n<p><em>Mosonmagyar\u00f3v\u00e1ri Water Sports Association<\/em><\/p>\n\n\n\n<p>Information and booking:<\/p>\n\n\n\n<p>Marica P\u00e9ntek \u2013 facility manager<\/p>\n\n\n\n<p><a href=\"mailto:pentek.marica@sze.hu\">pentek.marica@sze.hu<\/a><\/p>\n","protected":false},"excerpt":{"rendered":"<p>Sport for us is of utmost importance. This is why Sz\u00e9chenyi Istv\u00e1n University offers as many sport opportunities as possible and encourages students and employees to be part of the &#8230;<\/p>\n","protected":false},"author":1,"featured_media":1074,"parent":0,"menu_order":0,"comment_status":"closed","ping_status":"closed","template":"","meta":{"footnotes":""},"class_list":["post-6796","page","type-page","status-publish","has-post-thumbnail","hentry"],"yoast_head":"<!-- This site is optimized with the Yoast SEO plugin v17.8 - https:\/\/yoast.com\/wordpress\/plugins\/seo\/ -->\n<title>Sport Facility Rental - SZE Alumni \u2013 Sz\u00e9chenyi Istv\u00e1n Egyetem<\/title>\n<meta name=\"robots\" content=\"index, follow, max-snippet:-1, max-image-preview:large, max-video-preview:-1\" \/>\n<link rel=\"canonical\" href=\"https:\/\/alumni.sze.hu\/en\/sport-facilitites-rental\/\" \/>\n<meta property=\"og:locale\" content=\"hu_HU\" \/>\n<meta property=\"og:type\" content=\"article\" \/>\n<meta property=\"og:title\" content=\"Sport Facility Rental - SZE Alumni \u2013 Sz\u00e9chenyi Istv\u00e1n Egyetem\" \/>\n<meta property=\"og:description\" content=\"Sport for us is of utmost importance. This is why Sz\u00e9chenyi Istv\u00e1n University offers as many sport opportunities as possible and encourages students and employees to be part of the ...\" \/>\n<meta property=\"og:url\" content=\"https:\/\/alumni.sze.hu\/en\/sport-facilitites-rental\/\" \/>\n<meta property=\"og:site_name\" content=\"SZE Alumni \u2013 Sz\u00e9chenyi Istv\u00e1n Egyetem\" \/>\n<meta property=\"article:modified_time\" content=\"2023-11-23T09:59:33+00:00\" \/>\n<meta property=\"og:image\" content=\"https:\/\/alumni.sze.hu\/en\/wp-content\/uploads\/2021\/12\/SZE_Fuves_palya_06_Horvath_Marton-scaled-e1638876541268.jpg\" \/>\n\t<meta property=\"og:image:width\" content=\"2560\" \/>\n\t<meta property=\"og:image:height\" content=\"768\" \/>\n<meta name=\"twitter:card\" content=\"summary_large_image\" \/>\n<meta name=\"twitter:label1\" content=\"Becs\u00fclt olvas\u00e1si id\u0151\" \/>\n\t<meta name=\"twitter:data1\" content=\"1 perc\" \/>\n<script type=\"application\/ld+json\" class=\"yoast-schema-graph\">{\"@context\":\"https:\/\/schema.org\",\"@graph\":[{\"@type\":\"WebSite\",\"@id\":\"https:\/\/alumni.sze.hu\/en\/#website\",\"url\":\"https:\/\/alumni.sze.hu\/en\/\",\"name\":\"SZE Alumni \\u2013 Sz\\u00e9chenyi Istv\\u00e1n Egyetem\",\"description\":\"SZE Alumni \\u2013 Sz\\u00e9chenyi Istv\\u00e1n Egyetem\",\"potentialAction\":[{\"@type\":\"SearchAction\",\"target\":{\"@type\":\"EntryPoint\",\"urlTemplate\":\"https:\/\/alumni.sze.hu\/en\/?s={search_term_string}\"},\"query-input\":\"required name=search_term_string\"}],\"inLanguage\":\"hu\"},{\"@type\":\"ImageObject\",\"@id\":\"https:\/\/alumni.sze.hu\/en\/sport-facilitites-rental\/#primaryimage\",\"inLanguage\":\"hu\",\"url\":\"https:\/\/alumni.sze.hu\/en\/wp-content\/uploads\/2021\/12\/SZE_Fuves_palya_06_Horvath_Marton-scaled-e1638876541268.jpg\",\"contentUrl\":\"https:\/\/alumni.sze.hu\/en\/wp-content\/uploads\/2021\/12\/SZE_Fuves_palya_06_Horvath_Marton-scaled-e1638876541268.jpg\",\"width\":2560,\"height\":768},{\"@type\":\"WebPage\",\"@id\":\"https:\/\/alumni.sze.hu\/en\/sport-facilitites-rental\/#webpage\",\"url\":\"https:\/\/alumni.sze.hu\/en\/sport-facilitites-rental\/\",\"name\":\"Sport Facility Rental - SZE Alumni \\u2013 Sz\\u00e9chenyi Istv\\u00e1n Egyetem\",\"isPartOf\":{\"@id\":\"https:\/\/alumni.sze.hu\/en\/#website\"},\"primaryImageOfPage\":{\"@id\":\"https:\/\/alumni.sze.hu\/en\/sport-facilitites-rental\/#primaryimage\"},\"datePublished\":\"2023-10-19T09:49:54+00:00\",\"dateModified\":\"2023-11-23T09:59:33+00:00\",\"breadcrumb\":{\"@id\":\"https:\/\/alumni.sze.hu\/en\/sport-facilitites-rental\/#breadcrumb\"},\"inLanguage\":\"hu\",\"potentialAction\":[{\"@type\":\"ReadAction\",\"target\":[\"https:\/\/alumni.sze.hu\/en\/sport-facilitites-rental\/\"]}]},{\"@type\":\"BreadcrumbList\",\"@id\":\"https:\/\/alumni.sze.hu\/en\/sport-facilitites-rental\/#breadcrumb\",\"itemListElement\":[{\"@type\":\"ListItem\",\"position\":1,\"name\":\"Homepage\",\"item\":\"https:\/\/alumni.sze.hu\/en\/\"},{\"@type\":\"ListItem\",\"position\":2,\"name\":\"Sport Facility Rental\"}]}]}<\/script>\n<!-- \/ Yoast SEO plugin. -->","yoast_head_json":{"title":"Sport Facility Rental - SZE Alumni \u2013 Sz\u00e9chenyi Istv\u00e1n Egyetem","robots":{"index":"index","follow":"follow","max-snippet":"max-snippet:-1","max-image-preview":"max-image-preview:large","max-video-preview":"max-video-preview:-1"},"canonical":"https:\/\/alumni.sze.hu\/en\/sport-facilitites-rental\/","og_locale":"hu_HU","og_type":"article","og_title":"Sport Facility Rental - SZE Alumni \u2013 Sz\u00e9chenyi Istv\u00e1n Egyetem","og_description":"Sport for us is of utmost importance. This is why Sz\u00e9chenyi Istv\u00e1n University offers as many sport opportunities as possible and encourages students and employees to be part of the ...","og_url":"https:\/\/alumni.sze.hu\/en\/sport-facilitites-rental\/","og_site_name":"SZE Alumni \u2013 Sz\u00e9chenyi Istv\u00e1n Egyetem","article_modified_time":"2023-11-23T09:59:33+00:00","og_image":[{"width":2560,"height":768,"url":"https:\/\/alumni.sze.hu\/en\/wp-content\/uploads\/2021\/12\/SZE_Fuves_palya_06_Horvath_Marton-scaled-e1638876541268.jpg","type":"image\/jpeg"}],"twitter_card":"summary_large_image","twitter_misc":{"Becs\u00fclt olvas\u00e1si id\u0151":"1 perc"},"schema":{"@context":"https:\/\/schema.org","@graph":[{"@type":"WebSite","@id":"https:\/\/alumni.sze.hu\/en\/#website","url":"https:\/\/alumni.sze.hu\/en\/","name":"SZE Alumni \u2013 Sz\u00e9chenyi Istv\u00e1n Egyetem","description":"SZE Alumni \u2013 Sz\u00e9chenyi Istv\u00e1n Egyetem","potentialAction":[{"@type":"SearchAction","target":{"@type":"EntryPoint","urlTemplate":"https:\/\/alumni.sze.hu\/en\/?s={search_term_string}"},"query-input":"required name=search_term_string"}],"inLanguage":"hu"},{"@type":"ImageObject","@id":"https:\/\/alumni.sze.hu\/en\/sport-facilitites-rental\/#primaryimage","inLanguage":"hu","url":"https:\/\/alumni.sze.hu\/en\/wp-content\/uploads\/2021\/12\/SZE_Fuves_palya_06_Horvath_Marton-scaled-e1638876541268.jpg","contentUrl":"https:\/\/alumni.sze.hu\/en\/wp-content\/uploads\/2021\/12\/SZE_Fuves_palya_06_Horvath_Marton-scaled-e1638876541268.jpg","width":2560,"height":768},{"@type":"WebPage","@id":"https:\/\/alumni.sze.hu\/en\/sport-facilitites-rental\/#webpage","url":"https:\/\/alumni.sze.hu\/en\/sport-facilitites-rental\/","name":"Sport Facility Rental - SZE Alumni \u2013 Sz\u00e9chenyi Istv\u00e1n Egyetem","isPartOf":{"@id":"https:\/\/alumni.sze.hu\/en\/#website"},"primaryImageOfPage":{"@id":"https:\/\/alumni.sze.hu\/en\/sport-facilitites-rental\/#primaryimage"},"datePublished":"2023-10-19T09:49:54+00:00","dateModified":"2023-11-23T09:59:33+00:00","breadcrumb":{"@id":"https:\/\/alumni.sze.hu\/en\/sport-facilitites-rental\/#breadcrumb"},"inLanguage":"hu","potentialAction":[{"@type":"ReadAction","target":["https:\/\/alumni.sze.hu\/en\/sport-facilitites-rental\/"]}]},{"@type":"BreadcrumbList","@id":"https:\/\/alumni.sze.hu\/en\/sport-facilitites-rental\/#breadcrumb","itemListElement":[{"@type":"ListItem","position":1,"name":"Homepage","item":"https:\/\/alumni.sze.hu\/en\/"},{"@type":"ListItem","position":2,"name":"Sport Facility Rental"}]}]}},"_links":{"self":[{"href":"https:\/\/alumni.sze.hu\/en\/wp-json\/wp\/v2\/pages\/6796","targetHints":{"allow":["GET"]}}],"collection":[{"href":"https:\/\/alumni.sze.hu\/en\/wp-json\/wp\/v2\/pages"}],"about":[{"href":"https:\/\/alumni.sze.hu\/en\/wp-json\/wp\/v2\/types\/page"}],"author":[{"embeddable":true,"href":"https:\/\/alumni.sze.hu\/en\/wp-json\/wp\/v2\/users\/1"}],"replies":[{"embeddable":true,"href":"https:\/\/alumni.sze.hu\/en\/wp-json\/wp\/v2\/comments?post=6796"}],"version-history":[{"count":4,"href":"https:\/\/alumni.sze.hu\/en\/wp-json\/wp\/v2\/pages\/6796\/revisions"}],"predecessor-version":[{"id":7186,"href":"https:\/\/alumni.sze.hu\/en\/wp-json\/wp\/v2\/pages\/6796\/revisions\/7186"}],"wp:featuredmedia":[{"embeddable":true,"href":"https:\/\/alumni.sze.hu\/en\/wp-json\/wp\/v2\/media\/1074"}],"wp:attachment":[{"href":"https:\/\/alumni.sze.hu\/en\/wp-json\/wp\/v2\/media?parent=6796"}],"curies":[{"name":"wp","href":"https:\/\/api.w.org\/{rel}","templated":true}]}}