{"id":6794,"date":"2023-10-19T09:48:51","date_gmt":"2023-10-19T09:48:51","guid":{"rendered":"https:\/\/alumni.sze.hu\/en1\/?page_id=6794"},"modified":"2023-11-23T11:54:46","modified_gmt":"2023-11-23T11:54:46","slug":"event-organisation","status":"publish","type":"page","link":"https:\/\/alumni.sze.hu\/en\/event-organisation\/","title":{"rendered":"Event organisation"},"content":{"rendered":"\n<p><strong><em>all you need to know\u2026.<\/em><\/strong><\/p>\n\n\n\n<p class=\"has-text-align-center has-medium-font-size\"><strong>Venue Rentals<\/strong><strong><\/strong><\/p>\n\n\n\n<p>Different rooms for different needs \u2013 at one location and at various points in Gy\u0151r and Mosonmagyar\u00f3v\u00e1r.<\/p>\n\n\n\n<p>At Sz\u00e9chenyi Istv\u00e1n University, we provide the opportunity to rent auditoriums and halls that can accommodate anywhere from 25 to 400 people, suitable for various events including conferences, small and large group classes, seminars, lectures, or exhibitions.<\/p>\n\n\n\n<p>Our rooms are available for rent with modern computing equipment or without it. The rooms come with various furnishings, technical equipment, projectors, sound systems, and upon request, technical staff is also available. If needed, you can rent a room for computer-based training, workshops and courses.<\/p>\n\n\n\n<p>Contact and Request for Quotation:<\/p>\n\n\n\n<p>If you are interested, please send an email to <a href=\"mailto:morvai.beatrix@sze.hu\">morvai.beatrix@sze.hu<\/a>, and specify the date and time of the room rental, the number of participants, the purpose of the room rental, and if applicable, your equipment requirements. If requested, we can send photos of the available rooms for rent.<\/p>\n\n\n\n<hr class=\"wp-block-separator has-alpha-channel-opacity is-style-wide\"\/>\n\n\n\n<p class=\"has-text-align-center has-medium-font-size\"><strong>Options in Mosonmagyar\u00f3v\u00e1r<\/strong><strong><\/strong><\/p>\n\n\n\n<p><strong>\u00d3v\u00e1r Castle \u2013 Knight&#8217;s Hall<\/strong><\/p>\n\n\n\n<p>The Knight&#8217;s Hall is the largest room in \u00d3v\u00e1r Castle, serving as a permanent exhibition space. It can accommodate up to 150 people and is an excellent choice for wedding ceremonies, festive dinners, concerts, stage performances, and readings in a historical atmosphere.<\/p>\n\n\n\n<p><strong>\u00d3v\u00e1r Castle \u2013 Museum Pedagogy Workshop<\/strong><\/p>\n\n\n\n<p>The Museum Pedagogy Workshop is a two-room space in \u00d3v\u00e1r Castle Visitors\u2019 Centre, accommodating up to 40 people. It serves as an exclusive venue for corporate events, team building activities, various associations or clubs and workshops.<\/p>\n\n\n\n<p>Other rentable rooms in \u00d3v\u00e1r Castle:<\/p>\n\n\n\n<ul class=\"wp-block-list\">\n<li>Building B (Aula)<\/li>\n\n\n\n<li>Building B (ballroom)<\/li>\n\n\n\n<li>Phare Building (Aula, auditorium)<\/li>\n<\/ul>\n\n\n\n<p>The University&#8217;s rooms have various capacities and are suitable for professional events, conferences, lectures, weddings, and balls.<\/p>\n\n\n\n<p><strong>Further Information and Requests for Quotation:<\/strong><\/p>\n\n\n\n<p>Marica P\u00e9ntek \u2013 \u00d3v\u00e1r Castle Facility Manager<\/p>\n\n\n\n<p>Email: <a href=\"mailto:pentek.marica@sze.hu\">pentek.marica@sze.hu<\/a><\/p>\n\n\n\n<hr class=\"wp-block-separator has-alpha-channel-opacity is-style-wide\"\/>\n\n\n\n<p class=\"has-text-align-center has-medium-font-size\"><strong>Wedding and Photo Locations<\/strong><strong><\/strong><\/p>\n\n\n\n<p>Within our institution&#8217;s premises in Gy\u0151r and Mosonmagyar\u00f3v\u00e1r, several impressive venues are available for civil wedding ceremonies, wedding receptions, and for taking spectacular indoor and outdoor photos.<\/p>\n\n\n\n<p>Please review our package offers.<\/p>\n\n\n\n<p><strong>Photo Locations:<\/strong><\/p>\n\n\n\n<p>Options in Gy\u0151r (gross unit price):<\/p>\n\n\n\n<ul class=\"wp-block-list\">\n<li>Mobilis Interactive Exhibition Centre indoor area and rooftop terrace<\/li>\n\n\n\n<li>Multifunctional Building (K1) 9th-floor balcony<\/li>\n\n\n\n<li>Heged\u0171s Gyula (central) Hall of Residence (K4) building 6th-floor balcony<\/li>\n\n\n\n<li>University Library and Archives<\/li>\n\n\n\n<li>New Knowledge Building, AULA<\/li>\n\n\n\n<li>In front of the stained glass at Ap\u00e1czai Csere J\u00e1nos Faculty<\/li>\n\n\n\n<li>Outdoor location: in front of the Icarus statue<\/li>\n\n\n\n<li>Room in Halls of Residence<\/li>\n\n\n\n<li>Selected University auditorium<\/li>\n\n\n\n<li>University Concert Hall (Synagogue) \u2013 music room<\/li>\n\n\n\n<li>Railway coach connecting corridor<\/li>\n<\/ul>\n\n\n\n<p><strong>Package price<\/strong>: 50,000 HUF<\/p>\n\n\n\n<p>Options in Mosonmagyar\u00f3v\u00e1r, at the Faculty of Agriculture and Food Sciences campus (gross unit price):<\/p>\n\n\n\n<ul class=\"wp-block-list\">\n<li>PHARE (BK) building \u2013 Aula<\/li>\n\n\n\n<li>B building Aula<\/li>\n\n\n\n<li>Ballroom above University Restaurant<\/li>\n\n\n\n<li>\u00d3v\u00e1r Castle \u2013 Castle Promenade and Castle Lake<\/li>\n\n\n\n<li>\u00d3v\u00e1r Castle \u2013 Castle Courtyard<\/li>\n<\/ul>\n\n\n\n<p>Package price: 25,000 HUF<\/p>\n\n\n\n<p>* Prices include 27% VAT.<\/p>\n\n\n\n<p><mark style=\"background-color:#fcb900\" class=\"has-inline-color\">* SZE Alumni couples are entitled to a 20% discount on the gross total.<\/mark><\/p>\n\n\n\n<p class=\"has-text-align-left has-small-font-size\"><strong>Civil Wedding Ceremony and Reception Locations:<\/strong><\/p>\n\n\n\n<p>Sz\u00e9chenyi Istv\u00e1n University offers several venues for civil wedding ceremonies and receptions in its premises in Gy\u0151r and Mosonmagyar\u00f3v\u00e1r.<\/p>\n\n\n\n<p>SZE Alumni couples are entitled to a 20% discount on the gross total.<\/p>\n\n\n\n<p>If you are interested in our services and need more information, please contact the University Service Centre.<\/p>\n\n\n\n<p><strong>Contact:<\/strong><\/p>\n\n\n\n<p>Klaudia S\u00f6ller<br>Email: <a href=\"mailto:soller.klaudia@sze.hu\">soller.klaudia@sze.hu<\/a><\/p>\n\n\n\n<hr class=\"wp-block-separator has-alpha-channel-opacity is-style-wide\"\/>\n\n\n\n<p class=\"has-text-align-center has-medium-font-size\"><strong>Car Parking Rentals<\/strong><strong><\/strong><\/p>\n\n\n\n<p>At Sz\u00e9chenyi Istv\u00e1n University, we offer car parking rental possibilities on the University premises.<\/p>\n\n\n\n<p>During the summer season, we can provide the following car parks, subject to separate charges and depending on available capacity.<\/p>\n\n\n\n<p><strong>P2<\/strong><\/p>\n\n\n\n<p>Located on the northern part of the central campus, this car park is connected to the laboratory building and has a capacity of 220 parking spaces, some of which are covered.<\/p>\n\n\n\n<p><strong>P3<\/strong><\/p>\n\n\n\n<p>This area is located in the central part of the University and is equipped with a barrier and entry control. It serves as a parking zone enclosed by the Study Buildings, the Gy\u0151r City University Hall, and the Management Campus buildings. In addition to the new buildings, 66 new parking spaces have been added behind the Study Buildings, complementing the existing 80 parking spaces, for a total of 146 spaces.<\/p>\n\n\n\n<p><strong>P5<\/strong><\/p>\n\n\n\n<p>This is an open parking area on the University premises, without a barrier. Four payment machines are available in this parking zone, which offers a total of 270 parking spaces.<\/p>\n\n\n\n<p><strong>P6<\/strong><\/p>\n\n\n\n<p>This is a short-term parking area located on the eastern part of the University, near the Post Office. It is accessible from the roundabout at the intersection of the streets H\u00e9derv\u00e1ri, R\u00f3nay J\u00e1cint, and Sz\u00f6vets\u00e9g. There are 10 parking spaces in this area.<\/p>\n\n\n\n<p>For more information, visit <a href=\"https:\/\/parkolas.sze.hu\/bejelentkezes\">HERE<\/a>.<\/p>\n\n\n\n<p><strong>Contact:<\/strong><\/p>\n\n\n\n<p>Klaudia S\u00f6ller <br><a href=\"mailto:soller.klaudia@sze.hu\">soller.klaudia@sze.hu<\/a> | <a href=\"mailto:parkolas@sze.hu\">parkolas@sze.hu<\/a><\/p>\n","protected":false},"excerpt":{"rendered":"<p>all you need to know\u2026. Venue Rentals Different rooms for different needs \u2013 at one location and at various points in Gy\u0151r and Mosonmagyar\u00f3v\u00e1r. At Sz\u00e9chenyi Istv\u00e1n University, we provide &#8230;<\/p>\n","protected":false},"author":1,"featured_media":1066,"parent":0,"menu_order":0,"comment_status":"closed","ping_status":"closed","template":"","meta":{"footnotes":""},"class_list":["post-6794","page","type-page","status-publish","has-post-thumbnail","hentry"],"yoast_head":"<!-- This site is optimized with the Yoast SEO plugin v17.8 - https:\/\/yoast.com\/wordpress\/plugins\/seo\/ -->\n<title>Event organisation - SZE Alumni \u2013 Sz\u00e9chenyi Istv\u00e1n Egyetem<\/title>\n<meta name=\"robots\" content=\"index, follow, max-snippet:-1, max-image-preview:large, max-video-preview:-1\" \/>\n<link rel=\"canonical\" href=\"https:\/\/alumni.sze.hu\/en\/event-organisation\/\" \/>\n<meta property=\"og:locale\" content=\"hu_HU\" \/>\n<meta property=\"og:type\" content=\"article\" \/>\n<meta property=\"og:title\" content=\"Event organisation - SZE Alumni \u2013 Sz\u00e9chenyi Istv\u00e1n Egyetem\" \/>\n<meta property=\"og:description\" content=\"all you need to know\u2026. Venue Rentals Different rooms for different needs \u2013 at one location and at various points in Gy\u0151r and Mosonmagyar\u00f3v\u00e1r. At Sz\u00e9chenyi Istv\u00e1n University, we provide ...\" \/>\n<meta property=\"og:url\" content=\"https:\/\/alumni.sze.hu\/en\/event-organisation\/\" \/>\n<meta property=\"og:site_name\" content=\"SZE Alumni \u2013 Sz\u00e9chenyi Istv\u00e1n Egyetem\" \/>\n<meta property=\"article:modified_time\" content=\"2023-11-23T11:54:46+00:00\" \/>\n<meta property=\"og:image\" content=\"https:\/\/alumni.sze.hu\/en\/wp-content\/uploads\/2021\/12\/SZE_Borvacsora_2018_28_Majer_Csaba_Jozsef-scaled-e1638875497260.jpg\" \/>\n\t<meta property=\"og:image:width\" content=\"2560\" \/>\n\t<meta property=\"og:image:height\" content=\"870\" \/>\n<meta name=\"twitter:card\" content=\"summary_large_image\" \/>\n<meta name=\"twitter:label1\" content=\"Becs\u00fclt olvas\u00e1si id\u0151\" \/>\n\t<meta name=\"twitter:data1\" content=\"4 perc\" \/>\n<script type=\"application\/ld+json\" class=\"yoast-schema-graph\">{\"@context\":\"https:\/\/schema.org\",\"@graph\":[{\"@type\":\"WebSite\",\"@id\":\"https:\/\/alumni.sze.hu\/en\/#website\",\"url\":\"https:\/\/alumni.sze.hu\/en\/\",\"name\":\"SZE Alumni \\u2013 Sz\\u00e9chenyi Istv\\u00e1n Egyetem\",\"description\":\"SZE Alumni \\u2013 Sz\\u00e9chenyi Istv\\u00e1n Egyetem\",\"potentialAction\":[{\"@type\":\"SearchAction\",\"target\":{\"@type\":\"EntryPoint\",\"urlTemplate\":\"https:\/\/alumni.sze.hu\/en\/?s={search_term_string}\"},\"query-input\":\"required name=search_term_string\"}],\"inLanguage\":\"hu\"},{\"@type\":\"ImageObject\",\"@id\":\"https:\/\/alumni.sze.hu\/en\/event-organisation\/#primaryimage\",\"inLanguage\":\"hu\",\"url\":\"https:\/\/alumni.sze.hu\/en\/wp-content\/uploads\/2021\/12\/SZE_Borvacsora_2018_28_Majer_Csaba_Jozsef-scaled-e1638875497260.jpg\",\"contentUrl\":\"https:\/\/alumni.sze.hu\/en\/wp-content\/uploads\/2021\/12\/SZE_Borvacsora_2018_28_Majer_Csaba_Jozsef-scaled-e1638875497260.jpg\",\"width\":2560,\"height\":870},{\"@type\":\"WebPage\",\"@id\":\"https:\/\/alumni.sze.hu\/en\/event-organisation\/#webpage\",\"url\":\"https:\/\/alumni.sze.hu\/en\/event-organisation\/\",\"name\":\"Event organisation - SZE Alumni \\u2013 Sz\\u00e9chenyi Istv\\u00e1n Egyetem\",\"isPartOf\":{\"@id\":\"https:\/\/alumni.sze.hu\/en\/#website\"},\"primaryImageOfPage\":{\"@id\":\"https:\/\/alumni.sze.hu\/en\/event-organisation\/#primaryimage\"},\"datePublished\":\"2023-10-19T09:48:51+00:00\",\"dateModified\":\"2023-11-23T11:54:46+00:00\",\"breadcrumb\":{\"@id\":\"https:\/\/alumni.sze.hu\/en\/event-organisation\/#breadcrumb\"},\"inLanguage\":\"hu\",\"potentialAction\":[{\"@type\":\"ReadAction\",\"target\":[\"https:\/\/alumni.sze.hu\/en\/event-organisation\/\"]}]},{\"@type\":\"BreadcrumbList\",\"@id\":\"https:\/\/alumni.sze.hu\/en\/event-organisation\/#breadcrumb\",\"itemListElement\":[{\"@type\":\"ListItem\",\"position\":1,\"name\":\"Homepage\",\"item\":\"https:\/\/alumni.sze.hu\/en\/\"},{\"@type\":\"ListItem\",\"position\":2,\"name\":\"Event organisation\"}]}]}<\/script>\n<!-- \/ Yoast SEO plugin. -->","yoast_head_json":{"title":"Event organisation - SZE Alumni \u2013 Sz\u00e9chenyi Istv\u00e1n Egyetem","robots":{"index":"index","follow":"follow","max-snippet":"max-snippet:-1","max-image-preview":"max-image-preview:large","max-video-preview":"max-video-preview:-1"},"canonical":"https:\/\/alumni.sze.hu\/en\/event-organisation\/","og_locale":"hu_HU","og_type":"article","og_title":"Event organisation - SZE Alumni \u2013 Sz\u00e9chenyi Istv\u00e1n Egyetem","og_description":"all you need to know\u2026. Venue Rentals Different rooms for different needs \u2013 at one location and at various points in Gy\u0151r and Mosonmagyar\u00f3v\u00e1r. At Sz\u00e9chenyi Istv\u00e1n University, we provide ...","og_url":"https:\/\/alumni.sze.hu\/en\/event-organisation\/","og_site_name":"SZE Alumni \u2013 Sz\u00e9chenyi Istv\u00e1n Egyetem","article_modified_time":"2023-11-23T11:54:46+00:00","og_image":[{"width":2560,"height":870,"url":"https:\/\/alumni.sze.hu\/en\/wp-content\/uploads\/2021\/12\/SZE_Borvacsora_2018_28_Majer_Csaba_Jozsef-scaled-e1638875497260.jpg","type":"image\/jpeg"}],"twitter_card":"summary_large_image","twitter_misc":{"Becs\u00fclt olvas\u00e1si id\u0151":"4 perc"},"schema":{"@context":"https:\/\/schema.org","@graph":[{"@type":"WebSite","@id":"https:\/\/alumni.sze.hu\/en\/#website","url":"https:\/\/alumni.sze.hu\/en\/","name":"SZE Alumni \u2013 Sz\u00e9chenyi Istv\u00e1n Egyetem","description":"SZE Alumni \u2013 Sz\u00e9chenyi Istv\u00e1n Egyetem","potentialAction":[{"@type":"SearchAction","target":{"@type":"EntryPoint","urlTemplate":"https:\/\/alumni.sze.hu\/en\/?s={search_term_string}"},"query-input":"required name=search_term_string"}],"inLanguage":"hu"},{"@type":"ImageObject","@id":"https:\/\/alumni.sze.hu\/en\/event-organisation\/#primaryimage","inLanguage":"hu","url":"https:\/\/alumni.sze.hu\/en\/wp-content\/uploads\/2021\/12\/SZE_Borvacsora_2018_28_Majer_Csaba_Jozsef-scaled-e1638875497260.jpg","contentUrl":"https:\/\/alumni.sze.hu\/en\/wp-content\/uploads\/2021\/12\/SZE_Borvacsora_2018_28_Majer_Csaba_Jozsef-scaled-e1638875497260.jpg","width":2560,"height":870},{"@type":"WebPage","@id":"https:\/\/alumni.sze.hu\/en\/event-organisation\/#webpage","url":"https:\/\/alumni.sze.hu\/en\/event-organisation\/","name":"Event organisation - SZE Alumni \u2013 Sz\u00e9chenyi Istv\u00e1n Egyetem","isPartOf":{"@id":"https:\/\/alumni.sze.hu\/en\/#website"},"primaryImageOfPage":{"@id":"https:\/\/alumni.sze.hu\/en\/event-organisation\/#primaryimage"},"datePublished":"2023-10-19T09:48:51+00:00","dateModified":"2023-11-23T11:54:46+00:00","breadcrumb":{"@id":"https:\/\/alumni.sze.hu\/en\/event-organisation\/#breadcrumb"},"inLanguage":"hu","potentialAction":[{"@type":"ReadAction","target":["https:\/\/alumni.sze.hu\/en\/event-organisation\/"]}]},{"@type":"BreadcrumbList","@id":"https:\/\/alumni.sze.hu\/en\/event-organisation\/#breadcrumb","itemListElement":[{"@type":"ListItem","position":1,"name":"Homepage","item":"https:\/\/alumni.sze.hu\/en\/"},{"@type":"ListItem","position":2,"name":"Event organisation"}]}]}},"_links":{"self":[{"href":"https:\/\/alumni.sze.hu\/en\/wp-json\/wp\/v2\/pages\/6794","targetHints":{"allow":["GET"]}}],"collection":[{"href":"https:\/\/alumni.sze.hu\/en\/wp-json\/wp\/v2\/pages"}],"about":[{"href":"https:\/\/alumni.sze.hu\/en\/wp-json\/wp\/v2\/types\/page"}],"author":[{"embeddable":true,"href":"https:\/\/alumni.sze.hu\/en\/wp-json\/wp\/v2\/users\/1"}],"replies":[{"embeddable":true,"href":"https:\/\/alumni.sze.hu\/en\/wp-json\/wp\/v2\/comments?post=6794"}],"version-history":[{"count":4,"href":"https:\/\/alumni.sze.hu\/en\/wp-json\/wp\/v2\/pages\/6794\/revisions"}],"predecessor-version":[{"id":7204,"href":"https:\/\/alumni.sze.hu\/en\/wp-json\/wp\/v2\/pages\/6794\/revisions\/7204"}],"wp:featuredmedia":[{"embeddable":true,"href":"https:\/\/alumni.sze.hu\/en\/wp-json\/wp\/v2\/media\/1066"}],"wp:attachment":[{"href":"https:\/\/alumni.sze.hu\/en\/wp-json\/wp\/v2\/media?parent=6794"}],"curies":[{"name":"wp","href":"https:\/\/api.w.org\/{rel}","templated":true}]}}