{"id":6791,"date":"2023-10-19T09:48:12","date_gmt":"2023-10-19T09:48:12","guid":{"rendered":"https:\/\/alumni.sze.hu\/en1\/?page_id=6791"},"modified":"2023-11-23T10:53:11","modified_gmt":"2023-11-23T10:53:11","slug":"accommodation","status":"publish","type":"page","link":"https:\/\/alumni.sze.hu\/en\/accommodation\/","title":{"rendered":"Accommodation"},"content":{"rendered":"\n<div class=\"wp-block-columns is-layout-flex wp-container-core-columns-is-layout-9d6595d7 wp-block-columns-is-layout-flex\">\n<div class=\"wp-block-column is-layout-flow wp-block-column-is-layout-flow\">\n<div class=\"wp-block-group is-vertical is-content-justification-center is-layout-flex wp-container-core-group-is-layout-4b2eccd6 wp-block-group-is-layout-flex\"><div class=\"wp-block-image\">\n<figure class=\"aligncenter size-large\"><img loading=\"lazy\" decoding=\"async\" width=\"1024\" height=\"683\" src=\"https:\/\/alumni.sze.hu\/en1\/wp-content\/uploads\/2023\/11\/SZE_Famulus_Hotel_2023_01_Majer_Csaba_Jozsef-1024x683.jpg\" alt=\"\" class=\"wp-image-6857\" srcset=\"https:\/\/alumni.sze.hu\/en\/wp-content\/uploads\/2023\/11\/SZE_Famulus_Hotel_2023_01_Majer_Csaba_Jozsef-1024x683.jpg 1024w, https:\/\/alumni.sze.hu\/en\/wp-content\/uploads\/2023\/11\/SZE_Famulus_Hotel_2023_01_Majer_Csaba_Jozsef-300x200.jpg 300w, https:\/\/alumni.sze.hu\/en\/wp-content\/uploads\/2023\/11\/SZE_Famulus_Hotel_2023_01_Majer_Csaba_Jozsef-768x512.jpg 768w, https:\/\/alumni.sze.hu\/en\/wp-content\/uploads\/2023\/11\/SZE_Famulus_Hotel_2023_01_Majer_Csaba_Jozsef-1536x1024.jpg 1536w, https:\/\/alumni.sze.hu\/en\/wp-content\/uploads\/2023\/11\/SZE_Famulus_Hotel_2023_01_Majer_Csaba_Jozsef-2048x1365.jpg 2048w\" sizes=\"auto, (max-width: 1024px) 100vw, 1024px\" \/><\/figure>\n<\/div>\n\n\n<p class=\"has-text-align-center has-large-font-size\"><strong>Hotel Famulus****<\/strong><\/p>\n<\/div>\n<\/div>\n\n\n\n<div class=\"wp-block-column is-layout-flow wp-block-column-is-layout-flow\">\n<div class=\"wp-block-group is-vertical is-content-justification-center is-layout-flex wp-container-core-group-is-layout-4b2eccd6 wp-block-group-is-layout-flex\"><div class=\"wp-block-image\">\n<figure class=\"aligncenter size-large\"><img loading=\"lazy\" decoding=\"async\" width=\"1024\" height=\"683\" src=\"https:\/\/alumni.sze.hu\/en1\/wp-content\/uploads\/2023\/11\/SZE_Multikoli_Csarnok_2022_03_Majer_Csaba_Jozsef-1-1024x683.jpg\" alt=\"\" class=\"wp-image-6859\" srcset=\"https:\/\/alumni.sze.hu\/en\/wp-content\/uploads\/2023\/11\/SZE_Multikoli_Csarnok_2022_03_Majer_Csaba_Jozsef-1-1024x683.jpg 1024w, https:\/\/alumni.sze.hu\/en\/wp-content\/uploads\/2023\/11\/SZE_Multikoli_Csarnok_2022_03_Majer_Csaba_Jozsef-1-300x200.jpg 300w, https:\/\/alumni.sze.hu\/en\/wp-content\/uploads\/2023\/11\/SZE_Multikoli_Csarnok_2022_03_Majer_Csaba_Jozsef-1-768x512.jpg 768w, https:\/\/alumni.sze.hu\/en\/wp-content\/uploads\/2023\/11\/SZE_Multikoli_Csarnok_2022_03_Majer_Csaba_Jozsef-1-1536x1024.jpg 1536w, https:\/\/alumni.sze.hu\/en\/wp-content\/uploads\/2023\/11\/SZE_Multikoli_Csarnok_2022_03_Majer_Csaba_Jozsef-1-2048x1365.jpg 2048w\" sizes=\"auto, (max-width: 1024px) 100vw, 1024px\" \/><\/figure>\n<\/div>\n\n\n<p class=\"has-text-align-center has-large-font-size\"><strong>Accommodation in University Halls of Residence<\/strong> (for guests)<\/p>\n<\/div>\n<\/div>\n<\/div>\n\n\n\n<div class=\"wp-block-columns is-layout-flex wp-container-core-columns-is-layout-9d6595d7 wp-block-columns-is-layout-flex\">\n<div class=\"wp-block-column is-layout-flow wp-block-column-is-layout-flow\">\n<div class=\"wp-block-group is-vertical is-layout-flex wp-container-core-group-is-layout-8cf370e7 wp-block-group-is-layout-flex\">\n<p>With 4-star services, in a pleasant environment, and modern design, The Famulus Business Hotel**** operates year-round, offering comprehensive services.<\/p>\n\n\n\n<p>More information: <a href=\"https:\/\/famulushotel.hu\">https:\/\/famulushotel.hu<\/a><\/p>\n\n\n\n<p><strong>Contact:<\/strong><\/p>\n\n\n\n<p>Hotel Famulus**** Business Hotel<\/p>\n\n\n\n<p>Address: Gy\u0151r H-9027 Gy\u0151r, Budai \u00fat 4-6.<\/p>\n\n\n\n<p>Phone: +36 96 \/ 547 770<\/p>\n\n\n\n<p>Email: <strong>hotel@hotelfamulus.hu<\/strong><\/p>\n<\/div>\n<\/div>\n\n\n\n<div class=\"wp-block-column is-layout-flow wp-block-column-is-layout-flow\">\n<div class=\"wp-block-group is-vertical is-layout-flex wp-container-core-group-is-layout-8cf370e7 wp-block-group-is-layout-flex\">\n<p>We warmly welcome our guests to the Halls of Residence of Sz\u00e9chenyi Istv\u00e1n University. From September to June (the academic year), the maximum capacity for our guests is 258. Heged\u0171s Gyula Hall offers 24 double rooms and 24 triple rooms, while the Multifunctional Building provides 34 triple rooms and 18 double rooms. During the months of July and August, the maximum capacity for our guests is 2000. Heged\u0171s Gyula Hall has 450 double rooms, while the Multifunctional Building provides 550 double rooms.<\/p>\n\n\n\n<p>For more information: <a href=\"https:\/\/kollegium.sze.hu\/kezdolap\"><strong>https:\/\/kollegium.sze.hu\/kezdolap<\/strong><\/a><\/p>\n\n\n\n<p><strong>Contact:<\/strong><\/p>\n\n\n\n<p>Szilvia N\u00e9meth,<\/p>\n\n\n\n<p>Service Centre and Halls of Residence<\/p>\n\n\n\n<p>Sz\u00e9chenyi Istv\u00e1n University<\/p>\n\n\n\n<p>Address: 9026 Gy\u0151r, Egyetem t\u00e9r 1.<\/p>\n\n\n\n<p>Email: <a href=\"mailto:nemeth.szilvia@sze.hu\"><strong>nemeth.szilvia@sze.hu<\/strong><\/a><strong>&nbsp; <\/strong>| <a href=\"mailto:szallas@sze.hu\"><strong>szallas@sze.hu<\/strong><\/a><\/p>\n<\/div>\n<\/div>\n<\/div>\n","protected":false},"excerpt":{"rendered":"<p>Hotel Famulus**** Accommodation in University Halls of Residence (for guests) With 4-star services, in a pleasant environment, and modern design, The Famulus Business Hotel**** operates year-round, offering comprehensive services. More &#8230;<\/p>\n","protected":false},"author":1,"featured_media":0,"parent":0,"menu_order":0,"comment_status":"closed","ping_status":"closed","template":"","meta":{"footnotes":""},"class_list":["post-6791","page","type-page","status-publish","hentry"],"yoast_head":"<!-- This site is optimized with the Yoast SEO plugin v17.8 - https:\/\/yoast.com\/wordpress\/plugins\/seo\/ -->\n<title>Accommodation - SZE Alumni \u2013 Sz\u00e9chenyi Istv\u00e1n Egyetem<\/title>\n<meta name=\"robots\" content=\"index, follow, max-snippet:-1, max-image-preview:large, max-video-preview:-1\" \/>\n<link rel=\"canonical\" href=\"https:\/\/alumni.sze.hu\/en\/accommodation\/\" \/>\n<meta property=\"og:locale\" content=\"hu_HU\" \/>\n<meta property=\"og:type\" content=\"article\" \/>\n<meta property=\"og:title\" content=\"Accommodation - SZE Alumni \u2013 Sz\u00e9chenyi Istv\u00e1n Egyetem\" \/>\n<meta property=\"og:description\" content=\"Hotel Famulus**** Accommodation in University Halls of Residence (for guests) With 4-star services, in a pleasant environment, and modern design, The Famulus Business Hotel**** operates year-round, offering comprehensive services. More ...\" \/>\n<meta property=\"og:url\" content=\"https:\/\/alumni.sze.hu\/en\/accommodation\/\" \/>\n<meta property=\"og:site_name\" content=\"SZE Alumni \u2013 Sz\u00e9chenyi Istv\u00e1n Egyetem\" \/>\n<meta property=\"article:modified_time\" content=\"2023-11-23T10:53:11+00:00\" \/>\n<meta property=\"og:image\" content=\"https:\/\/alumni.sze.hu\/en1\/wp-content\/uploads\/2023\/11\/SZE_Famulus_Hotel_2023_01_Majer_Csaba_Jozsef-1024x683.jpg\" \/>\n<meta name=\"twitter:card\" content=\"summary_large_image\" \/>\n<meta name=\"twitter:label1\" content=\"Becs\u00fclt olvas\u00e1si id\u0151\" \/>\n\t<meta name=\"twitter:data1\" content=\"1 perc\" \/>\n<script type=\"application\/ld+json\" class=\"yoast-schema-graph\">{\"@context\":\"https:\/\/schema.org\",\"@graph\":[{\"@type\":\"WebSite\",\"@id\":\"https:\/\/alumni.sze.hu\/en\/#website\",\"url\":\"https:\/\/alumni.sze.hu\/en\/\",\"name\":\"SZE Alumni \\u2013 Sz\\u00e9chenyi Istv\\u00e1n Egyetem\",\"description\":\"SZE Alumni \\u2013 Sz\\u00e9chenyi Istv\\u00e1n Egyetem\",\"potentialAction\":[{\"@type\":\"SearchAction\",\"target\":{\"@type\":\"EntryPoint\",\"urlTemplate\":\"https:\/\/alumni.sze.hu\/en\/?s={search_term_string}\"},\"query-input\":\"required name=search_term_string\"}],\"inLanguage\":\"hu\"},{\"@type\":\"ImageObject\",\"@id\":\"https:\/\/alumni.sze.hu\/en\/accommodation\/#primaryimage\",\"inLanguage\":\"hu\",\"url\":\"https:\/\/alumni.sze.hu\/en1\/wp-content\/uploads\/2023\/11\/SZE_Famulus_Hotel_2023_01_Majer_Csaba_Jozsef-1024x683.jpg\",\"contentUrl\":\"https:\/\/alumni.sze.hu\/en1\/wp-content\/uploads\/2023\/11\/SZE_Famulus_Hotel_2023_01_Majer_Csaba_Jozsef-1024x683.jpg\"},{\"@type\":\"WebPage\",\"@id\":\"https:\/\/alumni.sze.hu\/en\/accommodation\/#webpage\",\"url\":\"https:\/\/alumni.sze.hu\/en\/accommodation\/\",\"name\":\"Accommodation - SZE Alumni \\u2013 Sz\\u00e9chenyi Istv\\u00e1n Egyetem\",\"isPartOf\":{\"@id\":\"https:\/\/alumni.sze.hu\/en\/#website\"},\"primaryImageOfPage\":{\"@id\":\"https:\/\/alumni.sze.hu\/en\/accommodation\/#primaryimage\"},\"datePublished\":\"2023-10-19T09:48:12+00:00\",\"dateModified\":\"2023-11-23T10:53:11+00:00\",\"breadcrumb\":{\"@id\":\"https:\/\/alumni.sze.hu\/en\/accommodation\/#breadcrumb\"},\"inLanguage\":\"hu\",\"potentialAction\":[{\"@type\":\"ReadAction\",\"target\":[\"https:\/\/alumni.sze.hu\/en\/accommodation\/\"]}]},{\"@type\":\"BreadcrumbList\",\"@id\":\"https:\/\/alumni.sze.hu\/en\/accommodation\/#breadcrumb\",\"itemListElement\":[{\"@type\":\"ListItem\",\"position\":1,\"name\":\"Homepage\",\"item\":\"https:\/\/alumni.sze.hu\/en\/\"},{\"@type\":\"ListItem\",\"position\":2,\"name\":\"Accommodation\"}]}]}<\/script>\n<!-- \/ Yoast SEO plugin. -->","yoast_head_json":{"title":"Accommodation - SZE Alumni \u2013 Sz\u00e9chenyi Istv\u00e1n Egyetem","robots":{"index":"index","follow":"follow","max-snippet":"max-snippet:-1","max-image-preview":"max-image-preview:large","max-video-preview":"max-video-preview:-1"},"canonical":"https:\/\/alumni.sze.hu\/en\/accommodation\/","og_locale":"hu_HU","og_type":"article","og_title":"Accommodation - SZE Alumni \u2013 Sz\u00e9chenyi Istv\u00e1n Egyetem","og_description":"Hotel Famulus**** Accommodation in University Halls of Residence (for guests) With 4-star services, in a pleasant environment, and modern design, The Famulus Business Hotel**** operates year-round, offering comprehensive services. More ...","og_url":"https:\/\/alumni.sze.hu\/en\/accommodation\/","og_site_name":"SZE Alumni \u2013 Sz\u00e9chenyi Istv\u00e1n Egyetem","article_modified_time":"2023-11-23T10:53:11+00:00","og_image":[{"url":"https:\/\/alumni.sze.hu\/en1\/wp-content\/uploads\/2023\/11\/SZE_Famulus_Hotel_2023_01_Majer_Csaba_Jozsef-1024x683.jpg"}],"twitter_card":"summary_large_image","twitter_misc":{"Becs\u00fclt olvas\u00e1si id\u0151":"1 perc"},"schema":{"@context":"https:\/\/schema.org","@graph":[{"@type":"WebSite","@id":"https:\/\/alumni.sze.hu\/en\/#website","url":"https:\/\/alumni.sze.hu\/en\/","name":"SZE Alumni \u2013 Sz\u00e9chenyi Istv\u00e1n Egyetem","description":"SZE Alumni \u2013 Sz\u00e9chenyi Istv\u00e1n Egyetem","potentialAction":[{"@type":"SearchAction","target":{"@type":"EntryPoint","urlTemplate":"https:\/\/alumni.sze.hu\/en\/?s={search_term_string}"},"query-input":"required name=search_term_string"}],"inLanguage":"hu"},{"@type":"ImageObject","@id":"https:\/\/alumni.sze.hu\/en\/accommodation\/#primaryimage","inLanguage":"hu","url":"https:\/\/alumni.sze.hu\/en1\/wp-content\/uploads\/2023\/11\/SZE_Famulus_Hotel_2023_01_Majer_Csaba_Jozsef-1024x683.jpg","contentUrl":"https:\/\/alumni.sze.hu\/en1\/wp-content\/uploads\/2023\/11\/SZE_Famulus_Hotel_2023_01_Majer_Csaba_Jozsef-1024x683.jpg"},{"@type":"WebPage","@id":"https:\/\/alumni.sze.hu\/en\/accommodation\/#webpage","url":"https:\/\/alumni.sze.hu\/en\/accommodation\/","name":"Accommodation - SZE Alumni \u2013 Sz\u00e9chenyi Istv\u00e1n Egyetem","isPartOf":{"@id":"https:\/\/alumni.sze.hu\/en\/#website"},"primaryImageOfPage":{"@id":"https:\/\/alumni.sze.hu\/en\/accommodation\/#primaryimage"},"datePublished":"2023-10-19T09:48:12+00:00","dateModified":"2023-11-23T10:53:11+00:00","breadcrumb":{"@id":"https:\/\/alumni.sze.hu\/en\/accommodation\/#breadcrumb"},"inLanguage":"hu","potentialAction":[{"@type":"ReadAction","target":["https:\/\/alumni.sze.hu\/en\/accommodation\/"]}]},{"@type":"BreadcrumbList","@id":"https:\/\/alumni.sze.hu\/en\/accommodation\/#breadcrumb","itemListElement":[{"@type":"ListItem","position":1,"name":"Homepage","item":"https:\/\/alumni.sze.hu\/en\/"},{"@type":"ListItem","position":2,"name":"Accommodation"}]}]}},"_links":{"self":[{"href":"https:\/\/alumni.sze.hu\/en\/wp-json\/wp\/v2\/pages\/6791","targetHints":{"allow":["GET"]}}],"collection":[{"href":"https:\/\/alumni.sze.hu\/en\/wp-json\/wp\/v2\/pages"}],"about":[{"href":"https:\/\/alumni.sze.hu\/en\/wp-json\/wp\/v2\/types\/page"}],"author":[{"embeddable":true,"href":"https:\/\/alumni.sze.hu\/en\/wp-json\/wp\/v2\/users\/1"}],"replies":[{"embeddable":true,"href":"https:\/\/alumni.sze.hu\/en\/wp-json\/wp\/v2\/comments?post=6791"}],"version-history":[{"count":10,"href":"https:\/\/alumni.sze.hu\/en\/wp-json\/wp\/v2\/pages\/6791\/revisions"}],"predecessor-version":[{"id":7199,"href":"https:\/\/alumni.sze.hu\/en\/wp-json\/wp\/v2\/pages\/6791\/revisions\/7199"}],"wp:attachment":[{"href":"https:\/\/alumni.sze.hu\/en\/wp-json\/wp\/v2\/media?parent=6791"}],"curies":[{"name":"wp","href":"https:\/\/api.w.org\/{rel}","templated":true}]}}