{"id":6785,"date":"2023-10-19T09:47:00","date_gmt":"2023-10-19T09:47:00","guid":{"rendered":"https:\/\/alumni.sze.hu\/en1\/?page_id=6785"},"modified":"2023-11-22T14:29:05","modified_gmt":"2023-11-22T14:29:05","slug":"restaurants-and-cafes","status":"publish","type":"page","link":"https:\/\/alumni.sze.hu\/en\/restaurants-and-cafes\/","title":{"rendered":"Restaurants and caf\u00e9s"},"content":{"rendered":"\n<p class=\"has-text-align-left\"><strong>RESTAURANTS \/ BARS \/ CAF\u00c9S<\/strong><\/p>\n\n\n\n<div class=\"wp-block-columns is-layout-flex wp-container-core-columns-is-layout-9d6595d7 wp-block-columns-is-layout-flex\">\n<div class=\"wp-block-column is-layout-flow wp-block-column-is-layout-flow\">\n<div class=\"wp-block-group is-vertical is-layout-flex wp-container-core-group-is-layout-8cf370e7 wp-block-group-is-layout-flex\"><div class=\"wp-block-image is-style-default\">\n<figure class=\"aligncenter size-large\"><img decoding=\"async\" src=\"https:\/\/alumni.sze.hu\/wp-content\/uploads\/2023\/03\/3-1024x683.jpg\" alt=\"\" style=\"aspect-ratio:3\/2;object-fit:cover\"\/><\/figure>\n<\/div>\n\n\n<p class=\"has-text-align-left has-medium-font-size\"><strong><em>Ap\u00e1t\u00far (Father Abbot\u2019s) Beer House<\/em><\/strong><strong><em> \u2013 sustainability \u2013 quality &#8211; hospitality<\/em><\/strong><strong><em><\/em><\/strong><\/p>\n\n\n\n<p class=\"has-text-align-left\"><strong><em>Centuries-old tradition comes to life at this joint venture of Sz\u00e9chenyi University and the Benedictine order in Gy\u0151r <\/em><\/strong><strong><em><\/em><\/strong><\/p>\n\n\n\n<p class=\"has-text-align-center\"><strong><a href=\"https:\/\/www.apatursorhaz.hu\">apatursorhaz.hu<\/a><\/strong><\/p>\n<\/div>\n<\/div>\n\n\n\n<div class=\"wp-block-column is-layout-flow wp-block-column-is-layout-flow\">\n<div class=\"wp-block-group is-vertical is-layout-flex wp-container-core-group-is-layout-8cf370e7 wp-block-group-is-layout-flex\"><div class=\"wp-block-image is-style-default\">\n<figure class=\"aligncenter size-full\"><img loading=\"lazy\" decoding=\"async\" width=\"768\" height=\"512\" src=\"https:\/\/alumni.sze.hu\/en1\/wp-content\/uploads\/2023\/11\/sieger.png\" alt=\"\" class=\"wp-image-6836\" style=\"aspect-ratio:3\/2;object-fit:cover\" srcset=\"https:\/\/alumni.sze.hu\/en\/wp-content\/uploads\/2023\/11\/sieger.png 768w, https:\/\/alumni.sze.hu\/en\/wp-content\/uploads\/2023\/11\/sieger-300x200.png 300w\" sizes=\"auto, (max-width: 768px) 100vw, 768px\" \/><\/figure>\n<\/div>\n\n\n<p class=\"has-text-align-left has-medium-font-size\"><strong><em>Sieger Sport &amp; Gastro Bar<\/em><\/strong><strong><em> &#8211; sports experiences and Bavarian-American food<\/em><\/strong><\/p>\n\n\n\n<p class=\"has-text-align-left\"><strong><em>Gy\u0151r&#8217;s first and only sports bar welcomes you with open arms. Cheer on your favourite team with us at the next game.<\/em><\/strong><\/p>\n\n\n\n<p class=\"has-text-align-center\"><strong><a href=\"https:\/\/www.sieger.hu\">sieger.hu<\/a><\/strong><\/p>\n<\/div>\n<\/div>\n\n\n\n<div class=\"wp-block-column is-layout-flow wp-block-column-is-layout-flow\">\n<div class=\"wp-block-group is-vertical is-layout-flex wp-container-core-group-is-layout-8cf370e7 wp-block-group-is-layout-flex\"><div class=\"wp-block-image is-style-default\">\n<figure class=\"aligncenter size-full\"><img loading=\"lazy\" decoding=\"async\" width=\"768\" height=\"512\" src=\"https:\/\/alumni.sze.hu\/en1\/wp-content\/uploads\/2023\/11\/elixir.png\" alt=\"\" class=\"wp-image-6838\" style=\"aspect-ratio:3\/2;object-fit:cover\" srcset=\"https:\/\/alumni.sze.hu\/en\/wp-content\/uploads\/2023\/11\/elixir.png 768w, https:\/\/alumni.sze.hu\/en\/wp-content\/uploads\/2023\/11\/elixir-300x200.png 300w\" sizes=\"auto, (max-width: 768px) 100vw, 768px\" \/><\/figure>\n<\/div>\n\n\n<p class=\"has-text-align-left has-medium-font-size\"><strong><em>ELIXIR BAR N&#8217; KITCHEN &#8211; Gy\u0151r&#8217;s newest bar, located directly on the University campus. <\/em><\/strong><\/p>\n\n\n\n<p class=\"has-text-align-left\"><strong><em>Live music, pub-style dishes, unique cocktails, with seasonal drinks and food.<\/em><\/strong><\/p>\n\n\n\n<p class=\"has-text-align-center\"><strong><a href=\"https:\/\/elixir-bar.hu\">elixir-bar.hu<\/a><\/strong><\/p>\n<\/div>\n<\/div>\n<\/div>\n\n\n\n<div class=\"wp-block-columns is-layout-flex wp-container-core-columns-is-layout-9d6595d7 wp-block-columns-is-layout-flex\">\n<div class=\"wp-block-column is-layout-flow wp-block-column-is-layout-flow\">\n<div class=\"wp-block-group is-vertical is-layout-flex wp-container-core-group-is-layout-8cf370e7 wp-block-group-is-layout-flex\"><div class=\"wp-block-image is-style-default\">\n<figure class=\"aligncenter size-full\"><img loading=\"lazy\" decoding=\"async\" width=\"768\" height=\"512\" src=\"https:\/\/alumni.sze.hu\/en1\/wp-content\/uploads\/2023\/11\/uveges.png\" alt=\"\" class=\"wp-image-6839\" style=\"aspect-ratio:3\/2;object-fit:cover\" srcset=\"https:\/\/alumni.sze.hu\/en\/wp-content\/uploads\/2023\/11\/uveges.png 768w, https:\/\/alumni.sze.hu\/en\/wp-content\/uploads\/2023\/11\/uveges-300x200.png 300w\" sizes=\"auto, (max-width: 768px) 100vw, 768px\" \/><\/figure>\n<\/div>\n\n\n<p class=\"has-text-align-left has-medium-font-size\"><strong><em>\u00dcveges Drink Bar&nbsp;\u2013&nbsp;where every Uni party starts<\/em><\/strong><\/p>\n\n\n\n<p class=\"has-text-align-center has-small-font-size\"><a href=\"https:\/\/www.facebook.com\/uvegesdrinkbar\/about\/?ref=page_internal\"><strong>\u00dcveges Drink Bar<\/strong><\/a><\/p>\n<\/div>\n<\/div>\n\n\n\n<div class=\"wp-block-column is-layout-flow wp-block-column-is-layout-flow\">\n<div class=\"wp-block-group is-vertical is-layout-flex wp-container-core-group-is-layout-8cf370e7 wp-block-group-is-layout-flex\"><div class=\"wp-block-image is-style-default\">\n<figure class=\"aligncenter size-full\"><img loading=\"lazy\" decoding=\"async\" width=\"768\" height=\"512\" src=\"https:\/\/alumni.sze.hu\/en1\/wp-content\/uploads\/2023\/11\/szeetterem.png\" alt=\"\" class=\"wp-image-6840\" style=\"aspect-ratio:3\/2;object-fit:cover\" srcset=\"https:\/\/alumni.sze.hu\/en\/wp-content\/uploads\/2023\/11\/szeetterem.png 768w, https:\/\/alumni.sze.hu\/en\/wp-content\/uploads\/2023\/11\/szeetterem-300x200.png 300w\" sizes=\"auto, (max-width: 768px) 100vw, 768px\" \/><\/figure>\n<\/div>\n\n\n<p class=\"has-text-align-left has-medium-font-size\"><strong><em>Sz\u00e9chenyi Restaurant<\/em><\/strong><\/p>\n\n\n\n<p class=\"has-text-align-left\"><strong><em>we welcome our guests with a weekly menu, delicious dishes, friendly service, and a cosy atmosphere. Corporate dinners, gatherings with friends, foundation balls for up to 200 people. On request, you can even book rooms in the University\u2019s nearby Halls of Residence.<\/em><\/strong><\/p>\n\n\n\n<p class=\"has-text-align-center\"><a href=\"http:\/\/szeetterem.sze.hu\/\"><strong>szeetterem.sze.hu<\/strong><\/a><strong><\/strong><\/p>\n<\/div>\n<\/div>\n\n\n\n<div class=\"wp-block-column is-layout-flow wp-block-column-is-layout-flow\">\n<div class=\"wp-block-group is-vertical is-layout-flex wp-container-core-group-is-layout-8cf370e7 wp-block-group-is-layout-flex\"><div class=\"wp-block-image is-style-default\">\n<figure class=\"aligncenter size-full\"><img loading=\"lazy\" decoding=\"async\" width=\"768\" height=\"512\" src=\"https:\/\/alumni.sze.hu\/en1\/wp-content\/uploads\/2023\/11\/rusty.png\" alt=\"\" class=\"wp-image-6841\" style=\"aspect-ratio:3\/2;object-fit:cover\" srcset=\"https:\/\/alumni.sze.hu\/en\/wp-content\/uploads\/2023\/11\/rusty.png 768w, https:\/\/alumni.sze.hu\/en\/wp-content\/uploads\/2023\/11\/rusty-300x200.png 300w\" sizes=\"auto, (max-width: 768px) 100vw, 768px\" \/><\/figure>\n<\/div>\n\n\n<p class=\"has-text-align-left has-medium-font-size\"><strong><em>Uni by The Rusty Coffee<\/em><\/strong><\/p>\n\n\n\n<p class=\"has-text-align-left\"><strong><em>specialty coffee \/ container design &#8211; SZE\u2019s newest caf\u00e9 brings international coffee trends to Gy\u0151r.<\/em><\/strong><\/p>\n\n\n\n<p class=\"has-text-align-center\"><a href=\"https:\/\/www.facebook.com\/Uni-by-The-Rusty-Coffee-152279286674929\/?ref=page_internal\"><strong>Uni by Rusty Coffee<\/strong><\/a><strong><\/strong><\/p>\n<\/div>\n<\/div>\n<\/div>\n\n\n\n<div class=\"wp-block-columns is-layout-flex wp-container-core-columns-is-layout-9d6595d7 wp-block-columns-is-layout-flex\">\n<div class=\"wp-block-column is-layout-flow wp-block-column-is-layout-flow\">\n<div class=\"wp-block-group is-vertical is-layout-flex wp-container-core-group-is-layout-8cf370e7 wp-block-group-is-layout-flex\"><div class=\"wp-block-image is-style-default\">\n<figure class=\"aligncenter size-full\"><img loading=\"lazy\" decoding=\"async\" width=\"768\" height=\"512\" src=\"https:\/\/alumni.sze.hu\/en1\/wp-content\/uploads\/2023\/11\/irka.png\" alt=\"\" class=\"wp-image-6846\" style=\"aspect-ratio:3\/2;object-fit:cover\" srcset=\"https:\/\/alumni.sze.hu\/en\/wp-content\/uploads\/2023\/11\/irka.png 768w, https:\/\/alumni.sze.hu\/en\/wp-content\/uploads\/2023\/11\/irka-300x200.png 300w\" sizes=\"auto, (max-width: 768px) 100vw, 768px\" \/><\/figure>\n<\/div>\n\n\n<p class=\"has-text-align-left has-medium-font-size\"><strong><em>Irodalmi Kav\u00e9z\u00f3 <\/em><\/strong><em>(Literary Caf\u00e9)<\/em><\/p>\n\n\n\n<p class=\"has-text-align-left\"><strong><em>A truly pleasant caf\u00e9 where you can relax comfortably after work or study. If you&#8217;re looking for a little recharge, we welcome you to visit us, right next to the University Library.<\/em><\/strong><\/p>\n\n\n\n<p class=\"has-text-align-center\"><a href=\"https:\/\/www.facebook.com\/irka.gyor\/?ref=page_internal\"><strong><em>IRKA<\/em><\/strong><\/a><strong><em><\/em><\/strong><\/p>\n<\/div>\n<\/div>\n\n\n\n<div class=\"wp-block-column is-layout-flow wp-block-column-is-layout-flow\">\n<div class=\"wp-block-group is-vertical is-layout-flex wp-container-core-group-is-layout-8cf370e7 wp-block-group-is-layout-flex\"><div class=\"wp-block-image is-style-default\">\n<figure class=\"aligncenter size-full\"><img loading=\"lazy\" decoding=\"async\" width=\"768\" height=\"447\" src=\"https:\/\/alumni.sze.hu\/en1\/wp-content\/uploads\/2023\/11\/teka.png\" alt=\"\" class=\"wp-image-6842\" style=\"aspect-ratio:3\/2;object-fit:cover\" srcset=\"https:\/\/alumni.sze.hu\/en\/wp-content\/uploads\/2023\/11\/teka.png 768w, https:\/\/alumni.sze.hu\/en\/wp-content\/uploads\/2023\/11\/teka-300x175.png 300w\" sizes=\"auto, (max-width: 768px) 100vw, 768px\" \/><\/figure>\n<\/div>\n\n\n<p class=\"has-text-align-left has-medium-font-size\"><strong>T\u00e9K\u00e1 \u00c9tterem<\/strong><\/p>\n\n\n\n<p class=\"has-text-align-left\"><em>Every weekday we offer takeaway menus for our guests<\/em><\/p>\n\n\n\n<p class=\"has-text-align-center\"><a href=\"https:\/\/www.facebook.com\/tekaetterem\/?ref=page_internal\">T\u00e9K\u00e1 \u00c9tterem<\/a><\/p>\n<\/div>\n<\/div>\n\n\n\n<div class=\"wp-block-column is-layout-flow wp-block-column-is-layout-flow\">\n<div class=\"wp-block-group is-vertical is-layout-flex wp-container-core-group-is-layout-8cf370e7 wp-block-group-is-layout-flex\"><div class=\"wp-block-image is-style-default\">\n<figure class=\"aligncenter size-full\"><img loading=\"lazy\" decoding=\"async\" width=\"479\" height=\"320\" src=\"https:\/\/alumni.sze.hu\/en\/wp-content\/uploads\/2023\/11\/podium.png\" alt=\"\" class=\"wp-image-6843\" style=\"aspect-ratio:3\/2;object-fit:cover\" srcset=\"https:\/\/alumni.sze.hu\/en\/wp-content\/uploads\/2023\/11\/podium.png 479w, https:\/\/alumni.sze.hu\/en\/wp-content\/uploads\/2023\/11\/podium-300x200.png 300w\" sizes=\"auto, (max-width: 479px) 100vw, 479px\" \/><\/figure>\n<\/div>\n\n\n<p class=\"has-text-align-left has-medium-font-size\"><strong>P\u00f3dium \u00c9tterem<\/strong><\/p>\n\n\n\n<p class=\"has-text-align-left\"><em>Just a few minutes from the centre of Gy\u0151r.<br>A perfect venue for weddings, graduations, other family gatherings and corporate events.<\/em><\/p>\n\n\n\n<p class=\"has-text-align-center\"><a href=\"https:\/\/podiumetterem.hu\/\">podiumetterem.hu<\/a><\/p>\n<\/div>\n<\/div>\n<\/div>\n","protected":false},"excerpt":{"rendered":"<p>RESTAURANTS \/ BARS \/ CAF\u00c9S Ap\u00e1t\u00far (Father Abbot\u2019s) Beer House \u2013 sustainability \u2013 quality &#8211; hospitality Centuries-old tradition comes to life at this joint venture of Sz\u00e9chenyi University and the &#8230;<\/p>\n","protected":false},"author":1,"featured_media":0,"parent":0,"menu_order":0,"comment_status":"closed","ping_status":"closed","template":"","meta":{"footnotes":""},"class_list":["post-6785","page","type-page","status-publish","hentry"],"yoast_head":"<!-- This site is optimized with the Yoast SEO plugin v17.8 - https:\/\/yoast.com\/wordpress\/plugins\/seo\/ -->\n<title>Restaurants and caf\u00e9s - SZE Alumni \u2013 Sz\u00e9chenyi Istv\u00e1n Egyetem<\/title>\n<meta name=\"robots\" content=\"index, follow, max-snippet:-1, max-image-preview:large, max-video-preview:-1\" \/>\n<link rel=\"canonical\" href=\"https:\/\/alumni.sze.hu\/en\/restaurants-and-cafes\/\" \/>\n<meta property=\"og:locale\" content=\"hu_HU\" \/>\n<meta property=\"og:type\" content=\"article\" \/>\n<meta property=\"og:title\" content=\"Restaurants and caf\u00e9s - SZE Alumni \u2013 Sz\u00e9chenyi Istv\u00e1n Egyetem\" \/>\n<meta property=\"og:description\" content=\"RESTAURANTS \/ BARS \/ CAF\u00c9S Ap\u00e1t\u00far (Father Abbot\u2019s) Beer House \u2013 sustainability \u2013 quality &#8211; hospitality Centuries-old tradition comes to life at this joint venture of Sz\u00e9chenyi University and the ...\" \/>\n<meta property=\"og:url\" content=\"https:\/\/alumni.sze.hu\/en\/restaurants-and-cafes\/\" \/>\n<meta property=\"og:site_name\" content=\"SZE Alumni \u2013 Sz\u00e9chenyi Istv\u00e1n Egyetem\" \/>\n<meta property=\"article:modified_time\" content=\"2023-11-22T14:29:05+00:00\" \/>\n<meta property=\"og:image\" content=\"https:\/\/alumni.sze.hu\/wp-content\/uploads\/2023\/03\/3-1024x683.jpg\" \/>\n<meta name=\"twitter:card\" content=\"summary_large_image\" \/>\n<meta name=\"twitter:label1\" content=\"Becs\u00fclt olvas\u00e1si id\u0151\" \/>\n\t<meta name=\"twitter:data1\" content=\"1 perc\" \/>\n<script type=\"application\/ld+json\" class=\"yoast-schema-graph\">{\"@context\":\"https:\/\/schema.org\",\"@graph\":[{\"@type\":\"WebSite\",\"@id\":\"https:\/\/alumni.sze.hu\/en\/#website\",\"url\":\"https:\/\/alumni.sze.hu\/en\/\",\"name\":\"SZE Alumni \\u2013 Sz\\u00e9chenyi Istv\\u00e1n Egyetem\",\"description\":\"SZE Alumni \\u2013 Sz\\u00e9chenyi Istv\\u00e1n Egyetem\",\"potentialAction\":[{\"@type\":\"SearchAction\",\"target\":{\"@type\":\"EntryPoint\",\"urlTemplate\":\"https:\/\/alumni.sze.hu\/en\/?s={search_term_string}\"},\"query-input\":\"required name=search_term_string\"}],\"inLanguage\":\"hu\"},{\"@type\":\"ImageObject\",\"@id\":\"https:\/\/alumni.sze.hu\/en\/restaurants-and-cafes\/#primaryimage\",\"inLanguage\":\"hu\",\"url\":\"https:\/\/alumni.sze.hu\/wp-content\/uploads\/2023\/03\/3-1024x683.jpg\",\"contentUrl\":\"https:\/\/alumni.sze.hu\/wp-content\/uploads\/2023\/03\/3-1024x683.jpg\"},{\"@type\":\"WebPage\",\"@id\":\"https:\/\/alumni.sze.hu\/en\/restaurants-and-cafes\/#webpage\",\"url\":\"https:\/\/alumni.sze.hu\/en\/restaurants-and-cafes\/\",\"name\":\"Restaurants and caf\\u00e9s - SZE Alumni \\u2013 Sz\\u00e9chenyi Istv\\u00e1n Egyetem\",\"isPartOf\":{\"@id\":\"https:\/\/alumni.sze.hu\/en\/#website\"},\"primaryImageOfPage\":{\"@id\":\"https:\/\/alumni.sze.hu\/en\/restaurants-and-cafes\/#primaryimage\"},\"datePublished\":\"2023-10-19T09:47:00+00:00\",\"dateModified\":\"2023-11-22T14:29:05+00:00\",\"breadcrumb\":{\"@id\":\"https:\/\/alumni.sze.hu\/en\/restaurants-and-cafes\/#breadcrumb\"},\"inLanguage\":\"hu\",\"potentialAction\":[{\"@type\":\"ReadAction\",\"target\":[\"https:\/\/alumni.sze.hu\/en\/restaurants-and-cafes\/\"]}]},{\"@type\":\"BreadcrumbList\",\"@id\":\"https:\/\/alumni.sze.hu\/en\/restaurants-and-cafes\/#breadcrumb\",\"itemListElement\":[{\"@type\":\"ListItem\",\"position\":1,\"name\":\"Homepage\",\"item\":\"https:\/\/alumni.sze.hu\/en\/\"},{\"@type\":\"ListItem\",\"position\":2,\"name\":\"Restaurants and caf\\u00e9s\"}]}]}<\/script>\n<!-- \/ Yoast SEO plugin. -->","yoast_head_json":{"title":"Restaurants and caf\u00e9s - SZE Alumni \u2013 Sz\u00e9chenyi Istv\u00e1n Egyetem","robots":{"index":"index","follow":"follow","max-snippet":"max-snippet:-1","max-image-preview":"max-image-preview:large","max-video-preview":"max-video-preview:-1"},"canonical":"https:\/\/alumni.sze.hu\/en\/restaurants-and-cafes\/","og_locale":"hu_HU","og_type":"article","og_title":"Restaurants and caf\u00e9s - SZE Alumni \u2013 Sz\u00e9chenyi Istv\u00e1n Egyetem","og_description":"RESTAURANTS \/ BARS \/ CAF\u00c9S Ap\u00e1t\u00far (Father Abbot\u2019s) Beer House \u2013 sustainability \u2013 quality &#8211; hospitality Centuries-old tradition comes to life at this joint venture of Sz\u00e9chenyi University and the ...","og_url":"https:\/\/alumni.sze.hu\/en\/restaurants-and-cafes\/","og_site_name":"SZE Alumni \u2013 Sz\u00e9chenyi Istv\u00e1n Egyetem","article_modified_time":"2023-11-22T14:29:05+00:00","og_image":[{"url":"https:\/\/alumni.sze.hu\/wp-content\/uploads\/2023\/03\/3-1024x683.jpg"}],"twitter_card":"summary_large_image","twitter_misc":{"Becs\u00fclt olvas\u00e1si id\u0151":"1 perc"},"schema":{"@context":"https:\/\/schema.org","@graph":[{"@type":"WebSite","@id":"https:\/\/alumni.sze.hu\/en\/#website","url":"https:\/\/alumni.sze.hu\/en\/","name":"SZE Alumni \u2013 Sz\u00e9chenyi Istv\u00e1n Egyetem","description":"SZE Alumni \u2013 Sz\u00e9chenyi Istv\u00e1n Egyetem","potentialAction":[{"@type":"SearchAction","target":{"@type":"EntryPoint","urlTemplate":"https:\/\/alumni.sze.hu\/en\/?s={search_term_string}"},"query-input":"required name=search_term_string"}],"inLanguage":"hu"},{"@type":"ImageObject","@id":"https:\/\/alumni.sze.hu\/en\/restaurants-and-cafes\/#primaryimage","inLanguage":"hu","url":"https:\/\/alumni.sze.hu\/wp-content\/uploads\/2023\/03\/3-1024x683.jpg","contentUrl":"https:\/\/alumni.sze.hu\/wp-content\/uploads\/2023\/03\/3-1024x683.jpg"},{"@type":"WebPage","@id":"https:\/\/alumni.sze.hu\/en\/restaurants-and-cafes\/#webpage","url":"https:\/\/alumni.sze.hu\/en\/restaurants-and-cafes\/","name":"Restaurants and caf\u00e9s - SZE Alumni \u2013 Sz\u00e9chenyi Istv\u00e1n Egyetem","isPartOf":{"@id":"https:\/\/alumni.sze.hu\/en\/#website"},"primaryImageOfPage":{"@id":"https:\/\/alumni.sze.hu\/en\/restaurants-and-cafes\/#primaryimage"},"datePublished":"2023-10-19T09:47:00+00:00","dateModified":"2023-11-22T14:29:05+00:00","breadcrumb":{"@id":"https:\/\/alumni.sze.hu\/en\/restaurants-and-cafes\/#breadcrumb"},"inLanguage":"hu","potentialAction":[{"@type":"ReadAction","target":["https:\/\/alumni.sze.hu\/en\/restaurants-and-cafes\/"]}]},{"@type":"BreadcrumbList","@id":"https:\/\/alumni.sze.hu\/en\/restaurants-and-cafes\/#breadcrumb","itemListElement":[{"@type":"ListItem","position":1,"name":"Homepage","item":"https:\/\/alumni.sze.hu\/en\/"},{"@type":"ListItem","position":2,"name":"Restaurants and caf\u00e9s"}]}]}},"_links":{"self":[{"href":"https:\/\/alumni.sze.hu\/en\/wp-json\/wp\/v2\/pages\/6785","targetHints":{"allow":["GET"]}}],"collection":[{"href":"https:\/\/alumni.sze.hu\/en\/wp-json\/wp\/v2\/pages"}],"about":[{"href":"https:\/\/alumni.sze.hu\/en\/wp-json\/wp\/v2\/types\/page"}],"author":[{"embeddable":true,"href":"https:\/\/alumni.sze.hu\/en\/wp-json\/wp\/v2\/users\/1"}],"replies":[{"embeddable":true,"href":"https:\/\/alumni.sze.hu\/en\/wp-json\/wp\/v2\/comments?post=6785"}],"version-history":[{"count":14,"href":"https:\/\/alumni.sze.hu\/en\/wp-json\/wp\/v2\/pages\/6785\/revisions"}],"predecessor-version":[{"id":7183,"href":"https:\/\/alumni.sze.hu\/en\/wp-json\/wp\/v2\/pages\/6785\/revisions\/7183"}],"wp:attachment":[{"href":"https:\/\/alumni.sze.hu\/en\/wp-json\/wp\/v2\/media?parent=6785"}],"curies":[{"name":"wp","href":"https:\/\/api.w.org\/{rel}","templated":true}]}}