{"id":6770,"date":"2023-10-19T09:38:40","date_gmt":"2023-10-19T09:38:40","guid":{"rendered":"https:\/\/alumni.sze.hu\/en1\/?page_id=6770"},"modified":"2023-10-19T09:42:36","modified_gmt":"2023-10-19T09:42:36","slug":"gdpr","status":"publish","type":"page","link":"https:\/\/alumni.sze.hu\/en\/gdpr\/","title":{"rendered":"GDPR"},"content":{"rendered":"\n<p><\/p>\n\n\n\n<p><strong>Data protection is particularly important for us, it is regulated by Sz\u00e9cheny Istv\u00e1n University, and the privacy, data security and data management rules are also relevant. At the bottom of this page you can find the Privacy Policy which was drawn up on the basis of these. Anyone who is already registered can update, modify, or delete any information, preferences and settings provided during the registration.<\/strong><\/p>\n\n\n\n <h1>PDF Document<\/h1>\n    <object data=\"https:\/\/alumni.sze.hu\/wp-content\/uploads\/2021\/GDPR\/PRIVACY%20POLICY.pdf \" type=\"application\/pdf\" width=\"100%\" height=\"500px\">\n      <p>Unable to display PDF file. <a href=\"https:\/\/alumni.sze.hu\/wp-content\/uploads\/2021\/GDPR\/PRIVACY%20POLICY.pdf \">Download<\/a> instead.<\/p>\n    <\/object>\n\n","protected":false},"excerpt":{"rendered":"<p>Data protection is particularly important for us, it is regulated by Sz\u00e9cheny Istv\u00e1n University, and the privacy, data security and data management rules are also relevant. At the bottom of &#8230;<\/p>\n","protected":false},"author":1,"featured_media":0,"parent":0,"menu_order":0,"comment_status":"closed","ping_status":"closed","template":"","meta":{"footnotes":""},"class_list":["post-6770","page","type-page","status-publish","hentry"],"yoast_head":"<!-- This site is optimized with the Yoast SEO plugin v17.8 - https:\/\/yoast.com\/wordpress\/plugins\/seo\/ -->\n<title>GDPR - SZE Alumni \u2013 Sz\u00e9chenyi Istv\u00e1n Egyetem<\/title>\n<meta name=\"robots\" content=\"index, follow, max-snippet:-1, max-image-preview:large, max-video-preview:-1\" \/>\n<link rel=\"canonical\" href=\"https:\/\/alumni.sze.hu\/en\/gdpr\/\" \/>\n<meta property=\"og:locale\" content=\"hu_HU\" \/>\n<meta property=\"og:type\" content=\"article\" \/>\n<meta property=\"og:title\" content=\"GDPR - SZE Alumni \u2013 Sz\u00e9chenyi Istv\u00e1n Egyetem\" \/>\n<meta property=\"og:description\" content=\"Data protection is particularly important for us, it is regulated by Sz\u00e9cheny Istv\u00e1n University, and the privacy, data security and data management rules are also relevant. At the bottom of ...\" \/>\n<meta property=\"og:url\" content=\"https:\/\/alumni.sze.hu\/en\/gdpr\/\" \/>\n<meta property=\"og:site_name\" content=\"SZE Alumni \u2013 Sz\u00e9chenyi Istv\u00e1n Egyetem\" \/>\n<meta property=\"article:modified_time\" content=\"2023-10-19T09:42:36+00:00\" \/>\n<meta name=\"twitter:card\" content=\"summary_large_image\" \/>\n<script type=\"application\/ld+json\" class=\"yoast-schema-graph\">{\"@context\":\"https:\/\/schema.org\",\"@graph\":[{\"@type\":\"WebSite\",\"@id\":\"https:\/\/alumni.sze.hu\/en\/#website\",\"url\":\"https:\/\/alumni.sze.hu\/en\/\",\"name\":\"SZE Alumni \\u2013 Sz\\u00e9chenyi Istv\\u00e1n Egyetem\",\"description\":\"SZE Alumni \\u2013 Sz\\u00e9chenyi Istv\\u00e1n Egyetem\",\"potentialAction\":[{\"@type\":\"SearchAction\",\"target\":{\"@type\":\"EntryPoint\",\"urlTemplate\":\"https:\/\/alumni.sze.hu\/en\/?s={search_term_string}\"},\"query-input\":\"required name=search_term_string\"}],\"inLanguage\":\"hu\"},{\"@type\":\"WebPage\",\"@id\":\"https:\/\/alumni.sze.hu\/en\/gdpr\/#webpage\",\"url\":\"https:\/\/alumni.sze.hu\/en\/gdpr\/\",\"name\":\"GDPR - SZE Alumni \\u2013 Sz\\u00e9chenyi Istv\\u00e1n Egyetem\",\"isPartOf\":{\"@id\":\"https:\/\/alumni.sze.hu\/en\/#website\"},\"datePublished\":\"2023-10-19T09:38:40+00:00\",\"dateModified\":\"2023-10-19T09:42:36+00:00\",\"breadcrumb\":{\"@id\":\"https:\/\/alumni.sze.hu\/en\/gdpr\/#breadcrumb\"},\"inLanguage\":\"hu\",\"potentialAction\":[{\"@type\":\"ReadAction\",\"target\":[\"https:\/\/alumni.sze.hu\/en\/gdpr\/\"]}]},{\"@type\":\"BreadcrumbList\",\"@id\":\"https:\/\/alumni.sze.hu\/en\/gdpr\/#breadcrumb\",\"itemListElement\":[{\"@type\":\"ListItem\",\"position\":1,\"name\":\"Homepage\",\"item\":\"https:\/\/alumni.sze.hu\/en\/\"},{\"@type\":\"ListItem\",\"position\":2,\"name\":\"GDPR\"}]}]}<\/script>\n<!-- \/ Yoast SEO plugin. -->","yoast_head_json":{"title":"GDPR - SZE Alumni \u2013 Sz\u00e9chenyi Istv\u00e1n Egyetem","robots":{"index":"index","follow":"follow","max-snippet":"max-snippet:-1","max-image-preview":"max-image-preview:large","max-video-preview":"max-video-preview:-1"},"canonical":"https:\/\/alumni.sze.hu\/en\/gdpr\/","og_locale":"hu_HU","og_type":"article","og_title":"GDPR - SZE Alumni \u2013 Sz\u00e9chenyi Istv\u00e1n Egyetem","og_description":"Data protection is particularly important for us, it is regulated by Sz\u00e9cheny Istv\u00e1n University, and the privacy, data security and data management rules are also relevant. At the bottom of ...","og_url":"https:\/\/alumni.sze.hu\/en\/gdpr\/","og_site_name":"SZE Alumni \u2013 Sz\u00e9chenyi Istv\u00e1n Egyetem","article_modified_time":"2023-10-19T09:42:36+00:00","twitter_card":"summary_large_image","schema":{"@context":"https:\/\/schema.org","@graph":[{"@type":"WebSite","@id":"https:\/\/alumni.sze.hu\/en\/#website","url":"https:\/\/alumni.sze.hu\/en\/","name":"SZE Alumni \u2013 Sz\u00e9chenyi Istv\u00e1n Egyetem","description":"SZE Alumni \u2013 Sz\u00e9chenyi Istv\u00e1n Egyetem","potentialAction":[{"@type":"SearchAction","target":{"@type":"EntryPoint","urlTemplate":"https:\/\/alumni.sze.hu\/en\/?s={search_term_string}"},"query-input":"required name=search_term_string"}],"inLanguage":"hu"},{"@type":"WebPage","@id":"https:\/\/alumni.sze.hu\/en\/gdpr\/#webpage","url":"https:\/\/alumni.sze.hu\/en\/gdpr\/","name":"GDPR - SZE Alumni \u2013 Sz\u00e9chenyi Istv\u00e1n Egyetem","isPartOf":{"@id":"https:\/\/alumni.sze.hu\/en\/#website"},"datePublished":"2023-10-19T09:38:40+00:00","dateModified":"2023-10-19T09:42:36+00:00","breadcrumb":{"@id":"https:\/\/alumni.sze.hu\/en\/gdpr\/#breadcrumb"},"inLanguage":"hu","potentialAction":[{"@type":"ReadAction","target":["https:\/\/alumni.sze.hu\/en\/gdpr\/"]}]},{"@type":"BreadcrumbList","@id":"https:\/\/alumni.sze.hu\/en\/gdpr\/#breadcrumb","itemListElement":[{"@type":"ListItem","position":1,"name":"Homepage","item":"https:\/\/alumni.sze.hu\/en\/"},{"@type":"ListItem","position":2,"name":"GDPR"}]}]}},"_links":{"self":[{"href":"https:\/\/alumni.sze.hu\/en\/wp-json\/wp\/v2\/pages\/6770","targetHints":{"allow":["GET"]}}],"collection":[{"href":"https:\/\/alumni.sze.hu\/en\/wp-json\/wp\/v2\/pages"}],"about":[{"href":"https:\/\/alumni.sze.hu\/en\/wp-json\/wp\/v2\/types\/page"}],"author":[{"embeddable":true,"href":"https:\/\/alumni.sze.hu\/en\/wp-json\/wp\/v2\/users\/1"}],"replies":[{"embeddable":true,"href":"https:\/\/alumni.sze.hu\/en\/wp-json\/wp\/v2\/comments?post=6770"}],"version-history":[{"count":6,"href":"https:\/\/alumni.sze.hu\/en\/wp-json\/wp\/v2\/pages\/6770\/revisions"}],"predecessor-version":[{"id":6780,"href":"https:\/\/alumni.sze.hu\/en\/wp-json\/wp\/v2\/pages\/6770\/revisions\/6780"}],"wp:attachment":[{"href":"https:\/\/alumni.sze.hu\/en\/wp-json\/wp\/v2\/media?parent=6770"}],"curies":[{"name":"wp","href":"https:\/\/api.w.org\/{rel}","templated":true}]}}