{"id":6739,"date":"2023-10-19T09:18:40","date_gmt":"2023-10-19T09:18:40","guid":{"rendered":"https:\/\/alumni.sze.hu\/en1\/?page_id=6739"},"modified":"2023-11-22T11:43:30","modified_gmt":"2023-11-22T11:43:30","slug":"welcome-2","status":"publish","type":"page","link":"https:\/\/alumni.sze.hu\/en\/welcome-2\/","title":{"rendered":"Welcome"},"content":{"rendered":"\n<p>Dear international alumni of Sz\u00e9chenyi Istv\u00e1n University,<\/p>\n\n\n\n<p>Welcome to <strong>SZE-Alumni<\/strong>, the dedicated website of Sz\u00e9chenyi Alumni Community, that now has approximately 82,000 members originating from around 70 countries.<\/p>\n\n\n\n<p>It is a huge milestone in your life when you receive your degree, but even though your active student status comes to an end, as a result of your experiences, you are still connected to Sz\u00e9chenyi Istv\u00e1n University and Hungary.<\/p>\n\n\n\n<p>At <strong>SZE-Alumni,<\/strong> it is our goal to bring together students who have completed their studies at the University and to provide opportunities to stay in contact with fellow students and professors.<\/p>\n\n\n\n<p>In addition,<strong> SZE-Alumni<\/strong> not only offers careers support, information on grants and further study opportunities for graduates, but also organizes alumni events. Via the regular news postings on our website, you can get an insight into the development of your alma mater.<\/p>\n\n\n\n<p>We would like you to continue being an integral part of our community and to share with us your significant personal and professional success stories. We consider you as members of the Sz\u00e9chenyi University family, and as such, you will not only preserve our tradition, but also inspire the next generation with your valuable experiences, achievements, and milestones.<\/p>\n\n\n\n<p><strong>SZE-Alumni<\/strong> is always delighted to welcome you back\u2026<\/p>\n\n\n\n<p>Best Regards,<\/p>\n\n\n\n<p><em>SZE Alumni Team<\/em><\/p>\n\n\n\n<figure class=\"wp-block-gallery has-nested-images columns-3 is-cropped wp-block-gallery-1 is-layout-flex wp-block-gallery-is-layout-flex\">\n<figure class=\"wp-block-image size-large\"><img loading=\"lazy\" decoding=\"async\" width=\"1024\" height=\"682\" data-id=\"7142\" src=\"https:\/\/alumni.sze.hu\/en\/wp-content\/uploads\/2023\/11\/2020SZElegi-KonczolJ-campus-1024x682.jpg\" alt=\"\" class=\"wp-image-7142\" srcset=\"https:\/\/alumni.sze.hu\/en\/wp-content\/uploads\/2023\/11\/2020SZElegi-KonczolJ-campus-1024x682.jpg 1024w, https:\/\/alumni.sze.hu\/en\/wp-content\/uploads\/2023\/11\/2020SZElegi-KonczolJ-campus-300x200.jpg 300w, https:\/\/alumni.sze.hu\/en\/wp-content\/uploads\/2023\/11\/2020SZElegi-KonczolJ-campus-768x512.jpg 768w, https:\/\/alumni.sze.hu\/en\/wp-content\/uploads\/2023\/11\/2020SZElegi-KonczolJ-campus-1536x1023.jpg 1536w, https:\/\/alumni.sze.hu\/en\/wp-content\/uploads\/2023\/11\/2020SZElegi-KonczolJ-campus-2048x1365.jpg 2048w, https:\/\/alumni.sze.hu\/en\/wp-content\/uploads\/2023\/11\/2020SZElegi-KonczolJ-campus-18x12.jpg 18w\" sizes=\"auto, (max-width: 1024px) 100vw, 1024px\" \/><\/figure>\n\n\n\n<figure class=\"wp-block-image size-large\"><img loading=\"lazy\" decoding=\"async\" width=\"1024\" height=\"576\" data-id=\"7146\" src=\"https:\/\/alumni.sze.hu\/en\/wp-content\/uploads\/2023\/11\/SZE_Movar_Latogato_kozpont_kivulrol_2023_11_16_Adorjan_Andras_1_t-1024x576.jpg\" alt=\"\" class=\"wp-image-7146\" srcset=\"https:\/\/alumni.sze.hu\/en\/wp-content\/uploads\/2023\/11\/SZE_Movar_Latogato_kozpont_kivulrol_2023_11_16_Adorjan_Andras_1_t-1024x576.jpg 1024w, https:\/\/alumni.sze.hu\/en\/wp-content\/uploads\/2023\/11\/SZE_Movar_Latogato_kozpont_kivulrol_2023_11_16_Adorjan_Andras_1_t-300x169.jpg 300w, https:\/\/alumni.sze.hu\/en\/wp-content\/uploads\/2023\/11\/SZE_Movar_Latogato_kozpont_kivulrol_2023_11_16_Adorjan_Andras_1_t-768x432.jpg 768w, https:\/\/alumni.sze.hu\/en\/wp-content\/uploads\/2023\/11\/SZE_Movar_Latogato_kozpont_kivulrol_2023_11_16_Adorjan_Andras_1_t-1536x864.jpg 1536w, https:\/\/alumni.sze.hu\/en\/wp-content\/uploads\/2023\/11\/SZE_Movar_Latogato_kozpont_kivulrol_2023_11_16_Adorjan_Andras_1_t-2048x1152.jpg 2048w, https:\/\/alumni.sze.hu\/en\/wp-content\/uploads\/2023\/11\/SZE_Movar_Latogato_kozpont_kivulrol_2023_11_16_Adorjan_Andras_1_t-18x10.jpg 18w\" sizes=\"auto, (max-width: 1024px) 100vw, 1024px\" \/><\/figure>\n\n\n\n<figure class=\"wp-block-image size-large\"><img decoding=\"async\" data-id=\"7144\" src=\"https:\/\/alumni.sze.hu\/en\/wp-content\/uploads\/2023\/11\/SZE_EU_Ambassadors_2023_01_Majer_Csaba_Jozsef.JPG\" alt=\"\" class=\"wp-image-7144\"\/><\/figure>\n\n\n\n<figure class=\"wp-block-image size-large\"><img loading=\"lazy\" decoding=\"async\" width=\"1024\" height=\"683\" data-id=\"7143\" src=\"https:\/\/alumni.sze.hu\/en\/wp-content\/uploads\/2023\/11\/Campus_stock_10_2023_21_Dudas_Mate-1024x683.jpg\" alt=\"\" class=\"wp-image-7143\" srcset=\"https:\/\/alumni.sze.hu\/en\/wp-content\/uploads\/2023\/11\/Campus_stock_10_2023_21_Dudas_Mate-1024x683.jpg 1024w, https:\/\/alumni.sze.hu\/en\/wp-content\/uploads\/2023\/11\/Campus_stock_10_2023_21_Dudas_Mate-300x200.jpg 300w, https:\/\/alumni.sze.hu\/en\/wp-content\/uploads\/2023\/11\/Campus_stock_10_2023_21_Dudas_Mate-768x512.jpg 768w, https:\/\/alumni.sze.hu\/en\/wp-content\/uploads\/2023\/11\/Campus_stock_10_2023_21_Dudas_Mate-1536x1024.jpg 1536w, https:\/\/alumni.sze.hu\/en\/wp-content\/uploads\/2023\/11\/Campus_stock_10_2023_21_Dudas_Mate-2048x1365.jpg 2048w, https:\/\/alumni.sze.hu\/en\/wp-content\/uploads\/2023\/11\/Campus_stock_10_2023_21_Dudas_Mate-18x12.jpg 18w\" sizes=\"auto, (max-width: 1024px) 100vw, 1024px\" \/><\/figure>\n\n\n\n<figure class=\"wp-block-image size-large\"><img loading=\"lazy\" decoding=\"async\" width=\"1024\" height=\"683\" data-id=\"7145\" src=\"https:\/\/alumni.sze.hu\/en\/wp-content\/uploads\/2023\/11\/SZE_Kocka_felirattal_2023_11_09_Adorjan_Andras_3_t-1024x683.jpg\" alt=\"\" class=\"wp-image-7145\" srcset=\"https:\/\/alumni.sze.hu\/en\/wp-content\/uploads\/2023\/11\/SZE_Kocka_felirattal_2023_11_09_Adorjan_Andras_3_t-1024x683.jpg 1024w, https:\/\/alumni.sze.hu\/en\/wp-content\/uploads\/2023\/11\/SZE_Kocka_felirattal_2023_11_09_Adorjan_Andras_3_t-300x200.jpg 300w, https:\/\/alumni.sze.hu\/en\/wp-content\/uploads\/2023\/11\/SZE_Kocka_felirattal_2023_11_09_Adorjan_Andras_3_t-768x512.jpg 768w, https:\/\/alumni.sze.hu\/en\/wp-content\/uploads\/2023\/11\/SZE_Kocka_felirattal_2023_11_09_Adorjan_Andras_3_t-1536x1024.jpg 1536w, https:\/\/alumni.sze.hu\/en\/wp-content\/uploads\/2023\/11\/SZE_Kocka_felirattal_2023_11_09_Adorjan_Andras_3_t-2048x1365.jpg 2048w, https:\/\/alumni.sze.hu\/en\/wp-content\/uploads\/2023\/11\/SZE_Kocka_felirattal_2023_11_09_Adorjan_Andras_3_t-18x12.jpg 18w\" sizes=\"auto, (max-width: 1024px) 100vw, 1024px\" \/><\/figure>\n<\/figure>\n","protected":false},"excerpt":{"rendered":"<p>Dear international alumni of Sz\u00e9chenyi Istv\u00e1n University, Welcome to SZE-Alumni, the dedicated website of Sz\u00e9chenyi Alumni Community, that now has approximately 82,000 members originating from around 70 countries. It is &#8230;<\/p>\n","protected":false},"author":1,"featured_media":7148,"parent":0,"menu_order":0,"comment_status":"closed","ping_status":"closed","template":"","meta":{"footnotes":""},"class_list":["post-6739","page","type-page","status-publish","has-post-thumbnail","hentry"],"yoast_head":"<!-- This site is optimized with the Yoast SEO plugin v17.8 - https:\/\/yoast.com\/wordpress\/plugins\/seo\/ -->\n<title>Welcome - SZE Alumni \u2013 Sz\u00e9chenyi Istv\u00e1n Egyetem<\/title>\n<meta name=\"robots\" content=\"index, follow, max-snippet:-1, max-image-preview:large, max-video-preview:-1\" \/>\n<link rel=\"canonical\" href=\"https:\/\/alumni.sze.hu\/en\/welcome-2\/\" \/>\n<meta property=\"og:locale\" content=\"hu_HU\" \/>\n<meta property=\"og:type\" content=\"article\" \/>\n<meta property=\"og:title\" content=\"Welcome - SZE Alumni \u2013 Sz\u00e9chenyi Istv\u00e1n Egyetem\" \/>\n<meta property=\"og:description\" content=\"Dear international alumni of Sz\u00e9chenyi Istv\u00e1n University, Welcome to SZE-Alumni, the dedicated website of Sz\u00e9chenyi Alumni Community, that now has approximately 82,000 members originating from around 70 countries. It is ...\" \/>\n<meta property=\"og:url\" content=\"https:\/\/alumni.sze.hu\/en\/welcome-2\/\" \/>\n<meta property=\"og:site_name\" content=\"SZE Alumni \u2013 Sz\u00e9chenyi Istv\u00e1n Egyetem\" \/>\n<meta property=\"article:modified_time\" content=\"2023-11-22T11:43:30+00:00\" \/>\n<meta property=\"og:image\" content=\"https:\/\/alumni.sze.hu\/en\/wp-content\/uploads\/2023\/11\/2020SZElegi-KonczolJ-campus-1-scaled-e1700571949410.jpg\" \/>\n\t<meta property=\"og:image:width\" content=\"2227\" \/>\n\t<meta property=\"og:image:height\" content=\"1002\" \/>\n<meta name=\"twitter:card\" content=\"summary_large_image\" \/>\n<meta name=\"twitter:label1\" content=\"Becs\u00fclt olvas\u00e1si id\u0151\" \/>\n\t<meta name=\"twitter:data1\" content=\"1 perc\" \/>\n<script type=\"application\/ld+json\" class=\"yoast-schema-graph\">{\"@context\":\"https:\/\/schema.org\",\"@graph\":[{\"@type\":\"WebSite\",\"@id\":\"https:\/\/alumni.sze.hu\/en\/#website\",\"url\":\"https:\/\/alumni.sze.hu\/en\/\",\"name\":\"SZE Alumni \\u2013 Sz\\u00e9chenyi Istv\\u00e1n Egyetem\",\"description\":\"SZE Alumni \\u2013 Sz\\u00e9chenyi Istv\\u00e1n Egyetem\",\"potentialAction\":[{\"@type\":\"SearchAction\",\"target\":{\"@type\":\"EntryPoint\",\"urlTemplate\":\"https:\/\/alumni.sze.hu\/en\/?s={search_term_string}\"},\"query-input\":\"required name=search_term_string\"}],\"inLanguage\":\"hu\"},{\"@type\":\"ImageObject\",\"@id\":\"https:\/\/alumni.sze.hu\/en\/welcome-2\/#primaryimage\",\"inLanguage\":\"hu\",\"url\":\"https:\/\/alumni.sze.hu\/en\/wp-content\/uploads\/2023\/11\/2020SZElegi-KonczolJ-campus-1-scaled-e1700571949410.jpg\",\"contentUrl\":\"https:\/\/alumni.sze.hu\/en\/wp-content\/uploads\/2023\/11\/2020SZElegi-KonczolJ-campus-1-scaled-e1700571949410.jpg\",\"width\":2227,\"height\":1002},{\"@type\":\"WebPage\",\"@id\":\"https:\/\/alumni.sze.hu\/en\/welcome-2\/#webpage\",\"url\":\"https:\/\/alumni.sze.hu\/en\/welcome-2\/\",\"name\":\"Welcome - SZE Alumni \\u2013 Sz\\u00e9chenyi Istv\\u00e1n Egyetem\",\"isPartOf\":{\"@id\":\"https:\/\/alumni.sze.hu\/en\/#website\"},\"primaryImageOfPage\":{\"@id\":\"https:\/\/alumni.sze.hu\/en\/welcome-2\/#primaryimage\"},\"datePublished\":\"2023-10-19T09:18:40+00:00\",\"dateModified\":\"2023-11-22T11:43:30+00:00\",\"breadcrumb\":{\"@id\":\"https:\/\/alumni.sze.hu\/en\/welcome-2\/#breadcrumb\"},\"inLanguage\":\"hu\",\"potentialAction\":[{\"@type\":\"ReadAction\",\"target\":[\"https:\/\/alumni.sze.hu\/en\/welcome-2\/\"]}]},{\"@type\":\"BreadcrumbList\",\"@id\":\"https:\/\/alumni.sze.hu\/en\/welcome-2\/#breadcrumb\",\"itemListElement\":[{\"@type\":\"ListItem\",\"position\":1,\"name\":\"Homepage\",\"item\":\"https:\/\/alumni.sze.hu\/en\/\"},{\"@type\":\"ListItem\",\"position\":2,\"name\":\"Welcome\"}]}]}<\/script>\n<!-- \/ Yoast SEO plugin. -->","yoast_head_json":{"title":"Welcome - SZE Alumni \u2013 Sz\u00e9chenyi Istv\u00e1n Egyetem","robots":{"index":"index","follow":"follow","max-snippet":"max-snippet:-1","max-image-preview":"max-image-preview:large","max-video-preview":"max-video-preview:-1"},"canonical":"https:\/\/alumni.sze.hu\/en\/welcome-2\/","og_locale":"hu_HU","og_type":"article","og_title":"Welcome - SZE Alumni \u2013 Sz\u00e9chenyi Istv\u00e1n Egyetem","og_description":"Dear international alumni of Sz\u00e9chenyi Istv\u00e1n University, Welcome to SZE-Alumni, the dedicated website of Sz\u00e9chenyi Alumni Community, that now has approximately 82,000 members originating from around 70 countries. It is ...","og_url":"https:\/\/alumni.sze.hu\/en\/welcome-2\/","og_site_name":"SZE Alumni \u2013 Sz\u00e9chenyi Istv\u00e1n Egyetem","article_modified_time":"2023-11-22T11:43:30+00:00","og_image":[{"width":2227,"height":1002,"url":"https:\/\/alumni.sze.hu\/en\/wp-content\/uploads\/2023\/11\/2020SZElegi-KonczolJ-campus-1-scaled-e1700571949410.jpg","type":"image\/jpeg"}],"twitter_card":"summary_large_image","twitter_misc":{"Becs\u00fclt olvas\u00e1si id\u0151":"1 perc"},"schema":{"@context":"https:\/\/schema.org","@graph":[{"@type":"WebSite","@id":"https:\/\/alumni.sze.hu\/en\/#website","url":"https:\/\/alumni.sze.hu\/en\/","name":"SZE Alumni \u2013 Sz\u00e9chenyi Istv\u00e1n Egyetem","description":"SZE Alumni \u2013 Sz\u00e9chenyi Istv\u00e1n Egyetem","potentialAction":[{"@type":"SearchAction","target":{"@type":"EntryPoint","urlTemplate":"https:\/\/alumni.sze.hu\/en\/?s={search_term_string}"},"query-input":"required name=search_term_string"}],"inLanguage":"hu"},{"@type":"ImageObject","@id":"https:\/\/alumni.sze.hu\/en\/welcome-2\/#primaryimage","inLanguage":"hu","url":"https:\/\/alumni.sze.hu\/en\/wp-content\/uploads\/2023\/11\/2020SZElegi-KonczolJ-campus-1-scaled-e1700571949410.jpg","contentUrl":"https:\/\/alumni.sze.hu\/en\/wp-content\/uploads\/2023\/11\/2020SZElegi-KonczolJ-campus-1-scaled-e1700571949410.jpg","width":2227,"height":1002},{"@type":"WebPage","@id":"https:\/\/alumni.sze.hu\/en\/welcome-2\/#webpage","url":"https:\/\/alumni.sze.hu\/en\/welcome-2\/","name":"Welcome - SZE Alumni \u2013 Sz\u00e9chenyi Istv\u00e1n Egyetem","isPartOf":{"@id":"https:\/\/alumni.sze.hu\/en\/#website"},"primaryImageOfPage":{"@id":"https:\/\/alumni.sze.hu\/en\/welcome-2\/#primaryimage"},"datePublished":"2023-10-19T09:18:40+00:00","dateModified":"2023-11-22T11:43:30+00:00","breadcrumb":{"@id":"https:\/\/alumni.sze.hu\/en\/welcome-2\/#breadcrumb"},"inLanguage":"hu","potentialAction":[{"@type":"ReadAction","target":["https:\/\/alumni.sze.hu\/en\/welcome-2\/"]}]},{"@type":"BreadcrumbList","@id":"https:\/\/alumni.sze.hu\/en\/welcome-2\/#breadcrumb","itemListElement":[{"@type":"ListItem","position":1,"name":"Homepage","item":"https:\/\/alumni.sze.hu\/en\/"},{"@type":"ListItem","position":2,"name":"Welcome"}]}]}},"_links":{"self":[{"href":"https:\/\/alumni.sze.hu\/en\/wp-json\/wp\/v2\/pages\/6739","targetHints":{"allow":["GET"]}}],"collection":[{"href":"https:\/\/alumni.sze.hu\/en\/wp-json\/wp\/v2\/pages"}],"about":[{"href":"https:\/\/alumni.sze.hu\/en\/wp-json\/wp\/v2\/types\/page"}],"author":[{"embeddable":true,"href":"https:\/\/alumni.sze.hu\/en\/wp-json\/wp\/v2\/users\/1"}],"replies":[{"embeddable":true,"href":"https:\/\/alumni.sze.hu\/en\/wp-json\/wp\/v2\/comments?post=6739"}],"version-history":[{"count":5,"href":"https:\/\/alumni.sze.hu\/en\/wp-json\/wp\/v2\/pages\/6739\/revisions"}],"predecessor-version":[{"id":7176,"href":"https:\/\/alumni.sze.hu\/en\/wp-json\/wp\/v2\/pages\/6739\/revisions\/7176"}],"wp:featuredmedia":[{"embeddable":true,"href":"https:\/\/alumni.sze.hu\/en\/wp-json\/wp\/v2\/media\/7148"}],"wp:attachment":[{"href":"https:\/\/alumni.sze.hu\/en\/wp-json\/wp\/v2\/media?parent=6739"}],"curies":[{"name":"wp","href":"https:\/\/api.w.org\/{rel}","templated":true}]}}