{"id":6727,"date":"2023-10-19T09:06:11","date_gmt":"2023-10-19T09:06:11","guid":{"rendered":"https:\/\/alumni.sze.hu\/en1\/?page_id=6727"},"modified":"2025-04-24T11:12:41","modified_gmt":"2025-04-24T11:12:41","slug":"support-us","status":"publish","type":"page","link":"https:\/\/alumni.sze.hu\/en\/support-us\/","title":{"rendered":"Support us"},"content":{"rendered":"\n<p>Dear Prospective SZE-Alumni Supporter,<\/p>\n\n\n\n<p>Your Alma Mater, Sz\u00e9chenyi Istv\u00e1n University, is one of Hungary&#8217;s most dynamically developing higher education institutions.<\/p>\n\n\n\n<p>If you wish to support Sz\u00e9chenyi Istv\u00e1n University and the excellence of its students and staff, you can do so with donations through our foundation.<\/p>\n\n\n\n<p>The Foundation for Sz\u00e9chenyi Istv\u00e1n University operates educational and scientific research support programmes, provides need-based assistance and supports talent development programmes.<\/p>\n\n\n\n<p>If you would like to support our Foundation, please get in touch with the Foundation&#8217;s secretariat. The secretariat will provide the necessary administrative assistance for donations, relieving you of any burdens.<\/p>\n\n\n\n<p><\/p>\n\n\n\n<p>Contact:<\/p>\n\n\n\n<p>Vass J\u00falia Eszter<br>Foundation for Sz\u00e9chenyi Istv\u00e1n University<br>Secretary of the Foundation for Sz\u00e9chenyi Istv\u00e1n University<br><br>Address: 9026 Gy\u0151r, Egyetem t\u00e9r 1.<br>E-mail:\u00a0<a href=\"mailto:titkar.kuratorium@alapitvany.sze.hu\" target=\"_blank\" rel=\"noreferrer noopener\">titkar.kuratorium@alapitvany.sze.hu<\/a><br>Phone: +36703321762<br><br>A Foundation for Sz\u00e9chenyi Istv\u00e1n University bank account number:<br><strong><em>10300002-13198347-00014906<\/em><\/strong><br>Please indicate: donation<br>Name of bank: MKB Bank<\/p>\n\n\n\n<p><br>Information about further cooperation can be found at&nbsp;<a href=\"mailto:alumni@sze.hu\" target=\"_blank\" rel=\"noreferrer noopener\">alumni@sze.hu<\/a>&nbsp;.&nbsp;<\/p>\n\n\n\n<p><strong>The leadership of Sz\u00e9chenyi Istv\u00e1n University and the Board of Trustees thank you for your generous donation.<\/strong><\/p>\n\n\n\n<p>Hetzmann B\u00e9la<br>Foundation for Sz\u00e9chenyi Istv\u00e1n University<br>president, Board of Trustees<\/p>\n","protected":false},"excerpt":{"rendered":"<p>Dear Prospective SZE-Alumni Supporter, Your Alma Mater, Sz\u00e9chenyi Istv\u00e1n University, is one of Hungary&#8217;s most dynamically developing higher education institutions. If you wish to support Sz\u00e9chenyi Istv\u00e1n University and the &#8230;<\/p>\n","protected":false},"author":1,"featured_media":7151,"parent":0,"menu_order":0,"comment_status":"closed","ping_status":"closed","template":"","meta":{"footnotes":""},"class_list":["post-6727","page","type-page","status-publish","has-post-thumbnail","hentry"],"yoast_head":"<!-- This site is optimized with the Yoast SEO plugin v17.8 - https:\/\/yoast.com\/wordpress\/plugins\/seo\/ -->\n<title>Support us - SZE Alumni \u2013 Sz\u00e9chenyi Istv\u00e1n Egyetem<\/title>\n<meta name=\"robots\" content=\"index, follow, max-snippet:-1, max-image-preview:large, max-video-preview:-1\" \/>\n<link rel=\"canonical\" href=\"https:\/\/alumni.sze.hu\/en\/support-us\/\" \/>\n<meta property=\"og:locale\" content=\"hu_HU\" \/>\n<meta property=\"og:type\" content=\"article\" \/>\n<meta property=\"og:title\" content=\"Support us - SZE Alumni \u2013 Sz\u00e9chenyi Istv\u00e1n Egyetem\" \/>\n<meta property=\"og:description\" content=\"Dear Prospective SZE-Alumni Supporter, Your Alma Mater, Sz\u00e9chenyi Istv\u00e1n University, is one of Hungary&#8217;s most dynamically developing higher education institutions. If you wish to support Sz\u00e9chenyi Istv\u00e1n University and the ...\" \/>\n<meta property=\"og:url\" content=\"https:\/\/alumni.sze.hu\/en\/support-us\/\" \/>\n<meta property=\"og:site_name\" content=\"SZE Alumni \u2013 Sz\u00e9chenyi Istv\u00e1n Egyetem\" \/>\n<meta property=\"article:modified_time\" content=\"2025-04-24T11:12:41+00:00\" \/>\n<meta property=\"og:image\" content=\"https:\/\/alumni.sze.hu\/en\/wp-content\/uploads\/2023\/11\/Campus_stock_10_2023_21_Dudas_Mate-1-scaled-e1700573372592.jpg\" \/>\n\t<meta property=\"og:image:width\" content=\"2560\" \/>\n\t<meta property=\"og:image:height\" content=\"1126\" \/>\n<meta name=\"twitter:card\" content=\"summary_large_image\" \/>\n<meta name=\"twitter:label1\" content=\"Becs\u00fclt olvas\u00e1si id\u0151\" \/>\n\t<meta name=\"twitter:data1\" content=\"1 perc\" \/>\n<script type=\"application\/ld+json\" class=\"yoast-schema-graph\">{\"@context\":\"https:\/\/schema.org\",\"@graph\":[{\"@type\":\"WebSite\",\"@id\":\"https:\/\/alumni.sze.hu\/en\/#website\",\"url\":\"https:\/\/alumni.sze.hu\/en\/\",\"name\":\"SZE Alumni \\u2013 Sz\\u00e9chenyi Istv\\u00e1n Egyetem\",\"description\":\"SZE Alumni \\u2013 Sz\\u00e9chenyi Istv\\u00e1n Egyetem\",\"potentialAction\":[{\"@type\":\"SearchAction\",\"target\":{\"@type\":\"EntryPoint\",\"urlTemplate\":\"https:\/\/alumni.sze.hu\/en\/?s={search_term_string}\"},\"query-input\":\"required name=search_term_string\"}],\"inLanguage\":\"hu\"},{\"@type\":\"ImageObject\",\"@id\":\"https:\/\/alumni.sze.hu\/en\/support-us\/#primaryimage\",\"inLanguage\":\"hu\",\"url\":\"https:\/\/alumni.sze.hu\/en\/wp-content\/uploads\/2023\/11\/Campus_stock_10_2023_21_Dudas_Mate-1-scaled-e1700573372592.jpg\",\"contentUrl\":\"https:\/\/alumni.sze.hu\/en\/wp-content\/uploads\/2023\/11\/Campus_stock_10_2023_21_Dudas_Mate-1-scaled-e1700573372592.jpg\",\"width\":2560,\"height\":1126},{\"@type\":\"WebPage\",\"@id\":\"https:\/\/alumni.sze.hu\/en\/support-us\/#webpage\",\"url\":\"https:\/\/alumni.sze.hu\/en\/support-us\/\",\"name\":\"Support us - SZE Alumni \\u2013 Sz\\u00e9chenyi Istv\\u00e1n Egyetem\",\"isPartOf\":{\"@id\":\"https:\/\/alumni.sze.hu\/en\/#website\"},\"primaryImageOfPage\":{\"@id\":\"https:\/\/alumni.sze.hu\/en\/support-us\/#primaryimage\"},\"datePublished\":\"2023-10-19T09:06:11+00:00\",\"dateModified\":\"2025-04-24T11:12:41+00:00\",\"breadcrumb\":{\"@id\":\"https:\/\/alumni.sze.hu\/en\/support-us\/#breadcrumb\"},\"inLanguage\":\"hu\",\"potentialAction\":[{\"@type\":\"ReadAction\",\"target\":[\"https:\/\/alumni.sze.hu\/en\/support-us\/\"]}]},{\"@type\":\"BreadcrumbList\",\"@id\":\"https:\/\/alumni.sze.hu\/en\/support-us\/#breadcrumb\",\"itemListElement\":[{\"@type\":\"ListItem\",\"position\":1,\"name\":\"Homepage\",\"item\":\"https:\/\/alumni.sze.hu\/en\/\"},{\"@type\":\"ListItem\",\"position\":2,\"name\":\"Support us\"}]}]}<\/script>\n<!-- \/ Yoast SEO plugin. -->","yoast_head_json":{"title":"Support us - SZE Alumni \u2013 Sz\u00e9chenyi Istv\u00e1n Egyetem","robots":{"index":"index","follow":"follow","max-snippet":"max-snippet:-1","max-image-preview":"max-image-preview:large","max-video-preview":"max-video-preview:-1"},"canonical":"https:\/\/alumni.sze.hu\/en\/support-us\/","og_locale":"hu_HU","og_type":"article","og_title":"Support us - SZE Alumni \u2013 Sz\u00e9chenyi Istv\u00e1n Egyetem","og_description":"Dear Prospective SZE-Alumni Supporter, Your Alma Mater, Sz\u00e9chenyi Istv\u00e1n University, is one of Hungary&#8217;s most dynamically developing higher education institutions. If you wish to support Sz\u00e9chenyi Istv\u00e1n University and the ...","og_url":"https:\/\/alumni.sze.hu\/en\/support-us\/","og_site_name":"SZE Alumni \u2013 Sz\u00e9chenyi Istv\u00e1n Egyetem","article_modified_time":"2025-04-24T11:12:41+00:00","og_image":[{"width":2560,"height":1126,"url":"https:\/\/alumni.sze.hu\/en\/wp-content\/uploads\/2023\/11\/Campus_stock_10_2023_21_Dudas_Mate-1-scaled-e1700573372592.jpg","type":"image\/jpeg"}],"twitter_card":"summary_large_image","twitter_misc":{"Becs\u00fclt olvas\u00e1si id\u0151":"1 perc"},"schema":{"@context":"https:\/\/schema.org","@graph":[{"@type":"WebSite","@id":"https:\/\/alumni.sze.hu\/en\/#website","url":"https:\/\/alumni.sze.hu\/en\/","name":"SZE Alumni \u2013 Sz\u00e9chenyi Istv\u00e1n Egyetem","description":"SZE Alumni \u2013 Sz\u00e9chenyi Istv\u00e1n Egyetem","potentialAction":[{"@type":"SearchAction","target":{"@type":"EntryPoint","urlTemplate":"https:\/\/alumni.sze.hu\/en\/?s={search_term_string}"},"query-input":"required name=search_term_string"}],"inLanguage":"hu"},{"@type":"ImageObject","@id":"https:\/\/alumni.sze.hu\/en\/support-us\/#primaryimage","inLanguage":"hu","url":"https:\/\/alumni.sze.hu\/en\/wp-content\/uploads\/2023\/11\/Campus_stock_10_2023_21_Dudas_Mate-1-scaled-e1700573372592.jpg","contentUrl":"https:\/\/alumni.sze.hu\/en\/wp-content\/uploads\/2023\/11\/Campus_stock_10_2023_21_Dudas_Mate-1-scaled-e1700573372592.jpg","width":2560,"height":1126},{"@type":"WebPage","@id":"https:\/\/alumni.sze.hu\/en\/support-us\/#webpage","url":"https:\/\/alumni.sze.hu\/en\/support-us\/","name":"Support us - SZE Alumni \u2013 Sz\u00e9chenyi Istv\u00e1n Egyetem","isPartOf":{"@id":"https:\/\/alumni.sze.hu\/en\/#website"},"primaryImageOfPage":{"@id":"https:\/\/alumni.sze.hu\/en\/support-us\/#primaryimage"},"datePublished":"2023-10-19T09:06:11+00:00","dateModified":"2025-04-24T11:12:41+00:00","breadcrumb":{"@id":"https:\/\/alumni.sze.hu\/en\/support-us\/#breadcrumb"},"inLanguage":"hu","potentialAction":[{"@type":"ReadAction","target":["https:\/\/alumni.sze.hu\/en\/support-us\/"]}]},{"@type":"BreadcrumbList","@id":"https:\/\/alumni.sze.hu\/en\/support-us\/#breadcrumb","itemListElement":[{"@type":"ListItem","position":1,"name":"Homepage","item":"https:\/\/alumni.sze.hu\/en\/"},{"@type":"ListItem","position":2,"name":"Support us"}]}]}},"_links":{"self":[{"href":"https:\/\/alumni.sze.hu\/en\/wp-json\/wp\/v2\/pages\/6727","targetHints":{"allow":["GET"]}}],"collection":[{"href":"https:\/\/alumni.sze.hu\/en\/wp-json\/wp\/v2\/pages"}],"about":[{"href":"https:\/\/alumni.sze.hu\/en\/wp-json\/wp\/v2\/types\/page"}],"author":[{"embeddable":true,"href":"https:\/\/alumni.sze.hu\/en\/wp-json\/wp\/v2\/users\/1"}],"replies":[{"embeddable":true,"href":"https:\/\/alumni.sze.hu\/en\/wp-json\/wp\/v2\/comments?post=6727"}],"version-history":[{"count":5,"href":"https:\/\/alumni.sze.hu\/en\/wp-json\/wp\/v2\/pages\/6727\/revisions"}],"predecessor-version":[{"id":8580,"href":"https:\/\/alumni.sze.hu\/en\/wp-json\/wp\/v2\/pages\/6727\/revisions\/8580"}],"wp:featuredmedia":[{"embeddable":true,"href":"https:\/\/alumni.sze.hu\/en\/wp-json\/wp\/v2\/media\/7151"}],"wp:attachment":[{"href":"https:\/\/alumni.sze.hu\/en\/wp-json\/wp\/v2\/media?parent=6727"}],"curies":[{"name":"wp","href":"https:\/\/api.w.org\/{rel}","templated":true}]}}