{"id":264,"date":"2021-10-25T11:06:04","date_gmt":"2021-10-25T11:06:04","guid":{"rendered":"https:\/\/unisrv4.sze.hu\/?page_id=264"},"modified":"2023-09-18T08:27:41","modified_gmt":"2023-09-18T08:27:41","slug":"alumni-talalkozot-szervezne","status":"publish","type":"page","link":"https:\/\/alumni.sze.hu\/en\/alumni-talalkozot-szervezne\/","title":{"rendered":"Alumni tal\u00e1lkoz\u00f3t szervezne?"},"content":{"rendered":"\n<p>Szervezet\u00fcnk \u00f6sszefogja a Sz\u00e9chenyi Istv\u00e1n Egyetemen \u00e9s jogel\u0151d int\u00e9zm\u00e9nyeiben tanult hallgat\u00f3it, s sz\u00e1mukra lehet\u0151s\u00e9get biztos\u00edt kapcsolattart\u00e1sra az egyetemi polg\u00e1rokkal, szakmai karrierj\u00fck \u00e9p\u00edt\u00e9s\u00e9nek t\u00e1mogat\u00e1s\u00e1ra.<\/p>\n\n\n\n<p>C\u00e9lunk egy glob\u00e1lis szakmai-k\u00f6z\u00f6ss\u00e9gi h\u00e1l\u00f3zat ki\u00e9p\u00edt\u00e9se, amely \u00f6sszek\u00f6ti az alma mater ir\u00e1nt elk\u00f6telezett \u00f6regdi\u00e1kokat egy akt\u00edv \u00e9s kollaborat\u00edv, oda-vissza hat\u00f3 egy\u00fcttm\u0171k\u00f6d\u00e9sben.<\/p>\n\n\n\n<p>Alumnik sz\u00e1m\u00e1ra <strong>tal\u00e1lkoz\u00f3kat is szervez\u00fcnk<\/strong>, mely sor\u00e1n sz\u00ednvonalas programelemeket is biztos\u00edtunk a jelenl\u00e9v\u0151knek. A tal\u00e1lkoz\u00f3kon ig\u00e9ny szerint campus-k\u00f6rbevezet\u00e9ssel, el\u0151ad\u00e1ssal \u00e9s eml\u00e9koklev\u00e9llel k\u00e9sz\u00fcl\u00fcnk v\u00e9gzettjeinknek.<\/p>\n\n\n\n<p>K\u00e9rj\u00fck, vegy\u00e9k figyelembe, hogy az alumni tal\u00e1lkoz\u00f3kat <strong>el\u0151zetesen egyeztetett id\u0151pontban tudjuk biztos\u00edtani<\/strong> \u00d6n\u00f6k sz\u00e1m\u00e1ra. K\u00fcl\u00f6n\u00f6s tekintettel h\u00e9tv\u00e9g\u00e9kre es\u0151 alumni tal\u00e1lkoz\u00f3k eset\u00e9ben\u00a0legal\u00e1bb egy h\u00f3nappal az esem\u00e9ny el\u0151tt legyenek kedvesek felvenni vel\u00fcnk a kapcsolatot, hogy az id\u0151pontot egyeztetni tudjuk minden koll\u00e9g\u00e1nkkal. Szorgalmi id\u0151szakon k\u00edv\u00fcl ( vizsgaid\u0151szak, ny\u00e1risz\u00fcnet ) az \u00e9p\u00fcletek z\u00e1rva vannak a h\u00e9tv\u00e9gi napokon, \u00edgy akkor alumni tal\u00e1lkoz\u00f3 megtart\u00e1s\u00e1ra kiz\u00e1r\u00f3lag h\u00e9tk\u00f6znapokon, nyitvatart\u00e1si id\u0151ben van lehet\u0151s\u00e9g. Meg\u00e9rt\u00e9s\u00fcket megk\u00f6sz\u00f6nve szeretn\u00e9nk t\u00e1j\u00e9koztatni \u00d6n\u00f6ket arr\u00f3l is, hogy \u00fcnnepnapokon az alumni tal\u00e1lkoz\u00f3k megtart\u00e1s\u00e1ra nincs lehet\u0151s\u00e9g.\u00a0<\/p>\n\n\n\n<p>Irod\u00e1nkban (9026, Gy\u0151r, Egyetem t\u00e9r 1., Igazgat\u00e1si \u00e9p\u00fclet 108.) sz\u00edvesen l\u00e1tjuk v\u00e9gzett hallgat\u00f3inkat, \u00e1llunk sz\u00edves rendelkez\u00e9s\u00fcnkre telefonon \u00e9s e-mailben is. Amennyiben b\u00e1rmilyen k\u00e9rd\u00e9se, \u00e9szrev\u00e9tele van, szeretne r\u00e9szt venni alumni tal\u00e1lkoz\u00f3n vagy cikkt\u00e9m\u00e1t javasolna, k\u00e9rem, jelezze az&nbsp;<strong>alumni@sze.hu<\/strong>&nbsp;e-mail-c\u00edmen vagy h\u00e9tk\u00f6znapokon munkaid\u0151ben a&nbsp;<strong>+36 96 503 400\/3158<\/strong>-as telefonsz\u00e1mon.<\/p>\n","protected":false},"excerpt":{"rendered":"<p>Szervezet\u00fcnk \u00f6sszefogja a Sz\u00e9chenyi Istv\u00e1n Egyetemen \u00e9s jogel\u0151d int\u00e9zm\u00e9nyeiben tanult hallgat\u00f3it, s sz\u00e1mukra lehet\u0151s\u00e9get biztos\u00edt kapcsolattart\u00e1sra az egyetemi polg\u00e1rokkal, szakmai karrierj\u00fck \u00e9p\u00edt\u00e9s\u00e9nek t\u00e1mogat\u00e1s\u00e1ra. C\u00e9lunk egy glob\u00e1lis szakmai-k\u00f6z\u00f6ss\u00e9gi h\u00e1l\u00f3zat ki\u00e9p\u00edt\u00e9se, amely &#8230;<\/p>\n","protected":false},"author":1,"featured_media":574,"parent":0,"menu_order":0,"comment_status":"closed","ping_status":"closed","template":"","meta":{"footnotes":""},"yoast_head":"<!-- This site is optimized with the Yoast SEO plugin v17.8 - https:\/\/yoast.com\/wordpress\/plugins\/seo\/ -->\n<title>Alumni tal\u00e1lkoz\u00f3t szervezne? - SZE Alumni \u2013 Sz\u00e9chenyi Istv\u00e1n Egyetem<\/title>\n<meta name=\"robots\" content=\"index, follow, max-snippet:-1, max-image-preview:large, max-video-preview:-1\" \/>\n<link rel=\"canonical\" href=\"https:\/\/alumni.sze.hu\/en\/en\/alumni-talalkozot-szervezne\/\" \/>\n<meta property=\"og:locale\" content=\"hu_HU\" \/>\n<meta property=\"og:type\" content=\"article\" \/>\n<meta property=\"og:title\" content=\"Alumni tal\u00e1lkoz\u00f3t szervezne? - SZE Alumni \u2013 Sz\u00e9chenyi Istv\u00e1n Egyetem\" \/>\n<meta property=\"og:description\" content=\"Szervezet\u00fcnk \u00f6sszefogja a Sz\u00e9chenyi Istv\u00e1n Egyetemen \u00e9s jogel\u0151d int\u00e9zm\u00e9nyeiben tanult hallgat\u00f3it, s sz\u00e1mukra lehet\u0151s\u00e9get biztos\u00edt kapcsolattart\u00e1sra az egyetemi polg\u00e1rokkal, szakmai karrierj\u00fck \u00e9p\u00edt\u00e9s\u00e9nek t\u00e1mogat\u00e1s\u00e1ra. C\u00e9lunk egy glob\u00e1lis szakmai-k\u00f6z\u00f6ss\u00e9gi h\u00e1l\u00f3zat ki\u00e9p\u00edt\u00e9se, amely ...\" \/>\n<meta property=\"og:url\" content=\"https:\/\/alumni.sze.hu\/en\/en\/alumni-talalkozot-szervezne\/\" \/>\n<meta property=\"og:site_name\" content=\"SZE Alumni \u2013 Sz\u00e9chenyi Istv\u00e1n Egyetem\" \/>\n<meta property=\"article:modified_time\" content=\"2023-09-18T08:27:41+00:00\" \/>\n<meta property=\"og:image\" content=\"https:\/\/alumni.sze.hu\/en\/wp-content\/uploads\/2021\/11\/SZE_Alumni_tali_2021_32_Majer_Csaba_Jozsef-2-scaled-e1635862825301.jpg\" \/>\n\t<meta property=\"og:image:width\" content=\"2560\" \/>\n\t<meta property=\"og:image:height\" content=\"704\" \/>\n<meta name=\"twitter:card\" content=\"summary_large_image\" \/>\n<meta name=\"twitter:label1\" content=\"Becs\u00fclt olvas\u00e1si id\u0151\" \/>\n\t<meta name=\"twitter:data1\" content=\"1 perc\" \/>\n<script type=\"application\/ld+json\" class=\"yoast-schema-graph\">{\"@context\":\"https:\/\/schema.org\",\"@graph\":[{\"@type\":\"WebSite\",\"@id\":\"https:\/\/alumni.sze.hu\/en\/#website\",\"url\":\"https:\/\/alumni.sze.hu\/en\/\",\"name\":\"SZE Alumni \\u2013 Sz\\u00e9chenyi Istv\\u00e1n Egyetem\",\"description\":\"SZE Alumni \\u2013 Sz\\u00e9chenyi Istv\\u00e1n Egyetem\",\"potentialAction\":[{\"@type\":\"SearchAction\",\"target\":{\"@type\":\"EntryPoint\",\"urlTemplate\":\"https:\/\/alumni.sze.hu\/en\/?s={search_term_string}\"},\"query-input\":\"required name=search_term_string\"}],\"inLanguage\":\"hu\"},{\"@type\":\"ImageObject\",\"@id\":\"https:\/\/alumni.sze.hu\/en\/en\/alumni-talalkozot-szervezne\/#primaryimage\",\"inLanguage\":\"hu\",\"url\":\"https:\/\/alumni.sze.hu\/en\/wp-content\/uploads\/2021\/11\/SZE_Alumni_tali_2021_32_Majer_Csaba_Jozsef-2-scaled-e1635862825301.jpg\",\"contentUrl\":\"https:\/\/alumni.sze.hu\/en\/wp-content\/uploads\/2021\/11\/SZE_Alumni_tali_2021_32_Majer_Csaba_Jozsef-2-scaled-e1635862825301.jpg\",\"width\":2560,\"height\":704},{\"@type\":\"WebPage\",\"@id\":\"https:\/\/alumni.sze.hu\/en\/en\/alumni-talalkozot-szervezne\/#webpage\",\"url\":\"https:\/\/alumni.sze.hu\/en\/en\/alumni-talalkozot-szervezne\/\",\"name\":\"Alumni tal\\u00e1lkoz\\u00f3t szervezne? - SZE Alumni \\u2013 Sz\\u00e9chenyi Istv\\u00e1n Egyetem\",\"isPartOf\":{\"@id\":\"https:\/\/alumni.sze.hu\/en\/#website\"},\"primaryImageOfPage\":{\"@id\":\"https:\/\/alumni.sze.hu\/en\/en\/alumni-talalkozot-szervezne\/#primaryimage\"},\"datePublished\":\"2021-10-25T11:06:04+00:00\",\"dateModified\":\"2023-09-18T08:27:41+00:00\",\"breadcrumb\":{\"@id\":\"https:\/\/alumni.sze.hu\/en\/en\/alumni-talalkozot-szervezne\/#breadcrumb\"},\"inLanguage\":\"hu\",\"potentialAction\":[{\"@type\":\"ReadAction\",\"target\":[\"https:\/\/alumni.sze.hu\/en\/en\/alumni-talalkozot-szervezne\/\"]}]},{\"@type\":\"BreadcrumbList\",\"@id\":\"https:\/\/alumni.sze.hu\/en\/en\/alumni-talalkozot-szervezne\/#breadcrumb\",\"itemListElement\":[{\"@type\":\"ListItem\",\"position\":1,\"name\":\"Homepage\",\"item\":\"https:\/\/alumni.sze.hu\/en\/\"},{\"@type\":\"ListItem\",\"position\":2,\"name\":\"Alumni tal\\u00e1lkoz\\u00f3t szervezne?\"}]}]}<\/script>\n<!-- \/ Yoast SEO plugin. -->","yoast_head_json":{"title":"Alumni tal\u00e1lkoz\u00f3t szervezne? - SZE Alumni \u2013 Sz\u00e9chenyi Istv\u00e1n Egyetem","robots":{"index":"index","follow":"follow","max-snippet":"max-snippet:-1","max-image-preview":"max-image-preview:large","max-video-preview":"max-video-preview:-1"},"canonical":"https:\/\/alumni.sze.hu\/en\/en\/alumni-talalkozot-szervezne\/","og_locale":"hu_HU","og_type":"article","og_title":"Alumni tal\u00e1lkoz\u00f3t szervezne? - SZE Alumni \u2013 Sz\u00e9chenyi Istv\u00e1n Egyetem","og_description":"Szervezet\u00fcnk \u00f6sszefogja a Sz\u00e9chenyi Istv\u00e1n Egyetemen \u00e9s jogel\u0151d int\u00e9zm\u00e9nyeiben tanult hallgat\u00f3it, s sz\u00e1mukra lehet\u0151s\u00e9get biztos\u00edt kapcsolattart\u00e1sra az egyetemi polg\u00e1rokkal, szakmai karrierj\u00fck \u00e9p\u00edt\u00e9s\u00e9nek t\u00e1mogat\u00e1s\u00e1ra. C\u00e9lunk egy glob\u00e1lis szakmai-k\u00f6z\u00f6ss\u00e9gi h\u00e1l\u00f3zat ki\u00e9p\u00edt\u00e9se, amely ...","og_url":"https:\/\/alumni.sze.hu\/en\/en\/alumni-talalkozot-szervezne\/","og_site_name":"SZE Alumni \u2013 Sz\u00e9chenyi Istv\u00e1n Egyetem","article_modified_time":"2023-09-18T08:27:41+00:00","og_image":[{"width":2560,"height":704,"url":"https:\/\/alumni.sze.hu\/en\/wp-content\/uploads\/2021\/11\/SZE_Alumni_tali_2021_32_Majer_Csaba_Jozsef-2-scaled-e1635862825301.jpg","type":"image\/jpeg"}],"twitter_card":"summary_large_image","twitter_misc":{"Becs\u00fclt olvas\u00e1si id\u0151":"1 perc"},"schema":{"@context":"https:\/\/schema.org","@graph":[{"@type":"WebSite","@id":"https:\/\/alumni.sze.hu\/en\/#website","url":"https:\/\/alumni.sze.hu\/en\/","name":"SZE Alumni \u2013 Sz\u00e9chenyi Istv\u00e1n Egyetem","description":"SZE Alumni \u2013 Sz\u00e9chenyi Istv\u00e1n Egyetem","potentialAction":[{"@type":"SearchAction","target":{"@type":"EntryPoint","urlTemplate":"https:\/\/alumni.sze.hu\/en\/?s={search_term_string}"},"query-input":"required name=search_term_string"}],"inLanguage":"hu"},{"@type":"ImageObject","@id":"https:\/\/alumni.sze.hu\/en\/en\/alumni-talalkozot-szervezne\/#primaryimage","inLanguage":"hu","url":"https:\/\/alumni.sze.hu\/en\/wp-content\/uploads\/2021\/11\/SZE_Alumni_tali_2021_32_Majer_Csaba_Jozsef-2-scaled-e1635862825301.jpg","contentUrl":"https:\/\/alumni.sze.hu\/en\/wp-content\/uploads\/2021\/11\/SZE_Alumni_tali_2021_32_Majer_Csaba_Jozsef-2-scaled-e1635862825301.jpg","width":2560,"height":704},{"@type":"WebPage","@id":"https:\/\/alumni.sze.hu\/en\/en\/alumni-talalkozot-szervezne\/#webpage","url":"https:\/\/alumni.sze.hu\/en\/en\/alumni-talalkozot-szervezne\/","name":"Alumni tal\u00e1lkoz\u00f3t szervezne? - SZE Alumni \u2013 Sz\u00e9chenyi Istv\u00e1n Egyetem","isPartOf":{"@id":"https:\/\/alumni.sze.hu\/en\/#website"},"primaryImageOfPage":{"@id":"https:\/\/alumni.sze.hu\/en\/en\/alumni-talalkozot-szervezne\/#primaryimage"},"datePublished":"2021-10-25T11:06:04+00:00","dateModified":"2023-09-18T08:27:41+00:00","breadcrumb":{"@id":"https:\/\/alumni.sze.hu\/en\/en\/alumni-talalkozot-szervezne\/#breadcrumb"},"inLanguage":"hu","potentialAction":[{"@type":"ReadAction","target":["https:\/\/alumni.sze.hu\/en\/en\/alumni-talalkozot-szervezne\/"]}]},{"@type":"BreadcrumbList","@id":"https:\/\/alumni.sze.hu\/en\/en\/alumni-talalkozot-szervezne\/#breadcrumb","itemListElement":[{"@type":"ListItem","position":1,"name":"Homepage","item":"https:\/\/alumni.sze.hu\/en\/"},{"@type":"ListItem","position":2,"name":"Alumni tal\u00e1lkoz\u00f3t szervezne?"}]}]}},"_links":{"self":[{"href":"https:\/\/alumni.sze.hu\/en\/wp-json\/wp\/v2\/pages\/264"}],"collection":[{"href":"https:\/\/alumni.sze.hu\/en\/wp-json\/wp\/v2\/pages"}],"about":[{"href":"https:\/\/alumni.sze.hu\/en\/wp-json\/wp\/v2\/types\/page"}],"author":[{"embeddable":true,"href":"https:\/\/alumni.sze.hu\/en\/wp-json\/wp\/v2\/users\/1"}],"replies":[{"embeddable":true,"href":"https:\/\/alumni.sze.hu\/en\/wp-json\/wp\/v2\/comments?post=264"}],"version-history":[{"count":9,"href":"https:\/\/alumni.sze.hu\/en\/wp-json\/wp\/v2\/pages\/264\/revisions"}],"predecessor-version":[{"id":6131,"href":"https:\/\/alumni.sze.hu\/en\/wp-json\/wp\/v2\/pages\/264\/revisions\/6131"}],"wp:featuredmedia":[{"embeddable":true,"href":"https:\/\/alumni.sze.hu\/en\/wp-json\/wp\/v2\/media\/574"}],"wp:attachment":[{"href":"https:\/\/alumni.sze.hu\/en\/wp-json\/wp\/v2\/media?parent=264"}],"curies":[{"name":"wp","href":"https:\/\/api.w.org\/{rel}","templated":true}]}}