{"id":254,"date":"2021-10-25T10:36:43","date_gmt":"2021-10-25T10:36:43","guid":{"rendered":"https:\/\/unisrv4.sze.hu\/?page_id=254"},"modified":"2023-10-17T07:01:08","modified_gmt":"2023-10-17T07:01:08","slug":"az-alumni-iroda-tevekenysege","status":"publish","type":"page","link":"https:\/\/alumni.sze.hu\/en\/az-alumni-iroda-tevekenysege\/","title":{"rendered":"Az Alumni Iroda tev\u00e9kenys\u00e9ge"},"content":{"rendered":"\n<p><\/p>\n\n\n\n<p class=\"has-text-align-left has-medium-font-size\"><em>\u201eHa az alma mater a vir\u00e1g, az alumni az illat,<\/em><br><em>\u00e9s ha az alumni a f\u00e1klya, az alma mater a t\u0171z forr\u00e1sa.\u201d<\/em><\/p>\n\n\n\n<p><\/p>\n\n\n\n<p><\/p>\n\n\n\n<p><\/p>\n\n\n\n<p class=\"has-text-align-center\">Tisztelt L\u00e1togat\u00f3!&nbsp;<\/p>\n\n\n\n<p class=\"has-text-align-center\">A Sz\u00e9chenyi Istv\u00e1n Egyetem (SZE) minden alumnit, azaz v\u00e9gzett hallgat\u00f3t, doktoranduszt megbecs\u00fcl. Egykori hallgat\u00f3ink el\u00e9gedetts\u00e9ge \u00e9s alma mater ir\u00e1nti elk\u00f6telezetts\u00e9ge kiemelten fontos int\u00e9zm\u00e9ny\u00fcnk sz\u00e1m\u00e1ra.<\/p>\n\n\n\n<p class=\"has-text-align-center\">Szervezet\u00fcnk f\u0151 c\u00e9lja, hogy a Sz\u00e9chenyi Istv\u00e1n Egyetemen \u00e9s jogel\u0151d int\u00e9zm\u00e9nyeiben tanult hallgat\u00f3it \u00f6sszefogja, \u00e9s sz\u00e1mukra lehet\u0151s\u00e9get biztos\u00edtson a kapcsolattart\u00e1sra az egyetemi polg\u00e1rokkal, szakmai karrierj\u00fck \u00e9p\u00edt\u00e9s\u00e9nek t\u00e1mogat\u00e1s\u00e1ra. Fontosnak tartjuk, hogy folyamatos t\u00e1j\u00e9koztat\u00e1st adjunk az egyetem legfontosabb h\u00edreir\u0151l, fejleszt\u00e9seir\u0151l \u00e9s a tov\u00e1bbtanul\u00e1si lehet\u0151s\u00e9gekr\u0151l, k\u00fcl\u00f6nf\u00e9le \u2013 kiz\u00e1r\u00f3lag a SZE alumni k\u00f6z\u00f6ss\u00e9g tagjait megillet\u0151 \u2013 exkluz\u00edv kedvezm\u00e9nyekr\u0151l. Az alma materben diplom\u00e1t, tudom\u00e1nyos fokozatot szerz\u0151k sz\u00e1m\u00e1ra emellett sz\u00e1mos \u00fczleti \u00e9s laborszolg\u00e1ltat\u00e1s, v\u00e1llalkoz\u00e1sfejleszt\u00e9si p\u00e1ly\u00e1zat \u00e9s rendezv\u00e9ny \u00e9rhet\u0151 el, ez\u00e9rt \u00e9rdemes folyamatosan figyelemmel k\u00eds\u00e9rnie <a rel=\"noreferrer noopener\" href=\"https:\/\/www.facebook.com\/sze.alumni\" target=\"_blank\">SZE Alumni Facebook<\/a>-oldalunkat \u00e9s honlapunkat, az alumni.sze.hu-t is.&nbsp;&nbsp;<\/p>\n\n\n\n<p class=\"has-text-align-center\">Amennyiben b\u00e1rmilyen k\u00e9rd\u00e9se, \u00e9szrev\u00e9tele van vagy cikkt\u00e9m\u00e1t javasolna, k\u00e9rem, jelezze az alumni@sze.hu c\u00edmen. <\/p>\n\n\n\n<p><\/p>\n\n\n\n<p><\/p>\n\n\n\n<p><\/p>\n\n\n\n<p class=\"has-black-color has-light-green-cyan-background-color has-text-color has-background has-normal-font-size\"><strong>Tev\u00e9kenys\u00e9geink<\/strong><\/p>\n\n\n\n<p class=\"has-black-color has-text-color has-normal-font-size\">1<em>. \u00dcgyf\u00e9lfogad\u00e1s, alumni tal\u00e1lkoz\u00f3k<\/em><\/p>\n\n\n\n<p>C\u00e9lunk egy glob\u00e1lis szakmai-k\u00f6z\u00f6ss\u00e9gi h\u00e1l\u00f3zat ki\u00e9p\u00edt\u00e9se, amely \u00f6sszek\u00f6ti az alma mater ir\u00e1nt elk\u00f6telezett \u00f6regdi\u00e1kokat egy akt\u00edv \u00e9s kollaborat\u00edv, oda-vissza hat\u00f3 egy\u00fcttm\u0171k\u00f6d\u00e9sben.<\/p>\n\n\n\n<ul>\n<li>Alumnik sz\u00e1m\u00e1ra tal\u00e1lkoz\u00f3kat szervez\u00fcnk, melyre ig\u00e9ny szerint campus-k\u00f6rbevezet\u00e9ssel \u00e9s el\u0151ad\u00e1ssal k\u00e9sz\u00fcl\u00fcnk v\u00e9gzettjeinknek.<\/li>\n\n\n\n<li>Alumni referens\u00fcnk kiemelten fontosnak tartja a g\u00f6rd\u00fcl\u00e9keny kapcsolattart\u00e1st.<\/li>\n<\/ul>\n\n\n\n<p>Amennyiben b\u00e1rmilyen k\u00e9rd\u00e9se, \u00e9szrev\u00e9tele van, szeretne reszt venni alumni tal\u00e1lkoz\u00f3n vagy cikkt\u00e9m\u00e1t javasolna, k\u00e9rem, jelezze az <strong>alumni@sze.hu<\/strong> c\u00edmen. <\/p>\n\n\n\n<p class=\"has-black-color has-text-color has-normal-font-size\"><em>2. Tartalomk\u00e9sz\u00edt\u00e9s, adatb\u00e1zis-fejleszt\u00e9s&nbsp;<\/em><\/p>\n\n\n\n<p>Tev\u00e9kenys\u00e9g\u00fcnk alapj\u00e1t a folyamatosan b\u0151v\u00fcl\u0151 \u00e9s friss\u00edtett alumni adatb\u00e1zisunk k\u00e9pezi. <\/p>\n\n\n\n<p>Amennyiben cikkt\u00e9m\u00e1t javasolna vagy szeretne feliratkozni a SZE alumni h\u00edrlev\u00e9lre, k\u00e9rem, jelezze az alumni@sze.hu c\u00edmen. <\/p>\n\n\n\n<p class=\"has-black-color has-text-color has-normal-font-size\"><em>3. V\u00e9gz\u0151s csomagok&nbsp;<\/em><\/p>\n\n\n\n<p>A Szolg\u00e1ltat\u00f3 K\u00f6zpont \u00e9s Koll\u00e9gium \u00e1ll\u00edtja \u00f6ssze a v\u00e9gz\u0151s csomagokat, majd gondoskodik az \u00e1tv\u00e9teli lehet\u0151s\u00e9gek biztos\u00edt\u00e1s\u00e1r\u00f3l.&nbsp;<\/p>\n\n\n\n<p>Seg\u00e9dlet a v\u00e9gz\u0151s csomaghoz \u00e9s az el\u0151rendel\u00e9s-aktiv\u00e1l\u00e1shoz <a href=\"https:\/\/oregdiak.sze.hu\/rendelesek\" data-type=\"URL\" data-id=\"https:\/\/oregdiak.sze.hu\/rendelesek\">ITT<\/a> el\u00e9rhet\u0151.<\/p>\n\n\n\n<p><\/p>\n\n\n\n<p>Amennyiben b\u00e1rmilyen k\u00e9rd\u00e9se, \u00e9szrev\u00e9tele van, k\u00e9rem, jelezze az\u00a0<a href=\"mailto:alumni@sze.hu\"><a href=\"mailto:vegzoscsomag@sze.hu\" target=\"_blank\" rel=\"noreferrer noopener\">vegzoscsomag@sze.hu<\/a>\u00a0<\/a>\u00a0c\u00edmen. <\/p>\n\n\n\n<p><\/p>\n\n\n\n<p>\u00dcdv\u00f6zlettel,&nbsp;<\/p>\n\n\n\n<p>Alumni \u00e9s Wellbeing K\u00f6zpont<\/p>\n\n\n\n<p>Sz\u00e9chenyi Istv\u00e1n Egyetem <\/p>\n\n\n\n<p><\/p>\n","protected":false},"excerpt":{"rendered":"<p>\u201eHa az alma mater a vir\u00e1g, az alumni az illat,\u00e9s ha az alumni a f\u00e1klya, az alma mater a t\u0171z forr\u00e1sa.\u201d Tisztelt L\u00e1togat\u00f3!&nbsp; A Sz\u00e9chenyi Istv\u00e1n Egyetem (SZE) minden alumnit, &#8230;<\/p>\n","protected":false},"author":1,"featured_media":375,"parent":0,"menu_order":0,"comment_status":"closed","ping_status":"closed","template":"","meta":{"footnotes":""},"yoast_head":"<!-- This site is optimized with the Yoast SEO plugin v17.8 - https:\/\/yoast.com\/wordpress\/plugins\/seo\/ -->\n<title>Az Alumni Iroda tev\u00e9kenys\u00e9ge - SZE Alumni \u2013 Sz\u00e9chenyi Istv\u00e1n Egyetem<\/title>\n<meta name=\"robots\" content=\"index, follow, max-snippet:-1, max-image-preview:large, max-video-preview:-1\" \/>\n<link rel=\"canonical\" href=\"https:\/\/alumni.sze.hu\/en\/az-alumni-iroda-tevekenysege\/\" \/>\n<meta property=\"og:locale\" content=\"hu_HU\" \/>\n<meta property=\"og:type\" content=\"article\" \/>\n<meta property=\"og:title\" content=\"Az Alumni Iroda tev\u00e9kenys\u00e9ge - SZE Alumni \u2013 Sz\u00e9chenyi Istv\u00e1n Egyetem\" \/>\n<meta property=\"og:description\" content=\"\u201eHa az alma mater a vir\u00e1g, az alumni az illat,\u00e9s ha az alumni a f\u00e1klya, az alma mater a t\u0171z forr\u00e1sa.\u201d Tisztelt L\u00e1togat\u00f3!&nbsp; A Sz\u00e9chenyi Istv\u00e1n Egyetem (SZE) minden alumnit, ...\" \/>\n<meta property=\"og:url\" content=\"https:\/\/alumni.sze.hu\/en\/az-alumni-iroda-tevekenysege\/\" \/>\n<meta property=\"og:site_name\" content=\"SZE Alumni \u2013 Sz\u00e9chenyi Istv\u00e1n Egyetem\" \/>\n<meta property=\"article:modified_time\" content=\"2023-10-17T07:01:08+00:00\" \/>\n<meta property=\"og:image\" content=\"https:\/\/alumni.sze.hu\/en\/wp-content\/uploads\/2021\/10\/nagy10-e1635858566642.jpg\" \/>\n\t<meta property=\"og:image:width\" content=\"550\" \/>\n\t<meta property=\"og:image:height\" content=\"189\" \/>\n<meta name=\"twitter:card\" content=\"summary_large_image\" \/>\n<meta name=\"twitter:label1\" content=\"Becs\u00fclt olvas\u00e1si id\u0151\" \/>\n\t<meta name=\"twitter:data1\" content=\"2 perc\" \/>\n<script type=\"application\/ld+json\" class=\"yoast-schema-graph\">{\"@context\":\"https:\/\/schema.org\",\"@graph\":[{\"@type\":\"WebSite\",\"@id\":\"https:\/\/alumni.sze.hu\/en\/#website\",\"url\":\"https:\/\/alumni.sze.hu\/en\/\",\"name\":\"SZE Alumni \\u2013 Sz\\u00e9chenyi Istv\\u00e1n Egyetem\",\"description\":\"SZE Alumni \\u2013 Sz\\u00e9chenyi Istv\\u00e1n Egyetem\",\"potentialAction\":[{\"@type\":\"SearchAction\",\"target\":{\"@type\":\"EntryPoint\",\"urlTemplate\":\"https:\/\/alumni.sze.hu\/en\/?s={search_term_string}\"},\"query-input\":\"required name=search_term_string\"}],\"inLanguage\":\"hu\"},{\"@type\":\"ImageObject\",\"@id\":\"https:\/\/alumni.sze.hu\/en\/az-alumni-iroda-tevekenysege\/#primaryimage\",\"inLanguage\":\"hu\",\"url\":\"https:\/\/alumni.sze.hu\/en\/wp-content\/uploads\/2021\/10\/nagy10-e1635858566642.jpg\",\"contentUrl\":\"https:\/\/alumni.sze.hu\/en\/wp-content\/uploads\/2021\/10\/nagy10-e1635858566642.jpg\",\"width\":550,\"height\":189},{\"@type\":\"WebPage\",\"@id\":\"https:\/\/alumni.sze.hu\/en\/az-alumni-iroda-tevekenysege\/#webpage\",\"url\":\"https:\/\/alumni.sze.hu\/en\/az-alumni-iroda-tevekenysege\/\",\"name\":\"Az Alumni Iroda tev\\u00e9kenys\\u00e9ge - SZE Alumni \\u2013 Sz\\u00e9chenyi Istv\\u00e1n Egyetem\",\"isPartOf\":{\"@id\":\"https:\/\/alumni.sze.hu\/en\/#website\"},\"primaryImageOfPage\":{\"@id\":\"https:\/\/alumni.sze.hu\/en\/az-alumni-iroda-tevekenysege\/#primaryimage\"},\"datePublished\":\"2021-10-25T10:36:43+00:00\",\"dateModified\":\"2023-10-17T07:01:08+00:00\",\"breadcrumb\":{\"@id\":\"https:\/\/alumni.sze.hu\/en\/az-alumni-iroda-tevekenysege\/#breadcrumb\"},\"inLanguage\":\"hu\",\"potentialAction\":[{\"@type\":\"ReadAction\",\"target\":[\"https:\/\/alumni.sze.hu\/en\/az-alumni-iroda-tevekenysege\/\"]}]},{\"@type\":\"BreadcrumbList\",\"@id\":\"https:\/\/alumni.sze.hu\/en\/az-alumni-iroda-tevekenysege\/#breadcrumb\",\"itemListElement\":[{\"@type\":\"ListItem\",\"position\":1,\"name\":\"Homepage\",\"item\":\"https:\/\/alumni.sze.hu\/en\/\"},{\"@type\":\"ListItem\",\"position\":2,\"name\":\"Az Alumni Iroda tev\\u00e9kenys\\u00e9ge\"}]}]}<\/script>\n<!-- \/ Yoast SEO plugin. -->","yoast_head_json":{"title":"Az Alumni Iroda tev\u00e9kenys\u00e9ge - SZE Alumni \u2013 Sz\u00e9chenyi Istv\u00e1n Egyetem","robots":{"index":"index","follow":"follow","max-snippet":"max-snippet:-1","max-image-preview":"max-image-preview:large","max-video-preview":"max-video-preview:-1"},"canonical":"https:\/\/alumni.sze.hu\/en\/az-alumni-iroda-tevekenysege\/","og_locale":"hu_HU","og_type":"article","og_title":"Az Alumni Iroda tev\u00e9kenys\u00e9ge - SZE Alumni \u2013 Sz\u00e9chenyi Istv\u00e1n Egyetem","og_description":"\u201eHa az alma mater a vir\u00e1g, az alumni az illat,\u00e9s ha az alumni a f\u00e1klya, az alma mater a t\u0171z forr\u00e1sa.\u201d Tisztelt L\u00e1togat\u00f3!&nbsp; A Sz\u00e9chenyi Istv\u00e1n Egyetem (SZE) minden alumnit, ...","og_url":"https:\/\/alumni.sze.hu\/en\/az-alumni-iroda-tevekenysege\/","og_site_name":"SZE Alumni \u2013 Sz\u00e9chenyi Istv\u00e1n Egyetem","article_modified_time":"2023-10-17T07:01:08+00:00","og_image":[{"width":550,"height":189,"url":"https:\/\/alumni.sze.hu\/en\/wp-content\/uploads\/2021\/10\/nagy10-e1635858566642.jpg","type":"image\/jpeg"}],"twitter_card":"summary_large_image","twitter_misc":{"Becs\u00fclt olvas\u00e1si id\u0151":"2 perc"},"schema":{"@context":"https:\/\/schema.org","@graph":[{"@type":"WebSite","@id":"https:\/\/alumni.sze.hu\/en\/#website","url":"https:\/\/alumni.sze.hu\/en\/","name":"SZE Alumni \u2013 Sz\u00e9chenyi Istv\u00e1n Egyetem","description":"SZE Alumni \u2013 Sz\u00e9chenyi Istv\u00e1n Egyetem","potentialAction":[{"@type":"SearchAction","target":{"@type":"EntryPoint","urlTemplate":"https:\/\/alumni.sze.hu\/en\/?s={search_term_string}"},"query-input":"required name=search_term_string"}],"inLanguage":"hu"},{"@type":"ImageObject","@id":"https:\/\/alumni.sze.hu\/en\/az-alumni-iroda-tevekenysege\/#primaryimage","inLanguage":"hu","url":"https:\/\/alumni.sze.hu\/en\/wp-content\/uploads\/2021\/10\/nagy10-e1635858566642.jpg","contentUrl":"https:\/\/alumni.sze.hu\/en\/wp-content\/uploads\/2021\/10\/nagy10-e1635858566642.jpg","width":550,"height":189},{"@type":"WebPage","@id":"https:\/\/alumni.sze.hu\/en\/az-alumni-iroda-tevekenysege\/#webpage","url":"https:\/\/alumni.sze.hu\/en\/az-alumni-iroda-tevekenysege\/","name":"Az Alumni Iroda tev\u00e9kenys\u00e9ge - SZE Alumni \u2013 Sz\u00e9chenyi Istv\u00e1n Egyetem","isPartOf":{"@id":"https:\/\/alumni.sze.hu\/en\/#website"},"primaryImageOfPage":{"@id":"https:\/\/alumni.sze.hu\/en\/az-alumni-iroda-tevekenysege\/#primaryimage"},"datePublished":"2021-10-25T10:36:43+00:00","dateModified":"2023-10-17T07:01:08+00:00","breadcrumb":{"@id":"https:\/\/alumni.sze.hu\/en\/az-alumni-iroda-tevekenysege\/#breadcrumb"},"inLanguage":"hu","potentialAction":[{"@type":"ReadAction","target":["https:\/\/alumni.sze.hu\/en\/az-alumni-iroda-tevekenysege\/"]}]},{"@type":"BreadcrumbList","@id":"https:\/\/alumni.sze.hu\/en\/az-alumni-iroda-tevekenysege\/#breadcrumb","itemListElement":[{"@type":"ListItem","position":1,"name":"Homepage","item":"https:\/\/alumni.sze.hu\/en\/"},{"@type":"ListItem","position":2,"name":"Az Alumni Iroda tev\u00e9kenys\u00e9ge"}]}]}},"_links":{"self":[{"href":"https:\/\/alumni.sze.hu\/en\/wp-json\/wp\/v2\/pages\/254"}],"collection":[{"href":"https:\/\/alumni.sze.hu\/en\/wp-json\/wp\/v2\/pages"}],"about":[{"href":"https:\/\/alumni.sze.hu\/en\/wp-json\/wp\/v2\/types\/page"}],"author":[{"embeddable":true,"href":"https:\/\/alumni.sze.hu\/en\/wp-json\/wp\/v2\/users\/1"}],"replies":[{"embeddable":true,"href":"https:\/\/alumni.sze.hu\/en\/wp-json\/wp\/v2\/comments?post=254"}],"version-history":[{"count":38,"href":"https:\/\/alumni.sze.hu\/en\/wp-json\/wp\/v2\/pages\/254\/revisions"}],"predecessor-version":[{"id":6648,"href":"https:\/\/alumni.sze.hu\/en\/wp-json\/wp\/v2\/pages\/254\/revisions\/6648"}],"wp:featuredmedia":[{"embeddable":true,"href":"https:\/\/alumni.sze.hu\/en\/wp-json\/wp\/v2\/media\/375"}],"wp:attachment":[{"href":"https:\/\/alumni.sze.hu\/en\/wp-json\/wp\/v2\/media?parent=254"}],"curies":[{"name":"wp","href":"https:\/\/api.w.org\/{rel}","templated":true}]}}