{"id":252,"date":"2021-10-25T10:34:14","date_gmt":"2021-10-25T10:34:14","guid":{"rendered":"https:\/\/unisrv4.sze.hu\/?page_id=252"},"modified":"2021-11-04T14:22:54","modified_gmt":"2021-11-04T14:22:54","slug":"mi-az-alumni","status":"publish","type":"page","link":"https:\/\/alumni.sze.hu\/en\/mi-az-alumni\/","title":{"rendered":"Mi az alumni?"},"content":{"rendered":"\n<p>Az alumni sz\u00f3 jelent\u00e9se \u00f6regdi\u00e1k, a latin alumnus (h\u00edmnem), alumna (n\u0151nem) sz\u00f3 t\u00f6bbes sz\u00e1m\u00fa alakja. Nemzetk\u00f6zileg is ismert kifejez\u00e9s mindazokra, akik egy adott iskola v\u00e9gzett di\u00e1kjai.<\/p>\n\n\n\n<p>Minden modern egyetem tev\u00e9kenys\u00e9g\u00e9ben egyre hangs\u00falyosabb szerepet kap, hogy kapcsolatban maradjon alumnijaival. A Sz\u00e9chenyi Istv\u00e1n Egyetem (SZE) valamennyi v\u00e9gzett hallgat\u00f3j\u00e1t, doktorandusz\u00e1t megbecs\u00fcli. Az \u00d6n el\u00e9gedetts\u00e9ge \u00e9s alma mater ir\u00e1nti elk\u00f6telezetts\u00e9ge kiemelten fontos sz\u00e1munkra. B\u00edzunk abban, hogy kapcsolatban marad vel\u00fcnk, \u00f6r\u00f6mmel gondol vissza az itt elt\u00f6lt\u00f6tt id\u0151re, b\u00fcszke, hogy a SZE k\u00f6z\u00f6ss\u00e9g\u00e9hez tartozik, \u00e9s tov\u00e1bb viszi a Sz\u00e9chenyi Istv\u00e1n Egyetem j\u00f3 h\u00edr\u00e9t! <\/p>\n","protected":false},"excerpt":{"rendered":"<p>Az alumni sz\u00f3 jelent\u00e9se \u00f6regdi\u00e1k, a latin alumnus (h\u00edmnem), alumna (n\u0151nem) sz\u00f3 t\u00f6bbes sz\u00e1m\u00fa alakja. Nemzetk\u00f6zileg is ismert kifejez\u00e9s mindazokra, akik egy adott iskola v\u00e9gzett di\u00e1kjai. Minden modern egyetem tev\u00e9kenys\u00e9g\u00e9ben &#8230;<\/p>\n","protected":false},"author":12,"featured_media":555,"parent":0,"menu_order":0,"comment_status":"closed","ping_status":"closed","template":"","meta":{"footnotes":""},"yoast_head":"<!-- This site is optimized with the Yoast SEO plugin v17.8 - https:\/\/yoast.com\/wordpress\/plugins\/seo\/ -->\n<title>Mi az alumni? - SZE Alumni \u2013 Sz\u00e9chenyi Istv\u00e1n Egyetem<\/title>\n<meta name=\"robots\" content=\"index, follow, max-snippet:-1, max-image-preview:large, max-video-preview:-1\" \/>\n<link rel=\"canonical\" href=\"https:\/\/alumni.sze.hu\/en\/mi-az-alumni\/\" \/>\n<meta property=\"og:locale\" content=\"hu_HU\" \/>\n<meta property=\"og:type\" content=\"article\" \/>\n<meta property=\"og:title\" content=\"Mi az alumni? - SZE Alumni \u2013 Sz\u00e9chenyi Istv\u00e1n Egyetem\" \/>\n<meta property=\"og:description\" content=\"Az alumni sz\u00f3 jelent\u00e9se \u00f6regdi\u00e1k, a latin alumnus (h\u00edmnem), alumna (n\u0151nem) sz\u00f3 t\u00f6bbes sz\u00e1m\u00fa alakja. Nemzetk\u00f6zileg is ismert kifejez\u00e9s mindazokra, akik egy adott iskola v\u00e9gzett di\u00e1kjai. Minden modern egyetem tev\u00e9kenys\u00e9g\u00e9ben ...\" \/>\n<meta property=\"og:url\" content=\"https:\/\/alumni.sze.hu\/en\/mi-az-alumni\/\" \/>\n<meta property=\"og:site_name\" content=\"SZE Alumni \u2013 Sz\u00e9chenyi Istv\u00e1n Egyetem\" \/>\n<meta property=\"article:modified_time\" content=\"2021-11-04T14:22:54+00:00\" \/>\n<meta property=\"og:image\" content=\"https:\/\/alumni.sze.hu\/en\/wp-content\/uploads\/2021\/11\/SZE_Alumni_kiadvany_2021_01_Majer_Csaba_Jozsef-e1635859086205.jpg\" \/>\n\t<meta property=\"og:image:width\" content=\"2032\" \/>\n\t<meta property=\"og:image:height\" content=\"528\" \/>\n<meta name=\"twitter:card\" content=\"summary_large_image\" \/>\n<meta name=\"twitter:label1\" content=\"Becs\u00fclt olvas\u00e1si id\u0151\" \/>\n\t<meta name=\"twitter:data1\" content=\"1 perc\" \/>\n<script type=\"application\/ld+json\" class=\"yoast-schema-graph\">{\"@context\":\"https:\/\/schema.org\",\"@graph\":[{\"@type\":\"WebSite\",\"@id\":\"https:\/\/alumni.sze.hu\/en\/#website\",\"url\":\"https:\/\/alumni.sze.hu\/en\/\",\"name\":\"SZE Alumni \\u2013 Sz\\u00e9chenyi Istv\\u00e1n Egyetem\",\"description\":\"SZE Alumni \\u2013 Sz\\u00e9chenyi Istv\\u00e1n Egyetem\",\"potentialAction\":[{\"@type\":\"SearchAction\",\"target\":{\"@type\":\"EntryPoint\",\"urlTemplate\":\"https:\/\/alumni.sze.hu\/en\/?s={search_term_string}\"},\"query-input\":\"required name=search_term_string\"}],\"inLanguage\":\"hu\"},{\"@type\":\"ImageObject\",\"@id\":\"https:\/\/alumni.sze.hu\/en\/mi-az-alumni\/#primaryimage\",\"inLanguage\":\"hu\",\"url\":\"https:\/\/alumni.sze.hu\/en\/wp-content\/uploads\/2021\/11\/SZE_Alumni_kiadvany_2021_01_Majer_Csaba_Jozsef-e1635859086205.jpg\",\"contentUrl\":\"https:\/\/alumni.sze.hu\/en\/wp-content\/uploads\/2021\/11\/SZE_Alumni_kiadvany_2021_01_Majer_Csaba_Jozsef-e1635859086205.jpg\",\"width\":2032,\"height\":528},{\"@type\":\"WebPage\",\"@id\":\"https:\/\/alumni.sze.hu\/en\/mi-az-alumni\/#webpage\",\"url\":\"https:\/\/alumni.sze.hu\/en\/mi-az-alumni\/\",\"name\":\"Mi az alumni? - SZE Alumni \\u2013 Sz\\u00e9chenyi Istv\\u00e1n Egyetem\",\"isPartOf\":{\"@id\":\"https:\/\/alumni.sze.hu\/en\/#website\"},\"primaryImageOfPage\":{\"@id\":\"https:\/\/alumni.sze.hu\/en\/mi-az-alumni\/#primaryimage\"},\"datePublished\":\"2021-10-25T10:34:14+00:00\",\"dateModified\":\"2021-11-04T14:22:54+00:00\",\"breadcrumb\":{\"@id\":\"https:\/\/alumni.sze.hu\/en\/mi-az-alumni\/#breadcrumb\"},\"inLanguage\":\"hu\",\"potentialAction\":[{\"@type\":\"ReadAction\",\"target\":[\"https:\/\/alumni.sze.hu\/en\/mi-az-alumni\/\"]}]},{\"@type\":\"BreadcrumbList\",\"@id\":\"https:\/\/alumni.sze.hu\/en\/mi-az-alumni\/#breadcrumb\",\"itemListElement\":[{\"@type\":\"ListItem\",\"position\":1,\"name\":\"Homepage\",\"item\":\"https:\/\/alumni.sze.hu\/en\/\"},{\"@type\":\"ListItem\",\"position\":2,\"name\":\"Mi az alumni?\"}]}]}<\/script>\n<!-- \/ Yoast SEO plugin. -->","yoast_head_json":{"title":"Mi az alumni? - SZE Alumni \u2013 Sz\u00e9chenyi Istv\u00e1n Egyetem","robots":{"index":"index","follow":"follow","max-snippet":"max-snippet:-1","max-image-preview":"max-image-preview:large","max-video-preview":"max-video-preview:-1"},"canonical":"https:\/\/alumni.sze.hu\/en\/mi-az-alumni\/","og_locale":"hu_HU","og_type":"article","og_title":"Mi az alumni? - SZE Alumni \u2013 Sz\u00e9chenyi Istv\u00e1n Egyetem","og_description":"Az alumni sz\u00f3 jelent\u00e9se \u00f6regdi\u00e1k, a latin alumnus (h\u00edmnem), alumna (n\u0151nem) sz\u00f3 t\u00f6bbes sz\u00e1m\u00fa alakja. Nemzetk\u00f6zileg is ismert kifejez\u00e9s mindazokra, akik egy adott iskola v\u00e9gzett di\u00e1kjai. Minden modern egyetem tev\u00e9kenys\u00e9g\u00e9ben ...","og_url":"https:\/\/alumni.sze.hu\/en\/mi-az-alumni\/","og_site_name":"SZE Alumni \u2013 Sz\u00e9chenyi Istv\u00e1n Egyetem","article_modified_time":"2021-11-04T14:22:54+00:00","og_image":[{"width":2032,"height":528,"url":"https:\/\/alumni.sze.hu\/en\/wp-content\/uploads\/2021\/11\/SZE_Alumni_kiadvany_2021_01_Majer_Csaba_Jozsef-e1635859086205.jpg","type":"image\/jpeg"}],"twitter_card":"summary_large_image","twitter_misc":{"Becs\u00fclt olvas\u00e1si id\u0151":"1 perc"},"schema":{"@context":"https:\/\/schema.org","@graph":[{"@type":"WebSite","@id":"https:\/\/alumni.sze.hu\/en\/#website","url":"https:\/\/alumni.sze.hu\/en\/","name":"SZE Alumni \u2013 Sz\u00e9chenyi Istv\u00e1n Egyetem","description":"SZE Alumni \u2013 Sz\u00e9chenyi Istv\u00e1n Egyetem","potentialAction":[{"@type":"SearchAction","target":{"@type":"EntryPoint","urlTemplate":"https:\/\/alumni.sze.hu\/en\/?s={search_term_string}"},"query-input":"required name=search_term_string"}],"inLanguage":"hu"},{"@type":"ImageObject","@id":"https:\/\/alumni.sze.hu\/en\/mi-az-alumni\/#primaryimage","inLanguage":"hu","url":"https:\/\/alumni.sze.hu\/en\/wp-content\/uploads\/2021\/11\/SZE_Alumni_kiadvany_2021_01_Majer_Csaba_Jozsef-e1635859086205.jpg","contentUrl":"https:\/\/alumni.sze.hu\/en\/wp-content\/uploads\/2021\/11\/SZE_Alumni_kiadvany_2021_01_Majer_Csaba_Jozsef-e1635859086205.jpg","width":2032,"height":528},{"@type":"WebPage","@id":"https:\/\/alumni.sze.hu\/en\/mi-az-alumni\/#webpage","url":"https:\/\/alumni.sze.hu\/en\/mi-az-alumni\/","name":"Mi az alumni? - SZE Alumni \u2013 Sz\u00e9chenyi Istv\u00e1n Egyetem","isPartOf":{"@id":"https:\/\/alumni.sze.hu\/en\/#website"},"primaryImageOfPage":{"@id":"https:\/\/alumni.sze.hu\/en\/mi-az-alumni\/#primaryimage"},"datePublished":"2021-10-25T10:34:14+00:00","dateModified":"2021-11-04T14:22:54+00:00","breadcrumb":{"@id":"https:\/\/alumni.sze.hu\/en\/mi-az-alumni\/#breadcrumb"},"inLanguage":"hu","potentialAction":[{"@type":"ReadAction","target":["https:\/\/alumni.sze.hu\/en\/mi-az-alumni\/"]}]},{"@type":"BreadcrumbList","@id":"https:\/\/alumni.sze.hu\/en\/mi-az-alumni\/#breadcrumb","itemListElement":[{"@type":"ListItem","position":1,"name":"Homepage","item":"https:\/\/alumni.sze.hu\/en\/"},{"@type":"ListItem","position":2,"name":"Mi az alumni?"}]}]}},"_links":{"self":[{"href":"https:\/\/alumni.sze.hu\/en\/wp-json\/wp\/v2\/pages\/252"}],"collection":[{"href":"https:\/\/alumni.sze.hu\/en\/wp-json\/wp\/v2\/pages"}],"about":[{"href":"https:\/\/alumni.sze.hu\/en\/wp-json\/wp\/v2\/types\/page"}],"author":[{"embeddable":true,"href":"https:\/\/alumni.sze.hu\/en\/wp-json\/wp\/v2\/users\/12"}],"replies":[{"embeddable":true,"href":"https:\/\/alumni.sze.hu\/en\/wp-json\/wp\/v2\/comments?post=252"}],"version-history":[{"count":2,"href":"https:\/\/alumni.sze.hu\/en\/wp-json\/wp\/v2\/pages\/252\/revisions"}],"predecessor-version":[{"id":602,"href":"https:\/\/alumni.sze.hu\/en\/wp-json\/wp\/v2\/pages\/252\/revisions\/602"}],"wp:featuredmedia":[{"embeddable":true,"href":"https:\/\/alumni.sze.hu\/en\/wp-json\/wp\/v2\/media\/555"}],"wp:attachment":[{"href":"https:\/\/alumni.sze.hu\/en\/wp-json\/wp\/v2\/media?parent=252"}],"curies":[{"name":"wp","href":"https:\/\/api.w.org\/{rel}","templated":true}]}}