{"id":15,"date":"2021-09-28T17:02:03","date_gmt":"2021-09-28T17:02:03","guid":{"rendered":"https:\/\/unisrv4.sze.hu\/?page_id=15"},"modified":"2024-01-23T14:03:01","modified_gmt":"2024-01-23T14:03:01","slug":"fooldal","status":"publish","type":"page","link":"https:\/\/alumni.sze.hu\/en\/","title":{"rendered":"Home"},"content":{"rendered":"\n<h2 class=\"wp-block-heading has-text-align-center\">EVENTS<\/h2>\n\n\n\n<div class=\"wp-block-columns is-layout-flex wp-container-7 wp-block-columns-is-layout-flex\">\n<div class=\"wp-block-column is-layout-flow wp-block-column-is-layout-flow\">\n<div class=\"wp-block-group is-vertical is-layout-flex wp-container-1 wp-block-group-is-layout-flex\">\n<p><em>12 December 2023<\/em><\/p>\n\n\n\n<figure class=\"wp-block-image size-full\"><a href=\"https:\/\/admissions.sze.hu\/human-rights-at-the-centre-of-panel-discussion-at-szechenyi-istvan-university\"><img decoding=\"async\" src=\"https:\/\/alumni.sze.hu\/wp-content\/uploads\/2024\/01\/Bikk-dec-12-1024x683.jpg\" alt=\"\" class=\"niceimg\" style=\"aspect-ratio:16\/9;object-fit:cover\"\/><\/a><\/figure>\n\n\n\n<p class=\"has-medium-font-size\"><a href=\"https:\/\/admissions.sze.hu\/human-rights-at-the-centre-of-panel-discussion-at-szechenyi-istvan-university\">Panel discussion of &#8222;Human Rights &#8211; Universal, Sustainable&#8221;<\/a><\/p>\n<\/div>\n<\/div>\n\n\n\n<div class=\"wp-block-column is-layout-flow wp-block-column-is-layout-flow\">\n<div class=\"wp-block-group is-vertical is-layout-flex wp-container-3 wp-block-group-is-layout-flex\">\n<p><em>8 November 2023<\/em><\/p>\n\n\n\n<figure class=\"wp-block-image size-full\"><a href=\"https:\/\/admissions.sze.hu\/women-in-scientific-careers-a-mini-conference-organized-by-szechenyi-istvan-university\"><img decoding=\"async\" src=\"https:\/\/alumni.sze.hu\/en\/wp-content\/uploads\/2023\/11\/Kep136.jpg\" alt=\"\" class=\"niceimg\" style=\"aspect-ratio:16\/9;object-fit:cover\"\/><\/a><\/figure>\n\n\n\n<p class=\"has-medium-font-size\"><a href=\"https:\/\/admissions.sze.hu\/women-in-scientific-careers-a-mini-conference-organized-by-szechenyi-istvan-university\">Science Diplomacy Fostering Global Resilience (World Day of Science for Peace and Development)<\/a><\/p>\n<\/div>\n<\/div>\n\n\n\n<div class=\"wp-block-column is-layout-flow wp-block-column-is-layout-flow\">\n<div class=\"wp-block-group is-vertical is-layout-flex wp-container-5 wp-block-group-is-layout-flex\">\n<p><em>11 October 2023<\/em><\/p>\n\n\n\n<figure class=\"wp-block-image size-large\"><a href=\"https:\/\/admissions.sze.hu\/sze-s-international-students-and-former-doctoral-student-deliver-video-message\"><img decoding=\"async\" src=\"https:\/\/alumni.sze.hu\/en\/wp-content\/uploads\/2023\/11\/kep_2023-11-21_113452690-1024x576.png\" alt=\"\" class=\"niceimg\" style=\"aspect-ratio:16\/9;object-fit:cover\"\/><\/a><\/figure>\n\n\n\n<p class=\"has-medium-font-size\"><a href=\"https:\/\/admissions.sze.hu\/sze-s-international-students-and-former-doctoral-student-deliver-video-message\">Videomessage marking the International Day of the Girl Child<\/a><\/p>\n<\/div>\n<\/div>\n<\/div>\n","protected":false},"excerpt":{"rendered":"<p>EVENTS 12 December 2023 Panel discussion of &#8222;Human Rights &#8211; Universal, Sustainable&#8221; 8 November 2023 Science Diplomacy Fostering Global Resilience (World Day of Science for Peace and Development) 11 October &#8230;<\/p>\n","protected":false},"author":1,"featured_media":0,"parent":0,"menu_order":0,"comment_status":"closed","ping_status":"closed","template":"template-frontpage.php","meta":{"footnotes":""},"yoast_head":"<!-- This site is optimized with the Yoast SEO plugin v17.8 - https:\/\/yoast.com\/wordpress\/plugins\/seo\/ -->\n<title>Home - SZE Alumni \u2013 Sz\u00e9chenyi Istv\u00e1n Egyetem<\/title>\n<meta name=\"robots\" content=\"index, follow, max-snippet:-1, max-image-preview:large, max-video-preview:-1\" \/>\n<link rel=\"canonical\" href=\"https:\/\/alumni.sze.hu\/en\/\" \/>\n<meta property=\"og:locale\" content=\"hu_HU\" \/>\n<meta property=\"og:type\" content=\"article\" \/>\n<meta property=\"og:title\" content=\"Home - SZE Alumni \u2013 Sz\u00e9chenyi Istv\u00e1n Egyetem\" \/>\n<meta property=\"og:description\" content=\"EVENTS 12 December 2023 Panel discussion of &#8222;Human Rights &#8211; Universal, Sustainable&#8221; 8 November 2023 Science Diplomacy Fostering Global Resilience (World Day of Science for Peace and Development) 11 October ...\" \/>\n<meta property=\"og:url\" content=\"https:\/\/alumni.sze.hu\/en\/\" \/>\n<meta property=\"og:site_name\" content=\"SZE Alumni \u2013 Sz\u00e9chenyi Istv\u00e1n Egyetem\" \/>\n<meta property=\"article:modified_time\" content=\"2024-01-23T14:03:01+00:00\" \/>\n<meta property=\"og:image\" content=\"https:\/\/alumni.sze.hu\/wp-content\/uploads\/2024\/01\/Bikk-dec-12-1024x683.jpg\" \/>\n<meta name=\"twitter:card\" content=\"summary_large_image\" \/>\n<meta name=\"twitter:label1\" content=\"Becs\u00fclt olvas\u00e1si id\u0151\" \/>\n\t<meta name=\"twitter:data1\" content=\"1 perc\" \/>\n<script type=\"application\/ld+json\" class=\"yoast-schema-graph\">{\"@context\":\"https:\/\/schema.org\",\"@graph\":[{\"@type\":\"WebSite\",\"@id\":\"https:\/\/alumni.sze.hu\/en\/#website\",\"url\":\"https:\/\/alumni.sze.hu\/en\/\",\"name\":\"SZE Alumni \\u2013 Sz\\u00e9chenyi Istv\\u00e1n Egyetem\",\"description\":\"SZE Alumni \\u2013 Sz\\u00e9chenyi Istv\\u00e1n Egyetem\",\"potentialAction\":[{\"@type\":\"SearchAction\",\"target\":{\"@type\":\"EntryPoint\",\"urlTemplate\":\"https:\/\/alumni.sze.hu\/en\/?s={search_term_string}\"},\"query-input\":\"required name=search_term_string\"}],\"inLanguage\":\"hu\"},{\"@type\":\"ImageObject\",\"@id\":\"https:\/\/alumni.sze.hu\/en\/#primaryimage\",\"inLanguage\":\"hu\",\"url\":\"https:\/\/alumni.sze.hu\/wp-content\/uploads\/2024\/01\/Bikk-dec-12-1024x683.jpg\",\"contentUrl\":\"https:\/\/alumni.sze.hu\/wp-content\/uploads\/2024\/01\/Bikk-dec-12-1024x683.jpg\"},{\"@type\":\"WebPage\",\"@id\":\"https:\/\/alumni.sze.hu\/en\/#webpage\",\"url\":\"https:\/\/alumni.sze.hu\/en\/\",\"name\":\"Home - SZE Alumni \\u2013 Sz\\u00e9chenyi Istv\\u00e1n Egyetem\",\"isPartOf\":{\"@id\":\"https:\/\/alumni.sze.hu\/en\/#website\"},\"primaryImageOfPage\":{\"@id\":\"https:\/\/alumni.sze.hu\/en\/#primaryimage\"},\"datePublished\":\"2021-09-28T17:02:03+00:00\",\"dateModified\":\"2024-01-23T14:03:01+00:00\",\"breadcrumb\":{\"@id\":\"https:\/\/alumni.sze.hu\/en\/#breadcrumb\"},\"inLanguage\":\"hu\",\"potentialAction\":[{\"@type\":\"ReadAction\",\"target\":[\"https:\/\/alumni.sze.hu\/en\/\"]}]},{\"@type\":\"BreadcrumbList\",\"@id\":\"https:\/\/alumni.sze.hu\/en\/#breadcrumb\",\"itemListElement\":[{\"@type\":\"ListItem\",\"position\":1,\"name\":\"Homepage\",\"item\":\"https:\/\/alumni.sze.hu\/en\/\"},{\"@type\":\"ListItem\",\"position\":2,\"name\":\"Home\"}]}]}<\/script>\n<!-- \/ Yoast SEO plugin. -->","yoast_head_json":{"title":"Home - SZE Alumni \u2013 Sz\u00e9chenyi Istv\u00e1n Egyetem","robots":{"index":"index","follow":"follow","max-snippet":"max-snippet:-1","max-image-preview":"max-image-preview:large","max-video-preview":"max-video-preview:-1"},"canonical":"https:\/\/alumni.sze.hu\/en\/","og_locale":"hu_HU","og_type":"article","og_title":"Home - SZE Alumni \u2013 Sz\u00e9chenyi Istv\u00e1n Egyetem","og_description":"EVENTS 12 December 2023 Panel discussion of &#8222;Human Rights &#8211; Universal, Sustainable&#8221; 8 November 2023 Science Diplomacy Fostering Global Resilience (World Day of Science for Peace and Development) 11 October ...","og_url":"https:\/\/alumni.sze.hu\/en\/","og_site_name":"SZE Alumni \u2013 Sz\u00e9chenyi Istv\u00e1n Egyetem","article_modified_time":"2024-01-23T14:03:01+00:00","og_image":[{"url":"https:\/\/alumni.sze.hu\/wp-content\/uploads\/2024\/01\/Bikk-dec-12-1024x683.jpg"}],"twitter_card":"summary_large_image","twitter_misc":{"Becs\u00fclt olvas\u00e1si id\u0151":"1 perc"},"schema":{"@context":"https:\/\/schema.org","@graph":[{"@type":"WebSite","@id":"https:\/\/alumni.sze.hu\/en\/#website","url":"https:\/\/alumni.sze.hu\/en\/","name":"SZE Alumni \u2013 Sz\u00e9chenyi Istv\u00e1n Egyetem","description":"SZE Alumni \u2013 Sz\u00e9chenyi Istv\u00e1n Egyetem","potentialAction":[{"@type":"SearchAction","target":{"@type":"EntryPoint","urlTemplate":"https:\/\/alumni.sze.hu\/en\/?s={search_term_string}"},"query-input":"required name=search_term_string"}],"inLanguage":"hu"},{"@type":"ImageObject","@id":"https:\/\/alumni.sze.hu\/en\/#primaryimage","inLanguage":"hu","url":"https:\/\/alumni.sze.hu\/wp-content\/uploads\/2024\/01\/Bikk-dec-12-1024x683.jpg","contentUrl":"https:\/\/alumni.sze.hu\/wp-content\/uploads\/2024\/01\/Bikk-dec-12-1024x683.jpg"},{"@type":"WebPage","@id":"https:\/\/alumni.sze.hu\/en\/#webpage","url":"https:\/\/alumni.sze.hu\/en\/","name":"Home - SZE Alumni \u2013 Sz\u00e9chenyi Istv\u00e1n Egyetem","isPartOf":{"@id":"https:\/\/alumni.sze.hu\/en\/#website"},"primaryImageOfPage":{"@id":"https:\/\/alumni.sze.hu\/en\/#primaryimage"},"datePublished":"2021-09-28T17:02:03+00:00","dateModified":"2024-01-23T14:03:01+00:00","breadcrumb":{"@id":"https:\/\/alumni.sze.hu\/en\/#breadcrumb"},"inLanguage":"hu","potentialAction":[{"@type":"ReadAction","target":["https:\/\/alumni.sze.hu\/en\/"]}]},{"@type":"BreadcrumbList","@id":"https:\/\/alumni.sze.hu\/en\/#breadcrumb","itemListElement":[{"@type":"ListItem","position":1,"name":"Homepage","item":"https:\/\/alumni.sze.hu\/en\/"},{"@type":"ListItem","position":2,"name":"Home"}]}]}},"_links":{"self":[{"href":"https:\/\/alumni.sze.hu\/en\/wp-json\/wp\/v2\/pages\/15"}],"collection":[{"href":"https:\/\/alumni.sze.hu\/en\/wp-json\/wp\/v2\/pages"}],"about":[{"href":"https:\/\/alumni.sze.hu\/en\/wp-json\/wp\/v2\/types\/page"}],"author":[{"embeddable":true,"href":"https:\/\/alumni.sze.hu\/en\/wp-json\/wp\/v2\/users\/1"}],"replies":[{"embeddable":true,"href":"https:\/\/alumni.sze.hu\/en\/wp-json\/wp\/v2\/comments?post=15"}],"version-history":[{"count":61,"href":"https:\/\/alumni.sze.hu\/en\/wp-json\/wp\/v2\/pages\/15\/revisions"}],"predecessor-version":[{"id":7530,"href":"https:\/\/alumni.sze.hu\/en\/wp-json\/wp\/v2\/pages\/15\/revisions\/7530"}],"wp:attachment":[{"href":"https:\/\/alumni.sze.hu\/en\/wp-json\/wp\/v2\/media?parent=15"}],"curies":[{"name":"wp","href":"https:\/\/api.w.org\/{rel}","templated":true}]}}